{"id":5277,"date":"2019-03-26T13:15:20","date_gmt":"2019-03-26T12:15:20","guid":{"rendered":"https:\/\/eneria.pl\/product\/747-847-bkw\/"},"modified":"2019-07-09T15:29:13","modified_gmt":"2019-07-09T13:29:13","slug":"747-847-bkw","status":"publish","type":"product","link":"https:\/\/eneria.pl\/en\/product\/747-847-bkw\/","title":{"rendered":"747-847 bkW"},"content":{"rendered":"<div class=\"mceContentBody mceFrontEnd \"><p>Okr\u0119towy silnik nap\u0119dowy C18 ACERT jest dost\u0119pny w wersjach przeznaczonych do zastosowa\u0144 rekreacyjnych, kt\u00f3re spe\u0142niaj\u0105 wymagania norm EPA Tier 3, IMO II i Stage IIIA (UE) dotycz\u0105cych emisji spalin. W konstrukcji tego silnika okr\u0119towego wykorzystano innowacje zapewniaj\u0105ce maksymalne korzy\u015bci pod wzgl\u0119dem g\u0119sto\u015bci mocy, sprawno\u015bci, czysto\u015bci spalin i oszcz\u0119dnego zu\u017cycia paliwa. Silnik jest wyposa\u017cony w uk\u0142ad monitorowania i r\u00f3\u017cnego rodzaju zabezpieczenia, a przy tym jest zgodny z wy\u015bwietlaczem Cat oraz z okr\u0119towymi uk\u0142adami sterowania. Wraz z silnikiem klienci otrzymuj\u0105 niezr\u00f3wnane wsparcie og\u00f3lno\u015bwiatowej sieci dealer\u00f3w Cat oraz setek autoryzowanych plac\u00f3wek dealer\u00f3w wyposa\u017cenia okr\u0119towego. Dzi\u0119ki po\u0142\u0105czeniu ich do\u015bwiadczenia i wiedzy, oferowanych produkt\u00f3w i us\u0142ug oraz wsparcia u\u017cytkowanie statk\u00f3w rekreacyjnych jest czyst\u0105 przyjemno\u015bci\u0105.<\/p>\n<\/div>","protected":false},"featured_media":3185,"template":"","meta":{"_acf_changed":false,"footnotes":""},"class_list":["post-5277","product","type-product","status-publish","has-post-thumbnail","hentry","product_category-morskie-silniki-en"],"acf":[],"yoast_head":"<!-- This site is optimized with the Yoast SEO plugin v26.7 - https:\/\/yoast.com\/wordpress\/plugins\/seo\/ -->\n<title>747-847 bkW - Eneria<\/title>\n<meta name=\"robots\" content=\"index, follow, max-snippet:-1, max-image-preview:large, max-video-preview:-1\" \/>\n<link rel=\"canonical\" href=\"https:\/\/eneria.pl\/en\/product\/747-847-bkw\/\" \/>\n<meta property=\"og:locale\" content=\"en_US\" \/>\n<meta property=\"og:type\" content=\"article\" \/>\n<meta property=\"og:title\" content=\"747-847 bkW - Eneria\" \/>\n<meta property=\"og:description\" content=\"Okr\u0119towy silnik nap\u0119dowy C18 ACERT jest dost\u0119pny w wersjach przeznaczonych do zastosowa\u0144 rekreacyjnych, kt\u00f3re spe\u0142niaj\u0105 wymagania norm EPA Tier 3, IMO II i Stage IIIA (UE) dotycz\u0105cych emisji spalin. W konstrukcji tego silnika [&hellip;]\" \/>\n<meta property=\"og:url\" content=\"https:\/\/eneria.pl\/en\/product\/747-847-bkw\/\" \/>\n<meta property=\"og:site_name\" content=\"Eneria\" \/>\n<meta property=\"article:modified_time\" content=\"2019-07-09T13:29:13+00:00\" \/>\n<meta property=\"og:image\" content=\"https:\/\/eneria.pl\/wp-content\/uploads\/2019\/03\/C18-ACERT-TIER-3-DO-STATK\u00d3W-REKREACYJNYCH-WYSOKOWYDAJNY.jpg\" \/>\n\t<meta property=\"og:image:width\" content=\"712\" \/>\n\t<meta property=\"og:image:height\" content=\"534\" \/>\n\t<meta property=\"og:image:type\" content=\"image\/jpeg\" \/>\n<meta name=\"twitter:card\" content=\"summary_large_image\" \/>\n<meta name=\"twitter:label1\" content=\"Est. reading time\" \/>\n\t<meta name=\"twitter:data1\" content=\"1 minute\" \/>\n<script type=\"application\/ld+json\" class=\"yoast-schema-graph\">{\"@context\":\"https:\/\/schema.org\",\"@graph\":[{\"@type\":\"WebPage\",\"@id\":\"https:\/\/eneria.pl\/en\/product\/747-847-bkw\/\",\"url\":\"https:\/\/eneria.pl\/en\/product\/747-847-bkw\/\",\"name\":\"747-847 bkW - Eneria\",\"isPartOf\":{\"@id\":\"https:\/\/eneria.pl\/#website\"},\"primaryImageOfPage\":{\"@id\":\"https:\/\/eneria.pl\/en\/product\/747-847-bkw\/#primaryimage\"},\"image\":{\"@id\":\"https:\/\/eneria.pl\/en\/product\/747-847-bkw\/#primaryimage\"},\"thumbnailUrl\":\"https:\/\/eneria.pl\/wp-content\/uploads\/2019\/03\/C18-ACERT-TIER-3-DO-STATK\u00d3W-REKREACYJNYCH-WYSOKOWYDAJNY.jpg\",\"datePublished\":\"2019-03-26T12:15:20+00:00\",\"dateModified\":\"2019-07-09T13:29:13+00:00\",\"breadcrumb\":{\"@id\":\"https:\/\/eneria.pl\/en\/product\/747-847-bkw\/#breadcrumb\"},\"inLanguage\":\"en-US\",\"potentialAction\":[{\"@type\":\"ReadAction\",\"target\":[\"https:\/\/eneria.pl\/en\/product\/747-847-bkw\/\"]}]},{\"@type\":\"ImageObject\",\"inLanguage\":\"en-US\",\"@id\":\"https:\/\/eneria.pl\/en\/product\/747-847-bkw\/#primaryimage\",\"url\":\"https:\/\/eneria.pl\/wp-content\/uploads\/2019\/03\/C18-ACERT-TIER-3-DO-STATK\u00d3W-REKREACYJNYCH-WYSOKOWYDAJNY.jpg\",\"contentUrl\":\"https:\/\/eneria.pl\/wp-content\/uploads\/2019\/03\/C18-ACERT-TIER-3-DO-STATK\u00d3W-REKREACYJNYCH-WYSOKOWYDAJNY.jpg\",\"width\":712,\"height\":534,\"caption\":\"okr\u0119towy silnik\"},{\"@type\":\"BreadcrumbList\",\"@id\":\"https:\/\/eneria.pl\/en\/product\/747-847-bkw\/#breadcrumb\",\"itemListElement\":[{\"@type\":\"ListItem\",\"position\":1,\"name\":\"Home\",\"item\":\"https:\/\/eneria.pl\/en\/\"},{\"@type\":\"ListItem\",\"position\":2,\"name\":\"747-847 bkW\"}]},{\"@type\":\"WebSite\",\"@id\":\"https:\/\/eneria.pl\/#website\",\"url\":\"https:\/\/eneria.pl\/\",\"name\":\"Eneria\",\"description\":\"Eneria\",\"potentialAction\":[{\"@type\":\"SearchAction\",\"target\":{\"@type\":\"EntryPoint\",\"urlTemplate\":\"https:\/\/eneria.pl\/?s={search_term_string}\"},\"query-input\":{\"@type\":\"PropertyValueSpecification\",\"valueRequired\":true,\"valueName\":\"search_term_string\"}}],\"inLanguage\":\"en-US\"}]}<\/script>\n<!-- \/ Yoast SEO plugin. -->","yoast_head_json":{"title":"747-847 bkW - Eneria","robots":{"index":"index","follow":"follow","max-snippet":"max-snippet:-1","max-image-preview":"max-image-preview:large","max-video-preview":"max-video-preview:-1"},"canonical":"https:\/\/eneria.pl\/en\/product\/747-847-bkw\/","og_locale":"en_US","og_type":"article","og_title":"747-847 bkW - Eneria","og_description":"Okr\u0119towy silnik nap\u0119dowy C18 ACERT jest dost\u0119pny w wersjach przeznaczonych do zastosowa\u0144 rekreacyjnych, kt\u00f3re spe\u0142niaj\u0105 wymagania norm EPA Tier 3, IMO II i Stage IIIA (UE) dotycz\u0105cych emisji spalin. W konstrukcji tego silnika [&hellip;]","og_url":"https:\/\/eneria.pl\/en\/product\/747-847-bkw\/","og_site_name":"Eneria","article_modified_time":"2019-07-09T13:29:13+00:00","og_image":[{"width":712,"height":534,"url":"https:\/\/eneria.pl\/wp-content\/uploads\/2019\/03\/C18-ACERT-TIER-3-DO-STATK\u00d3W-REKREACYJNYCH-WYSOKOWYDAJNY.jpg","type":"image\/jpeg"}],"twitter_card":"summary_large_image","twitter_misc":{"Est. reading time":"1 minute"},"schema":{"@context":"https:\/\/schema.org","@graph":[{"@type":"WebPage","@id":"https:\/\/eneria.pl\/en\/product\/747-847-bkw\/","url":"https:\/\/eneria.pl\/en\/product\/747-847-bkw\/","name":"747-847 bkW - Eneria","isPartOf":{"@id":"https:\/\/eneria.pl\/#website"},"primaryImageOfPage":{"@id":"https:\/\/eneria.pl\/en\/product\/747-847-bkw\/#primaryimage"},"image":{"@id":"https:\/\/eneria.pl\/en\/product\/747-847-bkw\/#primaryimage"},"thumbnailUrl":"https:\/\/eneria.pl\/wp-content\/uploads\/2019\/03\/C18-ACERT-TIER-3-DO-STATK\u00d3W-REKREACYJNYCH-WYSOKOWYDAJNY.jpg","datePublished":"2019-03-26T12:15:20+00:00","dateModified":"2019-07-09T13:29:13+00:00","breadcrumb":{"@id":"https:\/\/eneria.pl\/en\/product\/747-847-bkw\/#breadcrumb"},"inLanguage":"en-US","potentialAction":[{"@type":"ReadAction","target":["https:\/\/eneria.pl\/en\/product\/747-847-bkw\/"]}]},{"@type":"ImageObject","inLanguage":"en-US","@id":"https:\/\/eneria.pl\/en\/product\/747-847-bkw\/#primaryimage","url":"https:\/\/eneria.pl\/wp-content\/uploads\/2019\/03\/C18-ACERT-TIER-3-DO-STATK\u00d3W-REKREACYJNYCH-WYSOKOWYDAJNY.jpg","contentUrl":"https:\/\/eneria.pl\/wp-content\/uploads\/2019\/03\/C18-ACERT-TIER-3-DO-STATK\u00d3W-REKREACYJNYCH-WYSOKOWYDAJNY.jpg","width":712,"height":534,"caption":"okr\u0119towy silnik"},{"@type":"BreadcrumbList","@id":"https:\/\/eneria.pl\/en\/product\/747-847-bkw\/#breadcrumb","itemListElement":[{"@type":"ListItem","position":1,"name":"Home","item":"https:\/\/eneria.pl\/en\/"},{"@type":"ListItem","position":2,"name":"747-847 bkW"}]},{"@type":"WebSite","@id":"https:\/\/eneria.pl\/#website","url":"https:\/\/eneria.pl\/","name":"Eneria","description":"Eneria","potentialAction":[{"@type":"SearchAction","target":{"@type":"EntryPoint","urlTemplate":"https:\/\/eneria.pl\/?s={search_term_string}"},"query-input":{"@type":"PropertyValueSpecification","valueRequired":true,"valueName":"search_term_string"}}],"inLanguage":"en-US"}]}},"_links":{"self":[{"href":"https:\/\/eneria.pl\/en\/wp-json\/wp\/v2\/product\/5277","targetHints":{"allow":["GET"]}}],"collection":[{"href":"https:\/\/eneria.pl\/en\/wp-json\/wp\/v2\/product"}],"about":[{"href":"https:\/\/eneria.pl\/en\/wp-json\/wp\/v2\/types\/product"}],"version-history":[{"count":1,"href":"https:\/\/eneria.pl\/en\/wp-json\/wp\/v2\/product\/5277\/revisions"}],"predecessor-version":[{"id":5338,"href":"https:\/\/eneria.pl\/en\/wp-json\/wp\/v2\/product\/5277\/revisions\/5338"}],"wp:featuredmedia":[{"embeddable":true,"href":"https:\/\/eneria.pl\/en\/wp-json\/wp\/v2\/media\/3185"}],"wp:attachment":[{"href":"https:\/\/eneria.pl\/en\/wp-json\/wp\/v2\/media?parent=5277"}],"curies":[{"name":"wp","href":"https:\/\/api.w.org\/{rel}","templated":true}]}}