{"id":5235,"date":"2019-03-12T11:16:48","date_gmt":"2019-03-12T10:16:48","guid":{"rendered":"https:\/\/eneria.pl\/product\/590-944-bkw\/"},"modified":"2019-07-18T15:42:22","modified_gmt":"2019-07-18T13:42:22","slug":"590-944-bkw","status":"publish","type":"product","link":"https:\/\/eneria.pl\/en\/product\/590-944-bkw\/","title":{"rendered":"590 &#8211; 944 bkW"},"content":{"rendered":"<div class=\"mceContentBody mceFrontEnd \"><p><span style=\"display: inline !important; float: none; background-color: transparent; color: #212529; cursor: text; font-family: 'Roboto',sans-serif; font-size: 20px; font-style: normal; font-variant: normal; font-weight: 300; letter-spacing: normal; orphans: 2; text-align: left; text-decoration: none; text-indent: 0px; text-transform: none; -webkit-text-stroke-width: 0px; white-space: normal; word-spacing: 0px;\">Silniki pomocnicze marki Caterpillar<\/span><sup><i>\u00ae<\/i><\/sup><span style=\"display: inline !important; float: none; background-color: transparent; color: #212529; cursor: text; font-family: 'Roboto',sans-serif; font-size: 20px; font-style: normal; font-variant: normal; font-weight: 300; letter-spacing: normal; orphans: 2; text-align: left; text-decoration: none; text-indent: 0px; text-transform: none; -webkit-text-stroke-width: 0px; white-space: normal; word-spacing: 0px;\"> to najlepszy wyb\u00f3r jako \u017ar\u00f3d\u0142o nap\u0119du pomp, pr\u0105dnic oraz innych, specjalistycznych urz\u0105dze\u0144 okr\u0119towych.<\/span><\/p>\n<\/div>","protected":false},"featured_media":2664,"template":"","meta":{"_acf_changed":false,"footnotes":""},"class_list":["post-5235","product","type-product","status-publish","has-post-thumbnail","hentry","product_category-morskie-silniki-en"],"acf":[],"yoast_head":"<!-- This site is optimized with the Yoast SEO plugin v26.7 - https:\/\/yoast.com\/wordpress\/plugins\/seo\/ -->\n<title>590 - 944 bkW - Eneria<\/title>\n<meta name=\"robots\" content=\"index, follow, max-snippet:-1, max-image-preview:large, max-video-preview:-1\" \/>\n<link rel=\"canonical\" href=\"https:\/\/eneria.pl\/en\/product\/590-944-bkw\/\" \/>\n<meta property=\"og:locale\" content=\"en_US\" \/>\n<meta property=\"og:type\" content=\"article\" \/>\n<meta property=\"og:title\" content=\"590 - 944 bkW - Eneria\" \/>\n<meta property=\"og:description\" content=\"Silniki pomocnicze marki Caterpillar\u00ae to najlepszy wyb\u00f3r jako \u017ar\u00f3d\u0142o nap\u0119du pomp, pr\u0105dnic oraz innych, specjalistycznych urz\u0105dze\u0144 okr\u0119towych.\" \/>\n<meta property=\"og:url\" content=\"https:\/\/eneria.pl\/en\/product\/590-944-bkw\/\" \/>\n<meta property=\"og:site_name\" content=\"Eneria\" \/>\n<meta property=\"article:modified_time\" content=\"2019-07-18T13:42:22+00:00\" \/>\n<meta property=\"og:image\" content=\"https:\/\/eneria.pl\/wp-content\/uploads\/2019\/03\/C32-IMO-II-propultion.jpg\" \/>\n\t<meta property=\"og:image:width\" content=\"1080\" \/>\n\t<meta property=\"og:image:height\" content=\"720\" \/>\n\t<meta property=\"og:image:type\" content=\"image\/jpeg\" \/>\n<meta name=\"twitter:card\" content=\"summary_large_image\" \/>\n<script type=\"application\/ld+json\" class=\"yoast-schema-graph\">{\"@context\":\"https:\/\/schema.org\",\"@graph\":[{\"@type\":\"WebPage\",\"@id\":\"https:\/\/eneria.pl\/en\/product\/590-944-bkw\/\",\"url\":\"https:\/\/eneria.pl\/en\/product\/590-944-bkw\/\",\"name\":\"590 - 944 bkW - Eneria\",\"isPartOf\":{\"@id\":\"https:\/\/eneria.pl\/#website\"},\"primaryImageOfPage\":{\"@id\":\"https:\/\/eneria.pl\/en\/product\/590-944-bkw\/#primaryimage\"},\"image\":{\"@id\":\"https:\/\/eneria.pl\/en\/product\/590-944-bkw\/#primaryimage\"},\"thumbnailUrl\":\"https:\/\/eneria.pl\/wp-content\/uploads\/2019\/03\/C32-IMO-II-propultion.jpg\",\"datePublished\":\"2019-03-12T10:16:48+00:00\",\"dateModified\":\"2019-07-18T13:42:22+00:00\",\"breadcrumb\":{\"@id\":\"https:\/\/eneria.pl\/en\/product\/590-944-bkw\/#breadcrumb\"},\"inLanguage\":\"en-US\",\"potentialAction\":[{\"@type\":\"ReadAction\",\"target\":[\"https:\/\/eneria.pl\/en\/product\/590-944-bkw\/\"]}]},{\"@type\":\"ImageObject\",\"inLanguage\":\"en-US\",\"@id\":\"https:\/\/eneria.pl\/en\/product\/590-944-bkw\/#primaryimage\",\"url\":\"https:\/\/eneria.pl\/wp-content\/uploads\/2019\/03\/C32-IMO-II-propultion.jpg\",\"contentUrl\":\"https:\/\/eneria.pl\/wp-content\/uploads\/2019\/03\/C32-IMO-II-propultion.jpg\",\"width\":1080,\"height\":720,\"caption\":\"silnik pomocniczy CAT do\"},{\"@type\":\"BreadcrumbList\",\"@id\":\"https:\/\/eneria.pl\/en\/product\/590-944-bkw\/#breadcrumb\",\"itemListElement\":[{\"@type\":\"ListItem\",\"position\":1,\"name\":\"Home\",\"item\":\"https:\/\/eneria.pl\/en\/\"},{\"@type\":\"ListItem\",\"position\":2,\"name\":\"590 &#8211; 944 bkW\"}]},{\"@type\":\"WebSite\",\"@id\":\"https:\/\/eneria.pl\/#website\",\"url\":\"https:\/\/eneria.pl\/\",\"name\":\"Eneria\",\"description\":\"Eneria\",\"potentialAction\":[{\"@type\":\"SearchAction\",\"target\":{\"@type\":\"EntryPoint\",\"urlTemplate\":\"https:\/\/eneria.pl\/?s={search_term_string}\"},\"query-input\":{\"@type\":\"PropertyValueSpecification\",\"valueRequired\":true,\"valueName\":\"search_term_string\"}}],\"inLanguage\":\"en-US\"}]}<\/script>\n<!-- \/ Yoast SEO plugin. -->","yoast_head_json":{"title":"590 - 944 bkW - Eneria","robots":{"index":"index","follow":"follow","max-snippet":"max-snippet:-1","max-image-preview":"max-image-preview:large","max-video-preview":"max-video-preview:-1"},"canonical":"https:\/\/eneria.pl\/en\/product\/590-944-bkw\/","og_locale":"en_US","og_type":"article","og_title":"590 - 944 bkW - Eneria","og_description":"Silniki pomocnicze marki Caterpillar\u00ae to najlepszy wyb\u00f3r jako \u017ar\u00f3d\u0142o nap\u0119du pomp, pr\u0105dnic oraz innych, specjalistycznych urz\u0105dze\u0144 okr\u0119towych.","og_url":"https:\/\/eneria.pl\/en\/product\/590-944-bkw\/","og_site_name":"Eneria","article_modified_time":"2019-07-18T13:42:22+00:00","og_image":[{"width":1080,"height":720,"url":"https:\/\/eneria.pl\/wp-content\/uploads\/2019\/03\/C32-IMO-II-propultion.jpg","type":"image\/jpeg"}],"twitter_card":"summary_large_image","schema":{"@context":"https:\/\/schema.org","@graph":[{"@type":"WebPage","@id":"https:\/\/eneria.pl\/en\/product\/590-944-bkw\/","url":"https:\/\/eneria.pl\/en\/product\/590-944-bkw\/","name":"590 - 944 bkW - Eneria","isPartOf":{"@id":"https:\/\/eneria.pl\/#website"},"primaryImageOfPage":{"@id":"https:\/\/eneria.pl\/en\/product\/590-944-bkw\/#primaryimage"},"image":{"@id":"https:\/\/eneria.pl\/en\/product\/590-944-bkw\/#primaryimage"},"thumbnailUrl":"https:\/\/eneria.pl\/wp-content\/uploads\/2019\/03\/C32-IMO-II-propultion.jpg","datePublished":"2019-03-12T10:16:48+00:00","dateModified":"2019-07-18T13:42:22+00:00","breadcrumb":{"@id":"https:\/\/eneria.pl\/en\/product\/590-944-bkw\/#breadcrumb"},"inLanguage":"en-US","potentialAction":[{"@type":"ReadAction","target":["https:\/\/eneria.pl\/en\/product\/590-944-bkw\/"]}]},{"@type":"ImageObject","inLanguage":"en-US","@id":"https:\/\/eneria.pl\/en\/product\/590-944-bkw\/#primaryimage","url":"https:\/\/eneria.pl\/wp-content\/uploads\/2019\/03\/C32-IMO-II-propultion.jpg","contentUrl":"https:\/\/eneria.pl\/wp-content\/uploads\/2019\/03\/C32-IMO-II-propultion.jpg","width":1080,"height":720,"caption":"silnik pomocniczy CAT do"},{"@type":"BreadcrumbList","@id":"https:\/\/eneria.pl\/en\/product\/590-944-bkw\/#breadcrumb","itemListElement":[{"@type":"ListItem","position":1,"name":"Home","item":"https:\/\/eneria.pl\/en\/"},{"@type":"ListItem","position":2,"name":"590 &#8211; 944 bkW"}]},{"@type":"WebSite","@id":"https:\/\/eneria.pl\/#website","url":"https:\/\/eneria.pl\/","name":"Eneria","description":"Eneria","potentialAction":[{"@type":"SearchAction","target":{"@type":"EntryPoint","urlTemplate":"https:\/\/eneria.pl\/?s={search_term_string}"},"query-input":{"@type":"PropertyValueSpecification","valueRequired":true,"valueName":"search_term_string"}}],"inLanguage":"en-US"}]}},"_links":{"self":[{"href":"https:\/\/eneria.pl\/en\/wp-json\/wp\/v2\/product\/5235","targetHints":{"allow":["GET"]}}],"collection":[{"href":"https:\/\/eneria.pl\/en\/wp-json\/wp\/v2\/product"}],"about":[{"href":"https:\/\/eneria.pl\/en\/wp-json\/wp\/v2\/types\/product"}],"version-history":[{"count":2,"href":"https:\/\/eneria.pl\/en\/wp-json\/wp\/v2\/product\/5235\/revisions"}],"predecessor-version":[{"id":5611,"href":"https:\/\/eneria.pl\/en\/wp-json\/wp\/v2\/product\/5235\/revisions\/5611"}],"wp:featuredmedia":[{"embeddable":true,"href":"https:\/\/eneria.pl\/en\/wp-json\/wp\/v2\/media\/2664"}],"wp:attachment":[{"href":"https:\/\/eneria.pl\/en\/wp-json\/wp\/v2\/media?parent=5235"}],"curies":[{"name":"wp","href":"https:\/\/api.w.org\/{rel}","templated":true}]}}