{"id":4182,"date":"2019-02-26T12:27:51","date_gmt":"2019-02-26T11:27:51","guid":{"rendered":"https:\/\/eneria.pl\/product\/g3512e\/"},"modified":"2019-10-01T15:16:06","modified_gmt":"2019-10-01T13:16:06","slug":"g3512e","status":"publish","type":"product","link":"https:\/\/eneria.pl\/en\/product\/g3512e\/","title":{"rendered":"999 kWe"},"content":{"rendered":"<div class=\"mceContentBody mceFrontEnd \"><p>Eneria oferuje szerok\u0105 gam\u0119 niezawodnych urz\u0105dze\u0144 zasilaj\u0105cych, z wykorzystaniem paliwa gazowego.<br \/>\nPocz\u0105wszy od blok\u00f3w zasilanych gazem ziemnym w elektrociep\u0142owniach, urz\u0105dze\u0144 zasilania dla zak\u0142ad\u00f3w przemys\u0142owych po odnawialn\u0105 energi\u0119 z biogazu lub produkcj\u0119 energii elektrycznej z w\u0119glowego gazu kopalnianego.<br \/>\nZestawy kogeneracyjne mog\u0105 by\u0107 zasilane gazem ziemnym, gazem ziemnym zaazotowanym, biogazem, gazem kopalnianym, gazem koksowniczym oraz gazem procesowym.<br \/>\nAgregaty gazowe marki CATERPILLAR dost\u0119pne w przedziale mocy od 400 \u2013 9750 kWe w jednym urz\u0105dzeniu, kt\u00f3re przystosowane s\u0105 do pracy skojarzonej, r\u00f3wnoleg\u0142ej z sieci\u0105 energetyki zawodowej lub do pracy wyspowej . Ponadto wydajne i efektywne rozwi\u0105zania wysokosprawnej kogeneracji minimalizuj\u0105 emisj\u0119 gaz\u00f3w cieplarnianych, co ma przyjazny wp\u0142yw na \u015brodowisko i wpisuje si\u0119 w ramy Gospodarki Obiegu Zamkni\u0119tego.<br \/>\nAgregaty gazowe CAT\u00ae s\u0105 niezast\u0105pionym \u017ar\u00f3d\u0142em energii wsz\u0119dzie tam, gdzie dost\u0119p do gazu umo\u017cliwia ich ekonomiczn\u0105 eksploatacj\u0119.<\/p>\n<\/div>","protected":false},"featured_media":5831,"template":"","meta":{"_acf_changed":false,"footnotes":""},"class_list":["post-4182","product","type-product","status-publish","has-post-thumbnail","hentry","product_category-biogaz-i-gaz-ziemny-en"],"acf":[],"yoast_head":"<!-- This site is optimized with the Yoast SEO plugin v26.7 - https:\/\/yoast.com\/wordpress\/plugins\/seo\/ -->\n<title>999 kWe - Eneria<\/title>\n<meta name=\"robots\" content=\"index, follow, max-snippet:-1, max-image-preview:large, max-video-preview:-1\" \/>\n<link rel=\"canonical\" href=\"https:\/\/eneria.pl\/en\/product\/g3512e\/\" \/>\n<meta property=\"og:locale\" content=\"en_US\" \/>\n<meta property=\"og:type\" content=\"article\" \/>\n<meta property=\"og:title\" content=\"999 kWe - Eneria\" \/>\n<meta property=\"og:description\" content=\"Eneria oferuje szerok\u0105 gam\u0119 niezawodnych urz\u0105dze\u0144 zasilaj\u0105cych, z wykorzystaniem paliwa gazowego. Pocz\u0105wszy od blok\u00f3w zasilanych gazem ziemnym w elektrociep\u0142owniach, urz\u0105dze\u0144 zasilania dla zak\u0142ad\u00f3w przemys\u0142owych po odnawialn\u0105 energi\u0119 z biogazu lub produkcj\u0119 energii elektrycznej [&hellip;]\" \/>\n<meta property=\"og:url\" content=\"https:\/\/eneria.pl\/en\/product\/g3512e\/\" \/>\n<meta property=\"og:site_name\" content=\"Eneria\" \/>\n<meta property=\"article:modified_time\" content=\"2019-10-01T13:16:06+00:00\" \/>\n<meta property=\"og:image\" content=\"https:\/\/eneria.pl\/wp-content\/uploads\/2019\/10\/G3512E.jpg\" \/>\n\t<meta property=\"og:image:width\" content=\"949\" \/>\n\t<meta property=\"og:image:height\" content=\"863\" \/>\n\t<meta property=\"og:image:type\" content=\"image\/jpeg\" \/>\n<meta name=\"twitter:card\" content=\"summary_large_image\" \/>\n<meta name=\"twitter:label1\" content=\"Est. reading time\" \/>\n\t<meta name=\"twitter:data1\" content=\"1 minute\" \/>\n<script type=\"application\/ld+json\" class=\"yoast-schema-graph\">{\"@context\":\"https:\/\/schema.org\",\"@graph\":[{\"@type\":\"WebPage\",\"@id\":\"https:\/\/eneria.pl\/en\/product\/g3512e\/\",\"url\":\"https:\/\/eneria.pl\/en\/product\/g3512e\/\",\"name\":\"999 kWe - Eneria\",\"isPartOf\":{\"@id\":\"https:\/\/eneria.pl\/#website\"},\"primaryImageOfPage\":{\"@id\":\"https:\/\/eneria.pl\/en\/product\/g3512e\/#primaryimage\"},\"image\":{\"@id\":\"https:\/\/eneria.pl\/en\/product\/g3512e\/#primaryimage\"},\"thumbnailUrl\":\"https:\/\/eneria.pl\/wp-content\/uploads\/2019\/10\/G3512E.jpg\",\"datePublished\":\"2019-02-26T11:27:51+00:00\",\"dateModified\":\"2019-10-01T13:16:06+00:00\",\"breadcrumb\":{\"@id\":\"https:\/\/eneria.pl\/en\/product\/g3512e\/#breadcrumb\"},\"inLanguage\":\"en-US\",\"potentialAction\":[{\"@type\":\"ReadAction\",\"target\":[\"https:\/\/eneria.pl\/en\/product\/g3512e\/\"]}]},{\"@type\":\"ImageObject\",\"inLanguage\":\"en-US\",\"@id\":\"https:\/\/eneria.pl\/en\/product\/g3512e\/#primaryimage\",\"url\":\"https:\/\/eneria.pl\/wp-content\/uploads\/2019\/10\/G3512E.jpg\",\"contentUrl\":\"https:\/\/eneria.pl\/wp-content\/uploads\/2019\/10\/G3512E.jpg\",\"width\":949,\"height\":863,\"caption\":\"Agregaty gazowe 800 kWe\"},{\"@type\":\"BreadcrumbList\",\"@id\":\"https:\/\/eneria.pl\/en\/product\/g3512e\/#breadcrumb\",\"itemListElement\":[{\"@type\":\"ListItem\",\"position\":1,\"name\":\"Home\",\"item\":\"https:\/\/eneria.pl\/en\/\"},{\"@type\":\"ListItem\",\"position\":2,\"name\":\"999 kWe\"}]},{\"@type\":\"WebSite\",\"@id\":\"https:\/\/eneria.pl\/#website\",\"url\":\"https:\/\/eneria.pl\/\",\"name\":\"Eneria\",\"description\":\"Eneria\",\"potentialAction\":[{\"@type\":\"SearchAction\",\"target\":{\"@type\":\"EntryPoint\",\"urlTemplate\":\"https:\/\/eneria.pl\/?s={search_term_string}\"},\"query-input\":{\"@type\":\"PropertyValueSpecification\",\"valueRequired\":true,\"valueName\":\"search_term_string\"}}],\"inLanguage\":\"en-US\"}]}<\/script>\n<!-- \/ Yoast SEO plugin. -->","yoast_head_json":{"title":"999 kWe - Eneria","robots":{"index":"index","follow":"follow","max-snippet":"max-snippet:-1","max-image-preview":"max-image-preview:large","max-video-preview":"max-video-preview:-1"},"canonical":"https:\/\/eneria.pl\/en\/product\/g3512e\/","og_locale":"en_US","og_type":"article","og_title":"999 kWe - Eneria","og_description":"Eneria oferuje szerok\u0105 gam\u0119 niezawodnych urz\u0105dze\u0144 zasilaj\u0105cych, z wykorzystaniem paliwa gazowego. Pocz\u0105wszy od blok\u00f3w zasilanych gazem ziemnym w elektrociep\u0142owniach, urz\u0105dze\u0144 zasilania dla zak\u0142ad\u00f3w przemys\u0142owych po odnawialn\u0105 energi\u0119 z biogazu lub produkcj\u0119 energii elektrycznej [&hellip;]","og_url":"https:\/\/eneria.pl\/en\/product\/g3512e\/","og_site_name":"Eneria","article_modified_time":"2019-10-01T13:16:06+00:00","og_image":[{"width":949,"height":863,"url":"https:\/\/eneria.pl\/wp-content\/uploads\/2019\/10\/G3512E.jpg","type":"image\/jpeg"}],"twitter_card":"summary_large_image","twitter_misc":{"Est. reading time":"1 minute"},"schema":{"@context":"https:\/\/schema.org","@graph":[{"@type":"WebPage","@id":"https:\/\/eneria.pl\/en\/product\/g3512e\/","url":"https:\/\/eneria.pl\/en\/product\/g3512e\/","name":"999 kWe - Eneria","isPartOf":{"@id":"https:\/\/eneria.pl\/#website"},"primaryImageOfPage":{"@id":"https:\/\/eneria.pl\/en\/product\/g3512e\/#primaryimage"},"image":{"@id":"https:\/\/eneria.pl\/en\/product\/g3512e\/#primaryimage"},"thumbnailUrl":"https:\/\/eneria.pl\/wp-content\/uploads\/2019\/10\/G3512E.jpg","datePublished":"2019-02-26T11:27:51+00:00","dateModified":"2019-10-01T13:16:06+00:00","breadcrumb":{"@id":"https:\/\/eneria.pl\/en\/product\/g3512e\/#breadcrumb"},"inLanguage":"en-US","potentialAction":[{"@type":"ReadAction","target":["https:\/\/eneria.pl\/en\/product\/g3512e\/"]}]},{"@type":"ImageObject","inLanguage":"en-US","@id":"https:\/\/eneria.pl\/en\/product\/g3512e\/#primaryimage","url":"https:\/\/eneria.pl\/wp-content\/uploads\/2019\/10\/G3512E.jpg","contentUrl":"https:\/\/eneria.pl\/wp-content\/uploads\/2019\/10\/G3512E.jpg","width":949,"height":863,"caption":"Agregaty gazowe 800 kWe"},{"@type":"BreadcrumbList","@id":"https:\/\/eneria.pl\/en\/product\/g3512e\/#breadcrumb","itemListElement":[{"@type":"ListItem","position":1,"name":"Home","item":"https:\/\/eneria.pl\/en\/"},{"@type":"ListItem","position":2,"name":"999 kWe"}]},{"@type":"WebSite","@id":"https:\/\/eneria.pl\/#website","url":"https:\/\/eneria.pl\/","name":"Eneria","description":"Eneria","potentialAction":[{"@type":"SearchAction","target":{"@type":"EntryPoint","urlTemplate":"https:\/\/eneria.pl\/?s={search_term_string}"},"query-input":{"@type":"PropertyValueSpecification","valueRequired":true,"valueName":"search_term_string"}}],"inLanguage":"en-US"}]}},"_links":{"self":[{"href":"https:\/\/eneria.pl\/en\/wp-json\/wp\/v2\/product\/4182","targetHints":{"allow":["GET"]}}],"collection":[{"href":"https:\/\/eneria.pl\/en\/wp-json\/wp\/v2\/product"}],"about":[{"href":"https:\/\/eneria.pl\/en\/wp-json\/wp\/v2\/types\/product"}],"version-history":[{"count":4,"href":"https:\/\/eneria.pl\/en\/wp-json\/wp\/v2\/product\/4182\/revisions"}],"predecessor-version":[{"id":5833,"href":"https:\/\/eneria.pl\/en\/wp-json\/wp\/v2\/product\/4182\/revisions\/5833"}],"wp:featuredmedia":[{"embeddable":true,"href":"https:\/\/eneria.pl\/en\/wp-json\/wp\/v2\/media\/5831"}],"wp:attachment":[{"href":"https:\/\/eneria.pl\/en\/wp-json\/wp\/v2\/media?parent=4182"}],"curies":[{"name":"wp","href":"https:\/\/api.w.org\/{rel}","templated":true}]}}