{"id":4121,"date":"2019-04-03T14:47:13","date_gmt":"2019-04-03T12:47:13","guid":{"rendered":"https:\/\/eneria.pl\/product\/g3608-a4g3608-a4\/"},"modified":"2019-07-10T12:17:59","modified_gmt":"2019-07-10T10:17:59","slug":"g3608-a4g3608-a4","status":"publish","type":"product","link":"https:\/\/eneria.pl\/en\/product\/g3608-a4g3608-a4\/","title":{"rendered":"G3608 A4"},"content":{"rendered":"<div class=\"mceContentBody mceFrontEnd \"><p><span style=\"display: inline !important; float: none; background-color: transparent; color: #000000; font-family: Arial,'Helvetica Neue',Helvetica,sans-serif; font-size: 14px; font-style: normal; font-variant: normal; font-weight: 400; letter-spacing: normal; line-height: 18px; orphans: 2; text-align: left; text-decoration: none; text-indent: 0px; text-transform: none; -webkit-text-stroke-width: 0px; white-space: normal; word-spacing: 0px;\">Silniki serii G3600 A4 oferuj\u0105 szeroki zakres opcji zasilania dostosowanych do r\u00f3\u017cnych proces\u00f3w spr\u0119\u017cania gazu. Silniki G3600 A4 zapewniaj\u0105 najd\u0142u\u017cszy czas pracy bez przestoj\u00f3w w bran\u017cy oraz d\u0142ugie okresy mi\u0119dzyobs\u0142ugowe mi\u0119dzy remontami. U\u017cytkownicy silnik\u00f3w G3600 A4 doceniaj\u0105 brak nieplanowanych przestoj\u00f3w w pracy, moc dostosowan\u0105 do wybranego zastosowania, najni\u017csze koszty eksploatacji oraz zgodno\u015b\u0107 z normami emisji spalin. Do g\u0142\u00f3wnych obszar\u00f3w zastosowa\u0144 silnik\u00f3w G3600 A4 nale\u017c\u0105 centralne stacje \u0142adowania oraz zastosowania zwi\u0105zane z przetwarzaniem, przesy\u0142aniem i magazynowaniem gazu. Silniki gazowe Cat G3608 A4 o mocy 1864-1995 bkW (2500-2675 bhp) przy 1000 obr.\/min Mo\u017cliwo\u015b\u0107 zapewnienia zgodno\u015bci z norm\u0105 NSPS.<\/span><\/p>\n<\/div>","protected":false},"featured_media":3382,"template":"","meta":{"_acf_changed":false,"footnotes":""},"class_list":["post-4121","product","type-product","status-publish","has-post-thumbnail","hentry","product_category-silniki-petroleum-en"],"acf":[],"yoast_head":"<!-- This site is optimized with the Yoast SEO plugin v26.7 - https:\/\/yoast.com\/wordpress\/plugins\/seo\/ -->\n<title>G3608 A4 - Eneria<\/title>\n<meta name=\"robots\" content=\"index, follow, max-snippet:-1, max-image-preview:large, max-video-preview:-1\" \/>\n<link rel=\"canonical\" href=\"https:\/\/eneria.pl\/en\/product\/g3608-a4g3608-a4\/\" \/>\n<meta property=\"og:locale\" content=\"en_US\" \/>\n<meta property=\"og:type\" content=\"article\" \/>\n<meta property=\"og:title\" content=\"G3608 A4 - Eneria\" \/>\n<meta property=\"og:description\" content=\"Silniki serii G3600 A4 oferuj\u0105 szeroki zakres opcji zasilania dostosowanych do r\u00f3\u017cnych proces\u00f3w spr\u0119\u017cania gazu. Silniki G3600 A4 zapewniaj\u0105 najd\u0142u\u017cszy czas pracy bez przestoj\u00f3w w bran\u017cy oraz d\u0142ugie okresy mi\u0119dzyobs\u0142ugowe mi\u0119dzy remontami. U\u017cytkownicy [&hellip;]\" \/>\n<meta property=\"og:url\" content=\"https:\/\/eneria.pl\/en\/product\/g3608-a4g3608-a4\/\" \/>\n<meta property=\"og:site_name\" content=\"Eneria\" \/>\n<meta property=\"article:modified_time\" content=\"2019-07-10T10:17:59+00:00\" \/>\n<meta property=\"og:image\" content=\"https:\/\/eneria.pl\/wp-content\/uploads\/2019\/04\/G3608-A4.jpg\" \/>\n\t<meta property=\"og:image:width\" content=\"712\" \/>\n\t<meta property=\"og:image:height\" content=\"534\" \/>\n\t<meta property=\"og:image:type\" content=\"image\/jpeg\" \/>\n<meta name=\"twitter:card\" content=\"summary_large_image\" \/>\n<meta name=\"twitter:label1\" content=\"Est. reading time\" \/>\n\t<meta name=\"twitter:data1\" content=\"1 minute\" \/>\n<script type=\"application\/ld+json\" class=\"yoast-schema-graph\">{\"@context\":\"https:\/\/schema.org\",\"@graph\":[{\"@type\":\"WebPage\",\"@id\":\"https:\/\/eneria.pl\/en\/product\/g3608-a4g3608-a4\/\",\"url\":\"https:\/\/eneria.pl\/en\/product\/g3608-a4g3608-a4\/\",\"name\":\"G3608 A4 - Eneria\",\"isPartOf\":{\"@id\":\"https:\/\/eneria.pl\/#website\"},\"primaryImageOfPage\":{\"@id\":\"https:\/\/eneria.pl\/en\/product\/g3608-a4g3608-a4\/#primaryimage\"},\"image\":{\"@id\":\"https:\/\/eneria.pl\/en\/product\/g3608-a4g3608-a4\/#primaryimage\"},\"thumbnailUrl\":\"https:\/\/eneria.pl\/wp-content\/uploads\/2019\/04\/G3608-A4.jpg\",\"datePublished\":\"2019-04-03T12:47:13+00:00\",\"dateModified\":\"2019-07-10T10:17:59+00:00\",\"breadcrumb\":{\"@id\":\"https:\/\/eneria.pl\/en\/product\/g3608-a4g3608-a4\/#breadcrumb\"},\"inLanguage\":\"en-US\",\"potentialAction\":[{\"@type\":\"ReadAction\",\"target\":[\"https:\/\/eneria.pl\/en\/product\/g3608-a4g3608-a4\/\"]}]},{\"@type\":\"ImageObject\",\"inLanguage\":\"en-US\",\"@id\":\"https:\/\/eneria.pl\/en\/product\/g3608-a4g3608-a4\/#primaryimage\",\"url\":\"https:\/\/eneria.pl\/wp-content\/uploads\/2019\/04\/G3608-A4.jpg\",\"contentUrl\":\"https:\/\/eneria.pl\/wp-content\/uploads\/2019\/04\/G3608-A4.jpg\",\"width\":712,\"height\":534},{\"@type\":\"BreadcrumbList\",\"@id\":\"https:\/\/eneria.pl\/en\/product\/g3608-a4g3608-a4\/#breadcrumb\",\"itemListElement\":[{\"@type\":\"ListItem\",\"position\":1,\"name\":\"Home\",\"item\":\"https:\/\/eneria.pl\/en\/\"},{\"@type\":\"ListItem\",\"position\":2,\"name\":\"G3608 A4\"}]},{\"@type\":\"WebSite\",\"@id\":\"https:\/\/eneria.pl\/#website\",\"url\":\"https:\/\/eneria.pl\/\",\"name\":\"Eneria\",\"description\":\"Eneria\",\"potentialAction\":[{\"@type\":\"SearchAction\",\"target\":{\"@type\":\"EntryPoint\",\"urlTemplate\":\"https:\/\/eneria.pl\/?s={search_term_string}\"},\"query-input\":{\"@type\":\"PropertyValueSpecification\",\"valueRequired\":true,\"valueName\":\"search_term_string\"}}],\"inLanguage\":\"en-US\"}]}<\/script>\n<!-- \/ Yoast SEO plugin. -->","yoast_head_json":{"title":"G3608 A4 - Eneria","robots":{"index":"index","follow":"follow","max-snippet":"max-snippet:-1","max-image-preview":"max-image-preview:large","max-video-preview":"max-video-preview:-1"},"canonical":"https:\/\/eneria.pl\/en\/product\/g3608-a4g3608-a4\/","og_locale":"en_US","og_type":"article","og_title":"G3608 A4 - Eneria","og_description":"Silniki serii G3600 A4 oferuj\u0105 szeroki zakres opcji zasilania dostosowanych do r\u00f3\u017cnych proces\u00f3w spr\u0119\u017cania gazu. Silniki G3600 A4 zapewniaj\u0105 najd\u0142u\u017cszy czas pracy bez przestoj\u00f3w w bran\u017cy oraz d\u0142ugie okresy mi\u0119dzyobs\u0142ugowe mi\u0119dzy remontami. U\u017cytkownicy [&hellip;]","og_url":"https:\/\/eneria.pl\/en\/product\/g3608-a4g3608-a4\/","og_site_name":"Eneria","article_modified_time":"2019-07-10T10:17:59+00:00","og_image":[{"width":712,"height":534,"url":"https:\/\/eneria.pl\/wp-content\/uploads\/2019\/04\/G3608-A4.jpg","type":"image\/jpeg"}],"twitter_card":"summary_large_image","twitter_misc":{"Est. reading time":"1 minute"},"schema":{"@context":"https:\/\/schema.org","@graph":[{"@type":"WebPage","@id":"https:\/\/eneria.pl\/en\/product\/g3608-a4g3608-a4\/","url":"https:\/\/eneria.pl\/en\/product\/g3608-a4g3608-a4\/","name":"G3608 A4 - Eneria","isPartOf":{"@id":"https:\/\/eneria.pl\/#website"},"primaryImageOfPage":{"@id":"https:\/\/eneria.pl\/en\/product\/g3608-a4g3608-a4\/#primaryimage"},"image":{"@id":"https:\/\/eneria.pl\/en\/product\/g3608-a4g3608-a4\/#primaryimage"},"thumbnailUrl":"https:\/\/eneria.pl\/wp-content\/uploads\/2019\/04\/G3608-A4.jpg","datePublished":"2019-04-03T12:47:13+00:00","dateModified":"2019-07-10T10:17:59+00:00","breadcrumb":{"@id":"https:\/\/eneria.pl\/en\/product\/g3608-a4g3608-a4\/#breadcrumb"},"inLanguage":"en-US","potentialAction":[{"@type":"ReadAction","target":["https:\/\/eneria.pl\/en\/product\/g3608-a4g3608-a4\/"]}]},{"@type":"ImageObject","inLanguage":"en-US","@id":"https:\/\/eneria.pl\/en\/product\/g3608-a4g3608-a4\/#primaryimage","url":"https:\/\/eneria.pl\/wp-content\/uploads\/2019\/04\/G3608-A4.jpg","contentUrl":"https:\/\/eneria.pl\/wp-content\/uploads\/2019\/04\/G3608-A4.jpg","width":712,"height":534},{"@type":"BreadcrumbList","@id":"https:\/\/eneria.pl\/en\/product\/g3608-a4g3608-a4\/#breadcrumb","itemListElement":[{"@type":"ListItem","position":1,"name":"Home","item":"https:\/\/eneria.pl\/en\/"},{"@type":"ListItem","position":2,"name":"G3608 A4"}]},{"@type":"WebSite","@id":"https:\/\/eneria.pl\/#website","url":"https:\/\/eneria.pl\/","name":"Eneria","description":"Eneria","potentialAction":[{"@type":"SearchAction","target":{"@type":"EntryPoint","urlTemplate":"https:\/\/eneria.pl\/?s={search_term_string}"},"query-input":{"@type":"PropertyValueSpecification","valueRequired":true,"valueName":"search_term_string"}}],"inLanguage":"en-US"}]}},"_links":{"self":[{"href":"https:\/\/eneria.pl\/en\/wp-json\/wp\/v2\/product\/4121","targetHints":{"allow":["GET"]}}],"collection":[{"href":"https:\/\/eneria.pl\/en\/wp-json\/wp\/v2\/product"}],"about":[{"href":"https:\/\/eneria.pl\/en\/wp-json\/wp\/v2\/types\/product"}],"version-history":[{"count":2,"href":"https:\/\/eneria.pl\/en\/wp-json\/wp\/v2\/product\/4121\/revisions"}],"predecessor-version":[{"id":5411,"href":"https:\/\/eneria.pl\/en\/wp-json\/wp\/v2\/product\/4121\/revisions\/5411"}],"wp:featuredmedia":[{"embeddable":true,"href":"https:\/\/eneria.pl\/en\/wp-json\/wp\/v2\/media\/3382"}],"wp:attachment":[{"href":"https:\/\/eneria.pl\/en\/wp-json\/wp\/v2\/media?parent=4121"}],"curies":[{"name":"wp","href":"https:\/\/api.w.org\/{rel}","templated":true}]}}