{"id":4114,"date":"2019-04-03T14:34:57","date_gmt":"2019-04-03T12:34:57","guid":{"rendered":"https:\/\/eneria.pl\/product\/g3520b-le\/"},"modified":"2019-07-10T12:22:08","modified_gmt":"2019-07-10T10:22:08","slug":"g3520b-le","status":"publish","type":"product","link":"https:\/\/eneria.pl\/en\/product\/g3520b-le\/","title":{"rendered":"G3520B LE"},"content":{"rendered":"<div class=\"mceContentBody mceFrontEnd \"><p><span style=\"display: inline !important; float: none; background-color: transparent; color: #000000; font-family: Arial,'Helvetica Neue',Helvetica,sans-serif; font-size: 14px; font-style: normal; font-variant: normal; font-weight: 400; letter-spacing: normal; line-height: 18px; orphans: 2; text-align: left; text-decoration: none; text-indent: 0px; text-transform: none; -webkit-text-stroke-width: 0px; white-space: normal; word-spacing: 0px;\">Linia silnik\u00f3w G3500B zapewnia uniwersalno\u015b\u0107, d\u0142ugi czas pracy oraz niskie koszty eksploatacji instalacji do spr\u0119\u017cania gaz\u00f3w. Silniki te cechuj\u0105 si\u0119 najni\u017cszym w bran\u017cy poziomem emisji spalin bez ograniczenia wydajno\u015bci. Do idealnych obszar\u00f3w zastosowa\u0144 silnik\u00f3w G3500B nale\u017c\u0105 spr\u0119\u017carki wykorzystywane w gazod\u017awigach, spr\u0119\u017carki do gromadzenia gazu oraz spr\u0119\u017carki do spr\u0119\u017cania gazu w g\u0142owicy odwiertu. Silnik gazowy Cat G3520B. Silniki o mocy 1104\u20131286 bkW (1480\u20131725 bhp) przy 1200\u20131400 obr.\/min mog\u0105 by\u0107 zgodne z instalacjami NSPS.<\/span><\/p>\n<\/div>","protected":false},"featured_media":3370,"template":"","meta":{"_acf_changed":false,"footnotes":""},"class_list":["post-4114","product","type-product","status-publish","has-post-thumbnail","hentry","product_category-silniki-petroleum-en"],"acf":[],"yoast_head":"<!-- This site is optimized with the Yoast SEO plugin v26.7 - https:\/\/yoast.com\/wordpress\/plugins\/seo\/ -->\n<title>G3520B LE - Eneria<\/title>\n<meta name=\"robots\" content=\"index, follow, max-snippet:-1, max-image-preview:large, max-video-preview:-1\" \/>\n<link rel=\"canonical\" href=\"https:\/\/eneria.pl\/en\/product\/g3520b-le\/\" \/>\n<meta property=\"og:locale\" content=\"en_US\" \/>\n<meta property=\"og:type\" content=\"article\" \/>\n<meta property=\"og:title\" content=\"G3520B LE - Eneria\" \/>\n<meta property=\"og:description\" content=\"Linia silnik\u00f3w G3500B zapewnia uniwersalno\u015b\u0107, d\u0142ugi czas pracy oraz niskie koszty eksploatacji instalacji do spr\u0119\u017cania gaz\u00f3w. Silniki te cechuj\u0105 si\u0119 najni\u017cszym w bran\u017cy poziomem emisji spalin bez ograniczenia wydajno\u015bci. Do idealnych obszar\u00f3w zastosowa\u0144 [&hellip;]\" \/>\n<meta property=\"og:url\" content=\"https:\/\/eneria.pl\/en\/product\/g3520b-le\/\" \/>\n<meta property=\"og:site_name\" content=\"Eneria\" \/>\n<meta property=\"article:modified_time\" content=\"2019-07-10T10:22:08+00:00\" \/>\n<meta property=\"og:image\" content=\"https:\/\/eneria.pl\/wp-content\/uploads\/2019\/04\/G3520B-LE.jpg\" \/>\n\t<meta property=\"og:image:width\" content=\"712\" \/>\n\t<meta property=\"og:image:height\" content=\"534\" \/>\n\t<meta property=\"og:image:type\" content=\"image\/jpeg\" \/>\n<meta name=\"twitter:card\" content=\"summary_large_image\" \/>\n<script type=\"application\/ld+json\" class=\"yoast-schema-graph\">{\"@context\":\"https:\/\/schema.org\",\"@graph\":[{\"@type\":\"WebPage\",\"@id\":\"https:\/\/eneria.pl\/en\/product\/g3520b-le\/\",\"url\":\"https:\/\/eneria.pl\/en\/product\/g3520b-le\/\",\"name\":\"G3520B LE - Eneria\",\"isPartOf\":{\"@id\":\"https:\/\/eneria.pl\/#website\"},\"primaryImageOfPage\":{\"@id\":\"https:\/\/eneria.pl\/en\/product\/g3520b-le\/#primaryimage\"},\"image\":{\"@id\":\"https:\/\/eneria.pl\/en\/product\/g3520b-le\/#primaryimage\"},\"thumbnailUrl\":\"https:\/\/eneria.pl\/wp-content\/uploads\/2019\/04\/G3520B-LE.jpg\",\"datePublished\":\"2019-04-03T12:34:57+00:00\",\"dateModified\":\"2019-07-10T10:22:08+00:00\",\"breadcrumb\":{\"@id\":\"https:\/\/eneria.pl\/en\/product\/g3520b-le\/#breadcrumb\"},\"inLanguage\":\"en-US\",\"potentialAction\":[{\"@type\":\"ReadAction\",\"target\":[\"https:\/\/eneria.pl\/en\/product\/g3520b-le\/\"]}]},{\"@type\":\"ImageObject\",\"inLanguage\":\"en-US\",\"@id\":\"https:\/\/eneria.pl\/en\/product\/g3520b-le\/#primaryimage\",\"url\":\"https:\/\/eneria.pl\/wp-content\/uploads\/2019\/04\/G3520B-LE.jpg\",\"contentUrl\":\"https:\/\/eneria.pl\/wp-content\/uploads\/2019\/04\/G3520B-LE.jpg\",\"width\":712,\"height\":534},{\"@type\":\"BreadcrumbList\",\"@id\":\"https:\/\/eneria.pl\/en\/product\/g3520b-le\/#breadcrumb\",\"itemListElement\":[{\"@type\":\"ListItem\",\"position\":1,\"name\":\"Home\",\"item\":\"https:\/\/eneria.pl\/en\/\"},{\"@type\":\"ListItem\",\"position\":2,\"name\":\"G3520B LE\"}]},{\"@type\":\"WebSite\",\"@id\":\"https:\/\/eneria.pl\/#website\",\"url\":\"https:\/\/eneria.pl\/\",\"name\":\"Eneria\",\"description\":\"Eneria\",\"potentialAction\":[{\"@type\":\"SearchAction\",\"target\":{\"@type\":\"EntryPoint\",\"urlTemplate\":\"https:\/\/eneria.pl\/?s={search_term_string}\"},\"query-input\":{\"@type\":\"PropertyValueSpecification\",\"valueRequired\":true,\"valueName\":\"search_term_string\"}}],\"inLanguage\":\"en-US\"}]}<\/script>\n<!-- \/ Yoast SEO plugin. -->","yoast_head_json":{"title":"G3520B LE - Eneria","robots":{"index":"index","follow":"follow","max-snippet":"max-snippet:-1","max-image-preview":"max-image-preview:large","max-video-preview":"max-video-preview:-1"},"canonical":"https:\/\/eneria.pl\/en\/product\/g3520b-le\/","og_locale":"en_US","og_type":"article","og_title":"G3520B LE - Eneria","og_description":"Linia silnik\u00f3w G3500B zapewnia uniwersalno\u015b\u0107, d\u0142ugi czas pracy oraz niskie koszty eksploatacji instalacji do spr\u0119\u017cania gaz\u00f3w. Silniki te cechuj\u0105 si\u0119 najni\u017cszym w bran\u017cy poziomem emisji spalin bez ograniczenia wydajno\u015bci. Do idealnych obszar\u00f3w zastosowa\u0144 [&hellip;]","og_url":"https:\/\/eneria.pl\/en\/product\/g3520b-le\/","og_site_name":"Eneria","article_modified_time":"2019-07-10T10:22:08+00:00","og_image":[{"width":712,"height":534,"url":"https:\/\/eneria.pl\/wp-content\/uploads\/2019\/04\/G3520B-LE.jpg","type":"image\/jpeg"}],"twitter_card":"summary_large_image","schema":{"@context":"https:\/\/schema.org","@graph":[{"@type":"WebPage","@id":"https:\/\/eneria.pl\/en\/product\/g3520b-le\/","url":"https:\/\/eneria.pl\/en\/product\/g3520b-le\/","name":"G3520B LE - Eneria","isPartOf":{"@id":"https:\/\/eneria.pl\/#website"},"primaryImageOfPage":{"@id":"https:\/\/eneria.pl\/en\/product\/g3520b-le\/#primaryimage"},"image":{"@id":"https:\/\/eneria.pl\/en\/product\/g3520b-le\/#primaryimage"},"thumbnailUrl":"https:\/\/eneria.pl\/wp-content\/uploads\/2019\/04\/G3520B-LE.jpg","datePublished":"2019-04-03T12:34:57+00:00","dateModified":"2019-07-10T10:22:08+00:00","breadcrumb":{"@id":"https:\/\/eneria.pl\/en\/product\/g3520b-le\/#breadcrumb"},"inLanguage":"en-US","potentialAction":[{"@type":"ReadAction","target":["https:\/\/eneria.pl\/en\/product\/g3520b-le\/"]}]},{"@type":"ImageObject","inLanguage":"en-US","@id":"https:\/\/eneria.pl\/en\/product\/g3520b-le\/#primaryimage","url":"https:\/\/eneria.pl\/wp-content\/uploads\/2019\/04\/G3520B-LE.jpg","contentUrl":"https:\/\/eneria.pl\/wp-content\/uploads\/2019\/04\/G3520B-LE.jpg","width":712,"height":534},{"@type":"BreadcrumbList","@id":"https:\/\/eneria.pl\/en\/product\/g3520b-le\/#breadcrumb","itemListElement":[{"@type":"ListItem","position":1,"name":"Home","item":"https:\/\/eneria.pl\/en\/"},{"@type":"ListItem","position":2,"name":"G3520B LE"}]},{"@type":"WebSite","@id":"https:\/\/eneria.pl\/#website","url":"https:\/\/eneria.pl\/","name":"Eneria","description":"Eneria","potentialAction":[{"@type":"SearchAction","target":{"@type":"EntryPoint","urlTemplate":"https:\/\/eneria.pl\/?s={search_term_string}"},"query-input":{"@type":"PropertyValueSpecification","valueRequired":true,"valueName":"search_term_string"}}],"inLanguage":"en-US"}]}},"_links":{"self":[{"href":"https:\/\/eneria.pl\/en\/wp-json\/wp\/v2\/product\/4114","targetHints":{"allow":["GET"]}}],"collection":[{"href":"https:\/\/eneria.pl\/en\/wp-json\/wp\/v2\/product"}],"about":[{"href":"https:\/\/eneria.pl\/en\/wp-json\/wp\/v2\/types\/product"}],"version-history":[{"count":2,"href":"https:\/\/eneria.pl\/en\/wp-json\/wp\/v2\/product\/4114\/revisions"}],"predecessor-version":[{"id":5414,"href":"https:\/\/eneria.pl\/en\/wp-json\/wp\/v2\/product\/4114\/revisions\/5414"}],"wp:featuredmedia":[{"embeddable":true,"href":"https:\/\/eneria.pl\/en\/wp-json\/wp\/v2\/media\/3370"}],"wp:attachment":[{"href":"https:\/\/eneria.pl\/en\/wp-json\/wp\/v2\/media?parent=4114"}],"curies":[{"name":"wp","href":"https:\/\/api.w.org\/{rel}","templated":true}]}}