{"id":7504,"date":"2020-09-09T07:07:41","date_gmt":"2020-09-09T05:07:41","guid":{"rendered":"https:\/\/eneria.pl\/service-and-parts\/umowy-serwisowe\/"},"modified":"2020-11-19T14:58:57","modified_gmt":"2020-11-19T13:58:57","slug":"service-contracts","status":"publish","type":"page","link":"https:\/\/eneria.pl\/en\/service-and-parts\/service-contracts\/","title":{"rendered":"Service contracts"},"content":{"rendered":"<div class=\"mceContentBody mceFrontEnd default\"><h5>Guarantee of continued service<\/h5>\n<p>Regardless of whether you have one unit or run an entire fleet, we will keep it efficient and maximise its performance with the service range that suits you best.<br \/>\nWe offer tailored Service Agreements, ranging from basic maintenance (inspections) to full service package (inspections and repair).<\/p>\n<h5>Invest in security<\/h5>\n<p>As part of the continued service package, you have the peace of mind and uptime of your equipment guaranteed:<\/p>\n<ul>\n<li>you avoid unwanted downtime in the event of a propulsion engine failure<\/li>\n<li>for generators, you have the continuous operation guaranteed in case of unforeseen power outages<\/li>\n<\/ul>\n<p>Our experts will prepare a continued service and maintenance schedule, taking into account the nature and operating environment of your equipment.<br \/>\nMoreover, you can plan your expenses better and rely on preferential pricing with a tailored contract.<\/p>\n<p>Dodatkowo &#8221; skrojona na miar\u0119&#8221; umowa pozwala lepiej zaplanowa\u0107 wydatki oraz uzyska\u0107 preferencyjne warunki finansowe.<\/p>\n<h5>More for less<\/h5>\n<p><span style=\"font-size: medium;\">In constant cooperation, you can count on a number of extra benefits, including:<\/p>\n<p><\/span><\/p>\n<ul>\n<li>Service support 24\/7\/365<\/li>\n<li>Preferential maintenance pricing<\/li>\n<li>Attractive maintenance packages<\/li>\n<li>Custom maintenance schedule<img loading=\"lazy\" decoding=\"async\" class=\"alignright wp-image-7558 size-medium\" src=\"https:\/\/eneria.pl\/wp-content\/uploads\/2020\/11\/moreforless-300x253.png\" alt=\"\" width=\"300\" height=\"253\" srcset=\"https:\/\/eneria.pl\/wp-content\/uploads\/2020\/11\/moreforless-300x253.png 300w, https:\/\/eneria.pl\/wp-content\/uploads\/2020\/11\/moreforless-1024x863.png 1024w, https:\/\/eneria.pl\/wp-content\/uploads\/2020\/11\/moreforless-768x647.png 768w, https:\/\/eneria.pl\/wp-content\/uploads\/2020\/11\/moreforless.png 1199w\" sizes=\"auto, (max-width: 300px) 100vw, 300px\" \/><\/li>\n<li>Fast delivery of spare parts<\/li>\n<li>Replacement generator set<\/li>\n<li><span style=\"font-size: medium;\">Emergency storage bay<br \/>\n\u2026 and the invaluable time you save so that you can focus on the growth of your business!<br \/>\n<\/span><\/li>\n<\/ul>\n<\/div>","protected":false},"excerpt":{"rendered":"<p>Guarantee of continued service Regardless of whether you have one unit or run an entire fleet, we will keep it efficient and maximise its performance with the service range that suits you best. [&hellip;]<\/p>\n","protected":false},"author":9,"featured_media":0,"parent":4406,"menu_order":1,"comment_status":"closed","ping_status":"closed","template":"","meta":{"_acf_changed":false,"footnotes":""},"class_list":["post-7504","page","type-page","status-publish","hentry"],"acf":[],"yoast_head":"<!-- This site is optimized with the Yoast SEO plugin v26.7 - https:\/\/yoast.com\/wordpress\/plugins\/seo\/ -->\n<title>Service contracts - Eneria<\/title>\n<meta name=\"robots\" content=\"index, follow, max-snippet:-1, max-image-preview:large, max-video-preview:-1\" \/>\n<link rel=\"canonical\" href=\"https:\/\/eneria.pl\/en\/service-and-parts\/service-contracts\/\" \/>\n<meta property=\"og:locale\" content=\"en_US\" \/>\n<meta property=\"og:type\" content=\"article\" \/>\n<meta property=\"og:title\" content=\"Service contracts - Eneria\" \/>\n<meta property=\"og:description\" content=\"Guarantee of continued service Regardless of whether you have one unit or run an entire fleet, we will keep it efficient and maximise its performance with the service range that suits you best. [&hellip;]\" \/>\n<meta property=\"og:url\" content=\"https:\/\/eneria.pl\/en\/service-and-parts\/service-contracts\/\" \/>\n<meta property=\"og:site_name\" content=\"Eneria\" \/>\n<meta property=\"article:modified_time\" content=\"2020-11-19T13:58:57+00:00\" \/>\n<meta property=\"og:image\" content=\"https:\/\/eneria.pl\/wp-content\/uploads\/2020\/11\/moreforless-300x253.png\" \/>\n<meta name=\"twitter:card\" content=\"summary_large_image\" \/>\n<meta name=\"twitter:label1\" content=\"Est. reading time\" \/>\n\t<meta name=\"twitter:data1\" content=\"1 minute\" \/>\n<script type=\"application\/ld+json\" class=\"yoast-schema-graph\">{\"@context\":\"https:\/\/schema.org\",\"@graph\":[{\"@type\":\"WebPage\",\"@id\":\"https:\/\/eneria.pl\/en\/service-and-parts\/service-contracts\/\",\"url\":\"https:\/\/eneria.pl\/en\/service-and-parts\/service-contracts\/\",\"name\":\"Service contracts - Eneria\",\"isPartOf\":{\"@id\":\"https:\/\/eneria.pl\/#website\"},\"primaryImageOfPage\":{\"@id\":\"https:\/\/eneria.pl\/en\/service-and-parts\/service-contracts\/#primaryimage\"},\"image\":{\"@id\":\"https:\/\/eneria.pl\/en\/service-and-parts\/service-contracts\/#primaryimage\"},\"thumbnailUrl\":\"https:\/\/eneria.pl\/wp-content\/uploads\/2020\/11\/moreforless-300x253.png\",\"datePublished\":\"2020-09-09T05:07:41+00:00\",\"dateModified\":\"2020-11-19T13:58:57+00:00\",\"breadcrumb\":{\"@id\":\"https:\/\/eneria.pl\/en\/service-and-parts\/service-contracts\/#breadcrumb\"},\"inLanguage\":\"en-US\",\"potentialAction\":[{\"@type\":\"ReadAction\",\"target\":[\"https:\/\/eneria.pl\/en\/service-and-parts\/service-contracts\/\"]}]},{\"@type\":\"ImageObject\",\"inLanguage\":\"en-US\",\"@id\":\"https:\/\/eneria.pl\/en\/service-and-parts\/service-contracts\/#primaryimage\",\"url\":\"https:\/\/eneria.pl\/wp-content\/uploads\/2020\/11\/moreforless-300x253.png\",\"contentUrl\":\"https:\/\/eneria.pl\/wp-content\/uploads\/2020\/11\/moreforless-300x253.png\"},{\"@type\":\"BreadcrumbList\",\"@id\":\"https:\/\/eneria.pl\/en\/service-and-parts\/service-contracts\/#breadcrumb\",\"itemListElement\":[{\"@type\":\"ListItem\",\"position\":1,\"name\":\"Home\",\"item\":\"https:\/\/eneria.pl\/en\/\"},{\"@type\":\"ListItem\",\"position\":2,\"name\":\"Service and parts\",\"item\":\"https:\/\/eneria.pl\/en\/service-and-parts\/\"},{\"@type\":\"ListItem\",\"position\":3,\"name\":\"Service contracts\"}]},{\"@type\":\"WebSite\",\"@id\":\"https:\/\/eneria.pl\/#website\",\"url\":\"https:\/\/eneria.pl\/\",\"name\":\"Eneria\",\"description\":\"Eneria\",\"potentialAction\":[{\"@type\":\"SearchAction\",\"target\":{\"@type\":\"EntryPoint\",\"urlTemplate\":\"https:\/\/eneria.pl\/?s={search_term_string}\"},\"query-input\":{\"@type\":\"PropertyValueSpecification\",\"valueRequired\":true,\"valueName\":\"search_term_string\"}}],\"inLanguage\":\"en-US\"}]}<\/script>\n<!-- \/ Yoast SEO plugin. -->","yoast_head_json":{"title":"Service contracts - Eneria","robots":{"index":"index","follow":"follow","max-snippet":"max-snippet:-1","max-image-preview":"max-image-preview:large","max-video-preview":"max-video-preview:-1"},"canonical":"https:\/\/eneria.pl\/en\/service-and-parts\/service-contracts\/","og_locale":"en_US","og_type":"article","og_title":"Service contracts - Eneria","og_description":"Guarantee of continued service Regardless of whether you have one unit or run an entire fleet, we will keep it efficient and maximise its performance with the service range that suits you best. [&hellip;]","og_url":"https:\/\/eneria.pl\/en\/service-and-parts\/service-contracts\/","og_site_name":"Eneria","article_modified_time":"2020-11-19T13:58:57+00:00","og_image":[{"url":"https:\/\/eneria.pl\/wp-content\/uploads\/2020\/11\/moreforless-300x253.png","type":"","width":"","height":""}],"twitter_card":"summary_large_image","twitter_misc":{"Est. reading time":"1 minute"},"schema":{"@context":"https:\/\/schema.org","@graph":[{"@type":"WebPage","@id":"https:\/\/eneria.pl\/en\/service-and-parts\/service-contracts\/","url":"https:\/\/eneria.pl\/en\/service-and-parts\/service-contracts\/","name":"Service contracts - Eneria","isPartOf":{"@id":"https:\/\/eneria.pl\/#website"},"primaryImageOfPage":{"@id":"https:\/\/eneria.pl\/en\/service-and-parts\/service-contracts\/#primaryimage"},"image":{"@id":"https:\/\/eneria.pl\/en\/service-and-parts\/service-contracts\/#primaryimage"},"thumbnailUrl":"https:\/\/eneria.pl\/wp-content\/uploads\/2020\/11\/moreforless-300x253.png","datePublished":"2020-09-09T05:07:41+00:00","dateModified":"2020-11-19T13:58:57+00:00","breadcrumb":{"@id":"https:\/\/eneria.pl\/en\/service-and-parts\/service-contracts\/#breadcrumb"},"inLanguage":"en-US","potentialAction":[{"@type":"ReadAction","target":["https:\/\/eneria.pl\/en\/service-and-parts\/service-contracts\/"]}]},{"@type":"ImageObject","inLanguage":"en-US","@id":"https:\/\/eneria.pl\/en\/service-and-parts\/service-contracts\/#primaryimage","url":"https:\/\/eneria.pl\/wp-content\/uploads\/2020\/11\/moreforless-300x253.png","contentUrl":"https:\/\/eneria.pl\/wp-content\/uploads\/2020\/11\/moreforless-300x253.png"},{"@type":"BreadcrumbList","@id":"https:\/\/eneria.pl\/en\/service-and-parts\/service-contracts\/#breadcrumb","itemListElement":[{"@type":"ListItem","position":1,"name":"Home","item":"https:\/\/eneria.pl\/en\/"},{"@type":"ListItem","position":2,"name":"Service and parts","item":"https:\/\/eneria.pl\/en\/service-and-parts\/"},{"@type":"ListItem","position":3,"name":"Service contracts"}]},{"@type":"WebSite","@id":"https:\/\/eneria.pl\/#website","url":"https:\/\/eneria.pl\/","name":"Eneria","description":"Eneria","potentialAction":[{"@type":"SearchAction","target":{"@type":"EntryPoint","urlTemplate":"https:\/\/eneria.pl\/?s={search_term_string}"},"query-input":{"@type":"PropertyValueSpecification","valueRequired":true,"valueName":"search_term_string"}}],"inLanguage":"en-US"}]}},"_links":{"self":[{"href":"https:\/\/eneria.pl\/en\/wp-json\/wp\/v2\/pages\/7504","targetHints":{"allow":["GET"]}}],"collection":[{"href":"https:\/\/eneria.pl\/en\/wp-json\/wp\/v2\/pages"}],"about":[{"href":"https:\/\/eneria.pl\/en\/wp-json\/wp\/v2\/types\/page"}],"author":[{"embeddable":true,"href":"https:\/\/eneria.pl\/en\/wp-json\/wp\/v2\/users\/9"}],"replies":[{"embeddable":true,"href":"https:\/\/eneria.pl\/en\/wp-json\/wp\/v2\/comments?post=7504"}],"version-history":[{"count":5,"href":"https:\/\/eneria.pl\/en\/wp-json\/wp\/v2\/pages\/7504\/revisions"}],"predecessor-version":[{"id":7561,"href":"https:\/\/eneria.pl\/en\/wp-json\/wp\/v2\/pages\/7504\/revisions\/7561"}],"up":[{"embeddable":true,"href":"https:\/\/eneria.pl\/en\/wp-json\/wp\/v2\/pages\/4406"}],"wp:attachment":[{"href":"https:\/\/eneria.pl\/en\/wp-json\/wp\/v2\/media?parent=7504"}],"curies":[{"name":"wp","href":"https:\/\/api.w.org\/{rel}","templated":true}]}}