{"id":7478,"date":"2020-09-09T16:10:14","date_gmt":"2020-09-09T14:10:14","guid":{"rendered":"https:\/\/eneria.pl\/serwis-i-czesci\/serwis-agregatow-kogeneracyjnych\/"},"modified":"2020-11-18T11:17:34","modified_gmt":"2020-11-18T10:17:34","slug":"service-of-cogeneration-units","status":"publish","type":"page","link":"https:\/\/eneria.pl\/en\/service-and-parts\/service-of-cogeneration-units\/","title":{"rendered":"Service of cogeneration units"},"content":{"rendered":"<div class=\"mceContentBody mceFrontEnd default\"><p>If you use cogeneration units, you certainly know how beneficial this solution is: reduced production cost, savings on electricity or being independent from the commercial power grid. Moreover, you are doing something unique for the environment! Let us be a part of this process. We offer comprehensive turnkey solutions to maintain the full performance of your cogeneration unit.<\/p>\n<h3>Certified overhauls of CHP cogeneration units<\/h3>\n<p><span style=\"font-size: medium;\">ur team of certified service engineers will help you optimise the performance of your engine to ensure a competitive advantage and energy security to your business.<\/span><\/p>\n<p>&nbsp;<\/p>\n<h6><img loading=\"lazy\" decoding=\"async\" class=\"alignnone size-full wp-image-7186\" src=\"https:\/\/eneria.pl\/wp-content\/uploads\/2020\/09\/17.png\" alt=\"gaz ziemny\" width=\"272\" height=\"272\" srcset=\"https:\/\/eneria.pl\/wp-content\/uploads\/2020\/09\/17.png 272w, https:\/\/eneria.pl\/wp-content\/uploads\/2020\/09\/17-150x150.png 150w\" sizes=\"auto, (max-width: 272px) 100vw, 272px\" \/> \u00a0 \u00a0 \u00a0 \u00a0 \u00a0 \u00a0 \u00a0 \u00a0\u00a0 <img loading=\"lazy\" decoding=\"async\" class=\"alignnone size-full wp-image-7188\" src=\"https:\/\/eneria.pl\/wp-content\/uploads\/2020\/09\/18.png\" alt=\"biogaz\" width=\"272\" height=\"272\" srcset=\"https:\/\/eneria.pl\/wp-content\/uploads\/2020\/09\/18.png 272w, https:\/\/eneria.pl\/wp-content\/uploads\/2020\/09\/18-150x150.png 150w\" sizes=\"auto, (max-width: 272px) 100vw, 272px\" \/> \u00a0 \u00a0 \u00a0 \u00a0 \u00a0 \u00a0 \u00a0 \u00a0 \u00a0 \u00a0 \u00a0 \u00a0 <img loading=\"lazy\" decoding=\"async\" class=\"alignnone size-full wp-image-7190\" src=\"https:\/\/eneria.pl\/wp-content\/uploads\/2020\/09\/19.png\" alt=\"GAZY SPECJALNE\" width=\"272\" height=\"272\" srcset=\"https:\/\/eneria.pl\/wp-content\/uploads\/2020\/09\/19.png 272w, https:\/\/eneria.pl\/wp-content\/uploads\/2020\/09\/19-150x150.png 150w\" sizes=\"auto, (max-width: 272px) 100vw, 272px\" \/><\/h6>\n<h5><strong>\u00a0 \u00a0 \u00a0 \u00a0 NATURAL GAS\u00a0 \u00a0 \u00a0 \u00a0 \u00a0 \u00a0 \u00a0 \u00a0 \u00a0 \u00a0 \u00a0 \u00a0 \u00a0 \u00a0 \u00a0 \u00a0 \u00a0 \u00a0 \u00a0BIOGAS \u00a0 \u00a0 \u00a0 \u00a0 \u00a0 \u00a0 \u00a0 \u00a0 \u00a0 \u00a0 \u00a0 \u00a0 \u00a0 \u00a0 \u00a0 \u00a0 \u00a0 \u00a0 \u00a0\u00a0 SPECIAL GASES<\/strong><\/h5>\n<p>&nbsp;<\/p>\n<p><span style=\"font-size: medium;\">We take care of a full range of cogeneration systems in the power range from 137 kW to 9.75 MW in one power unit powered by:<br \/>\nIf you use cogeneration units, you certainly know how beneficial this solution is: reduced production cost, savings on electricity or being independent from the commercial power grid. Moreover, you are doing something unique for the environment! Let us be a part of this process. We offer comprehensive turnkey solutions to maintain the full performance of your cogeneration unit.<\/span><\/p>\n<h5>Full service coverage<\/h5>\n<p><span style=\"font-size: medium;\">Our team of certified service engineers will help you optimise the performance of your engine to ensure a competitive advantage and energy security to your business.<br \/>\nWe take care of a full range of cogeneration systems in the power range from 137 kW to 9.75 MW in one power unit powered by:<br \/>\n<\/span><\/p>\n<h5>Exceeding the standards<\/h5>\n<p>We perform basic service inspections of cogeneration units and offer a full range of overhaul works and repairs supported at every stage by full diagnostics.<\/p>\n<p><img loading=\"lazy\" decoding=\"async\" class=\"alignnone wp-image-7174\" src=\"https:\/\/eneria.pl\/wp-content\/uploads\/2020\/09\/20.png\" alt=\"PROFESJONALNY MONTA\u017b\" width=\"80\" height=\"80\" srcset=\"https:\/\/eneria.pl\/wp-content\/uploads\/2020\/09\/20.png 272w, https:\/\/eneria.pl\/wp-content\/uploads\/2020\/09\/20-150x150.png 150w\" sizes=\"auto, (max-width: 80px) 100vw, 80px\" \/>EXPERT ASSEMBLY AND COMMISSIONING OF NEW UNITS<\/p>\n<p><img loading=\"lazy\" decoding=\"async\" class=\"alignnone wp-image-7176\" src=\"https:\/\/eneria.pl\/wp-content\/uploads\/2020\/09\/21.png\" alt=\"bie\u017c\u0105ca obs\u0142uga\" width=\"82\" height=\"82\" srcset=\"https:\/\/eneria.pl\/wp-content\/uploads\/2020\/09\/21.png 272w, https:\/\/eneria.pl\/wp-content\/uploads\/2020\/09\/21-150x150.png 150w\" sizes=\"auto, (max-width: 82px) 100vw, 82px\" \/>REGULAR MAINTENANCE AND REPAIR (FULL RANGE)<\/p>\n<p><img loading=\"lazy\" decoding=\"async\" class=\"alignnone wp-image-7178\" src=\"https:\/\/eneria.pl\/wp-content\/uploads\/2020\/09\/22.png\" alt=\"rozszerzona diagnostyka\" width=\"81\" height=\"81\" srcset=\"https:\/\/eneria.pl\/wp-content\/uploads\/2020\/09\/22.png 272w, https:\/\/eneria.pl\/wp-content\/uploads\/2020\/09\/22-150x150.png 150w\" sizes=\"auto, (max-width: 81px) 100vw, 81px\" \/>EXTENDED S.O.S. OIL DIAGNOSTICS<\/p>\n<p><img loading=\"lazy\" decoding=\"async\" class=\"alignnone wp-image-7180\" src=\"https:\/\/eneria.pl\/wp-content\/uploads\/2020\/09\/23.png\" alt=\"obs\u0142uga remont\u00f3w generalnych\" width=\"79\" height=\"79\" srcset=\"https:\/\/eneria.pl\/wp-content\/uploads\/2020\/09\/23.png 272w, https:\/\/eneria.pl\/wp-content\/uploads\/2020\/09\/23-150x150.png 150w\" sizes=\"auto, (max-width: 79px) 100vw, 79px\" \/>MANAGING MAJOR OVERHAULS (INCLUDING CERTIFIED REFURBISHMENT PROJECTS)<\/p>\n<p><img loading=\"lazy\" decoding=\"async\" class=\"alignnone wp-image-7182\" src=\"https:\/\/eneria.pl\/wp-content\/uploads\/2020\/09\/24.png\" alt=\"diagnostyka specjalistyczna\" width=\"78\" height=\"78\" srcset=\"https:\/\/eneria.pl\/wp-content\/uploads\/2020\/09\/24.png 272w, https:\/\/eneria.pl\/wp-content\/uploads\/2020\/09\/24-150x150.png 150w\" sizes=\"auto, (max-width: 78px) 100vw, 78px\" \/>RELIABLE SPECIALIST DIAGNOSTICS (FULL ON-LINE MONITORING, FLUE GAS ANALYSIS ETC. )<\/p>\n<p><img loading=\"lazy\" decoding=\"async\" class=\"alignnone wp-image-7184\" src=\"https:\/\/eneria.pl\/wp-content\/uploads\/2020\/09\/25.png\" alt=\"indywidualne rozwi\u0105zania techniczne\" width=\"77\" height=\"77\" srcset=\"https:\/\/eneria.pl\/wp-content\/uploads\/2020\/09\/25.png 272w, https:\/\/eneria.pl\/wp-content\/uploads\/2020\/09\/25-150x150.png 150w\" sizes=\"auto, (max-width: 77px) 100vw, 77px\" \/>CUSTOMISED TECHNICAL SOLUTIONS<\/p>\n<p><span style=\"font-size: medium;\">Our units are operated on regular basis by various industries of the public and private sectors. Those include sewage treatment plants, biogas plants or small production companies. Each of these requires from us the flexibility and expertise. Thanks to them we can be sure that we are the best!<br \/>\n<\/span><\/p>\n<p>&nbsp;<\/p>\n<\/div>","protected":false},"excerpt":{"rendered":"<p>If you use cogeneration units, you certainly know how beneficial this solution is: reduced production cost, savings on electricity or being independent from the commercial power grid. Moreover, you are doing something unique [&hellip;]<\/p>\n","protected":false},"author":9,"featured_media":0,"parent":4406,"menu_order":8,"comment_status":"closed","ping_status":"closed","template":"","meta":{"_acf_changed":false,"footnotes":""},"class_list":["post-7478","page","type-page","status-publish","hentry"],"acf":[],"yoast_head":"<!-- This site is optimized with the Yoast SEO plugin v26.7 - https:\/\/yoast.com\/wordpress\/plugins\/seo\/ -->\n<title>Service of cogeneration units - Eneria<\/title>\n<meta name=\"robots\" content=\"index, follow, max-snippet:-1, max-image-preview:large, max-video-preview:-1\" \/>\n<link rel=\"canonical\" href=\"https:\/\/eneria.pl\/en\/service-and-parts\/service-of-cogeneration-units\/\" \/>\n<meta property=\"og:locale\" content=\"en_US\" \/>\n<meta property=\"og:type\" content=\"article\" \/>\n<meta property=\"og:title\" content=\"Service of cogeneration units - Eneria\" \/>\n<meta property=\"og:description\" content=\"If you use cogeneration units, you certainly know how beneficial this solution is: reduced production cost, savings on electricity or being independent from the commercial power grid. Moreover, you are doing something unique [&hellip;]\" \/>\n<meta property=\"og:url\" content=\"https:\/\/eneria.pl\/en\/service-and-parts\/service-of-cogeneration-units\/\" \/>\n<meta property=\"og:site_name\" content=\"Eneria\" \/>\n<meta property=\"article:modified_time\" content=\"2020-11-18T10:17:34+00:00\" \/>\n<meta property=\"og:image\" content=\"https:\/\/eneria.pl\/wp-content\/uploads\/2020\/09\/17.png\" \/>\n<meta name=\"twitter:card\" content=\"summary_large_image\" \/>\n<meta name=\"twitter:label1\" content=\"Est. reading time\" \/>\n\t<meta name=\"twitter:data1\" content=\"2 minutes\" \/>\n<script type=\"application\/ld+json\" class=\"yoast-schema-graph\">{\"@context\":\"https:\/\/schema.org\",\"@graph\":[{\"@type\":\"WebPage\",\"@id\":\"https:\/\/eneria.pl\/en\/service-and-parts\/service-of-cogeneration-units\/\",\"url\":\"https:\/\/eneria.pl\/en\/service-and-parts\/service-of-cogeneration-units\/\",\"name\":\"Service of cogeneration units - Eneria\",\"isPartOf\":{\"@id\":\"https:\/\/eneria.pl\/#website\"},\"primaryImageOfPage\":{\"@id\":\"https:\/\/eneria.pl\/en\/service-and-parts\/service-of-cogeneration-units\/#primaryimage\"},\"image\":{\"@id\":\"https:\/\/eneria.pl\/en\/service-and-parts\/service-of-cogeneration-units\/#primaryimage\"},\"thumbnailUrl\":\"https:\/\/eneria.pl\/wp-content\/uploads\/2020\/09\/17.png\",\"datePublished\":\"2020-09-09T14:10:14+00:00\",\"dateModified\":\"2020-11-18T10:17:34+00:00\",\"breadcrumb\":{\"@id\":\"https:\/\/eneria.pl\/en\/service-and-parts\/service-of-cogeneration-units\/#breadcrumb\"},\"inLanguage\":\"en-US\",\"potentialAction\":[{\"@type\":\"ReadAction\",\"target\":[\"https:\/\/eneria.pl\/en\/service-and-parts\/service-of-cogeneration-units\/\"]}]},{\"@type\":\"ImageObject\",\"inLanguage\":\"en-US\",\"@id\":\"https:\/\/eneria.pl\/en\/service-and-parts\/service-of-cogeneration-units\/#primaryimage\",\"url\":\"https:\/\/eneria.pl\/wp-content\/uploads\/2020\/09\/17.png\",\"contentUrl\":\"https:\/\/eneria.pl\/wp-content\/uploads\/2020\/09\/17.png\"},{\"@type\":\"BreadcrumbList\",\"@id\":\"https:\/\/eneria.pl\/en\/service-and-parts\/service-of-cogeneration-units\/#breadcrumb\",\"itemListElement\":[{\"@type\":\"ListItem\",\"position\":1,\"name\":\"Home\",\"item\":\"https:\/\/eneria.pl\/en\/\"},{\"@type\":\"ListItem\",\"position\":2,\"name\":\"Service and parts\",\"item\":\"https:\/\/eneria.pl\/en\/service-and-parts\/\"},{\"@type\":\"ListItem\",\"position\":3,\"name\":\"Service of cogeneration units\"}]},{\"@type\":\"WebSite\",\"@id\":\"https:\/\/eneria.pl\/#website\",\"url\":\"https:\/\/eneria.pl\/\",\"name\":\"Eneria\",\"description\":\"Eneria\",\"potentialAction\":[{\"@type\":\"SearchAction\",\"target\":{\"@type\":\"EntryPoint\",\"urlTemplate\":\"https:\/\/eneria.pl\/?s={search_term_string}\"},\"query-input\":{\"@type\":\"PropertyValueSpecification\",\"valueRequired\":true,\"valueName\":\"search_term_string\"}}],\"inLanguage\":\"en-US\"}]}<\/script>\n<!-- \/ Yoast SEO plugin. -->","yoast_head_json":{"title":"Service of cogeneration units - Eneria","robots":{"index":"index","follow":"follow","max-snippet":"max-snippet:-1","max-image-preview":"max-image-preview:large","max-video-preview":"max-video-preview:-1"},"canonical":"https:\/\/eneria.pl\/en\/service-and-parts\/service-of-cogeneration-units\/","og_locale":"en_US","og_type":"article","og_title":"Service of cogeneration units - Eneria","og_description":"If you use cogeneration units, you certainly know how beneficial this solution is: reduced production cost, savings on electricity or being independent from the commercial power grid. Moreover, you are doing something unique [&hellip;]","og_url":"https:\/\/eneria.pl\/en\/service-and-parts\/service-of-cogeneration-units\/","og_site_name":"Eneria","article_modified_time":"2020-11-18T10:17:34+00:00","og_image":[{"url":"https:\/\/eneria.pl\/wp-content\/uploads\/2020\/09\/17.png","type":"","width":"","height":""}],"twitter_card":"summary_large_image","twitter_misc":{"Est. reading time":"2 minutes"},"schema":{"@context":"https:\/\/schema.org","@graph":[{"@type":"WebPage","@id":"https:\/\/eneria.pl\/en\/service-and-parts\/service-of-cogeneration-units\/","url":"https:\/\/eneria.pl\/en\/service-and-parts\/service-of-cogeneration-units\/","name":"Service of cogeneration units - Eneria","isPartOf":{"@id":"https:\/\/eneria.pl\/#website"},"primaryImageOfPage":{"@id":"https:\/\/eneria.pl\/en\/service-and-parts\/service-of-cogeneration-units\/#primaryimage"},"image":{"@id":"https:\/\/eneria.pl\/en\/service-and-parts\/service-of-cogeneration-units\/#primaryimage"},"thumbnailUrl":"https:\/\/eneria.pl\/wp-content\/uploads\/2020\/09\/17.png","datePublished":"2020-09-09T14:10:14+00:00","dateModified":"2020-11-18T10:17:34+00:00","breadcrumb":{"@id":"https:\/\/eneria.pl\/en\/service-and-parts\/service-of-cogeneration-units\/#breadcrumb"},"inLanguage":"en-US","potentialAction":[{"@type":"ReadAction","target":["https:\/\/eneria.pl\/en\/service-and-parts\/service-of-cogeneration-units\/"]}]},{"@type":"ImageObject","inLanguage":"en-US","@id":"https:\/\/eneria.pl\/en\/service-and-parts\/service-of-cogeneration-units\/#primaryimage","url":"https:\/\/eneria.pl\/wp-content\/uploads\/2020\/09\/17.png","contentUrl":"https:\/\/eneria.pl\/wp-content\/uploads\/2020\/09\/17.png"},{"@type":"BreadcrumbList","@id":"https:\/\/eneria.pl\/en\/service-and-parts\/service-of-cogeneration-units\/#breadcrumb","itemListElement":[{"@type":"ListItem","position":1,"name":"Home","item":"https:\/\/eneria.pl\/en\/"},{"@type":"ListItem","position":2,"name":"Service and parts","item":"https:\/\/eneria.pl\/en\/service-and-parts\/"},{"@type":"ListItem","position":3,"name":"Service of cogeneration units"}]},{"@type":"WebSite","@id":"https:\/\/eneria.pl\/#website","url":"https:\/\/eneria.pl\/","name":"Eneria","description":"Eneria","potentialAction":[{"@type":"SearchAction","target":{"@type":"EntryPoint","urlTemplate":"https:\/\/eneria.pl\/?s={search_term_string}"},"query-input":{"@type":"PropertyValueSpecification","valueRequired":true,"valueName":"search_term_string"}}],"inLanguage":"en-US"}]}},"_links":{"self":[{"href":"https:\/\/eneria.pl\/en\/wp-json\/wp\/v2\/pages\/7478","targetHints":{"allow":["GET"]}}],"collection":[{"href":"https:\/\/eneria.pl\/en\/wp-json\/wp\/v2\/pages"}],"about":[{"href":"https:\/\/eneria.pl\/en\/wp-json\/wp\/v2\/types\/page"}],"author":[{"embeddable":true,"href":"https:\/\/eneria.pl\/en\/wp-json\/wp\/v2\/users\/9"}],"replies":[{"embeddable":true,"href":"https:\/\/eneria.pl\/en\/wp-json\/wp\/v2\/comments?post=7478"}],"version-history":[{"count":6,"href":"https:\/\/eneria.pl\/en\/wp-json\/wp\/v2\/pages\/7478\/revisions"}],"predecessor-version":[{"id":7537,"href":"https:\/\/eneria.pl\/en\/wp-json\/wp\/v2\/pages\/7478\/revisions\/7537"}],"up":[{"embeddable":true,"href":"https:\/\/eneria.pl\/en\/wp-json\/wp\/v2\/pages\/4406"}],"wp:attachment":[{"href":"https:\/\/eneria.pl\/en\/wp-json\/wp\/v2\/media?parent=7478"}],"curies":[{"name":"wp","href":"https:\/\/api.w.org\/{rel}","templated":true}]}}