{"id":6749,"date":"2019-02-11T09:21:10","date_gmt":"2019-02-11T08:21:10","guid":{"rendered":"https:\/\/eneria.pl\/?page_id=6749"},"modified":"2020-05-07T20:28:01","modified_gmt":"2020-05-07T18:28:01","slug":"contractor","status":"publish","type":"page","link":"https:\/\/eneria.pl\/en\/gdpr\/contractor\/","title":{"rendered":"Contractor"},"content":{"rendered":"<div class=\"mceContentBody mceFrontEnd page-gdpr-php\"><p><strong>Taking into account your right to personal data protection, please be kindly informed that:<\/strong><\/p>\n<ul>\n<li>The Controller of your personal data is Eneria Sp. z o.o. with its registered office in Izabelin-Dziekan\u00f3wek ul. Modli\u0144ska 11, 05-092 \u0141omianki, entered into the Register of Entrepreneurs kept by the District Court for the Capital City of Warsaw, 14th Commercial Division under KRS No. 0000044071 (hereinafter referred to as the \u201cCompany\u201d).<\/li>\n<li>In matters relating to personal data protection, you can contact us by writing to the address:\u00a0Eneria Sp. z o.o. ul.Modli\u0144ska 11, Izabelin-Dziekan\u00f3wek, 05-092 \u0141omianki, with a note: GDPR<\/li>\n<li>Your personal data will be processed for the following purposes:\n<ul>\n<li>taking action before entering into an agreement,<\/li>\n<li>entering into an agreement,<\/li>\n<li>performing an agreement,<\/li>\n<li>recording and carrying out sales of products, services and goods (including excise goods)<\/li>\n<li>handling complaints,<\/li>\n<li>establishing and pursuing possible claims pursuant to Article 6(1)(b)(c)(f) of Regulation (EU) 2016\/679 of the European Parliament and of the Council of 27 April 2016 on the protection of individuals with regard to the processing of personal data and on the free movement of such data and the repeal of Directive 95\/46\/EC (the General Data Protection Regulation, GDPR).<\/li>\n<\/ul>\n<\/li>\n<li>You have the right to access your personal data, to rectification, to data portability, to erasure or to restriction of processing and to object to the processing of your personal data.<\/li>\n<li>Your personal data will be stored:\n<ul>\n<li>for the duration of the concluded agreement and, after its termination, in connection with the legal obligation resulting from the generally applicable law,<\/li>\n<li>for the period necessary to pursue claims,<\/li>\n<\/ul>\n<\/li>\n<li>Your data will not be processed automatically, including through \u201cprofiling\u201d.<\/li>\n<li>If you consider that your personal data is processed in breach of the law, you have the right to lodge a complaint with the data protection supervisory authority.<\/li>\n<\/ul>\n<\/div>","protected":false},"excerpt":{"rendered":"<p>Taking into account your right to personal data protection, please be kindly informed that: The Controller of your personal data is Eneria Sp. z o.o. with its registered office in Izabelin-Dziekan\u00f3wek ul. Modli\u0144ska [&hellip;]<\/p>\n","protected":false},"author":3,"featured_media":0,"parent":4425,"menu_order":4,"comment_status":"closed","ping_status":"closed","template":"page-gdpr.php","meta":{"_acf_changed":false,"footnotes":""},"class_list":["post-6749","page","type-page","status-publish","hentry"],"acf":[],"yoast_head":"<!-- This site is optimized with the Yoast SEO plugin v26.7 - https:\/\/yoast.com\/wordpress\/plugins\/seo\/ -->\n<title>Contractor - Eneria<\/title>\n<meta name=\"robots\" content=\"index, follow, max-snippet:-1, max-image-preview:large, max-video-preview:-1\" \/>\n<link rel=\"canonical\" href=\"https:\/\/eneria.pl\/en\/gdpr\/contractor\/\" \/>\n<meta property=\"og:locale\" content=\"en_US\" \/>\n<meta property=\"og:type\" content=\"article\" \/>\n<meta property=\"og:title\" content=\"Contractor - Eneria\" \/>\n<meta property=\"og:description\" content=\"Taking into account your right to personal data protection, please be kindly informed that: The Controller of your personal data is Eneria Sp. z o.o. with its registered office in Izabelin-Dziekan\u00f3wek ul. Modli\u0144ska [&hellip;]\" \/>\n<meta property=\"og:url\" content=\"https:\/\/eneria.pl\/en\/gdpr\/contractor\/\" \/>\n<meta property=\"og:site_name\" content=\"Eneria\" \/>\n<meta property=\"article:modified_time\" content=\"2020-05-07T18:28:01+00:00\" \/>\n<meta name=\"twitter:card\" content=\"summary_large_image\" \/>\n<meta name=\"twitter:label1\" content=\"Est. reading time\" \/>\n\t<meta name=\"twitter:data1\" content=\"2 minutes\" \/>\n<script type=\"application\/ld+json\" class=\"yoast-schema-graph\">{\"@context\":\"https:\/\/schema.org\",\"@graph\":[{\"@type\":\"WebPage\",\"@id\":\"https:\/\/eneria.pl\/en\/gdpr\/contractor\/\",\"url\":\"https:\/\/eneria.pl\/en\/gdpr\/contractor\/\",\"name\":\"Contractor - Eneria\",\"isPartOf\":{\"@id\":\"https:\/\/eneria.pl\/#website\"},\"datePublished\":\"2019-02-11T08:21:10+00:00\",\"dateModified\":\"2020-05-07T18:28:01+00:00\",\"breadcrumb\":{\"@id\":\"https:\/\/eneria.pl\/en\/gdpr\/contractor\/#breadcrumb\"},\"inLanguage\":\"en-US\",\"potentialAction\":[{\"@type\":\"ReadAction\",\"target\":[\"https:\/\/eneria.pl\/en\/gdpr\/contractor\/\"]}]},{\"@type\":\"BreadcrumbList\",\"@id\":\"https:\/\/eneria.pl\/en\/gdpr\/contractor\/#breadcrumb\",\"itemListElement\":[{\"@type\":\"ListItem\",\"position\":1,\"name\":\"Home\",\"item\":\"https:\/\/eneria.pl\/en\/\"},{\"@type\":\"ListItem\",\"position\":2,\"name\":\"GDPR\",\"item\":\"https:\/\/eneria.pl\/en\/gdpr\/\"},{\"@type\":\"ListItem\",\"position\":3,\"name\":\"Contractor\"}]},{\"@type\":\"WebSite\",\"@id\":\"https:\/\/eneria.pl\/#website\",\"url\":\"https:\/\/eneria.pl\/\",\"name\":\"Eneria\",\"description\":\"Eneria\",\"potentialAction\":[{\"@type\":\"SearchAction\",\"target\":{\"@type\":\"EntryPoint\",\"urlTemplate\":\"https:\/\/eneria.pl\/?s={search_term_string}\"},\"query-input\":{\"@type\":\"PropertyValueSpecification\",\"valueRequired\":true,\"valueName\":\"search_term_string\"}}],\"inLanguage\":\"en-US\"}]}<\/script>\n<!-- \/ Yoast SEO plugin. -->","yoast_head_json":{"title":"Contractor - Eneria","robots":{"index":"index","follow":"follow","max-snippet":"max-snippet:-1","max-image-preview":"max-image-preview:large","max-video-preview":"max-video-preview:-1"},"canonical":"https:\/\/eneria.pl\/en\/gdpr\/contractor\/","og_locale":"en_US","og_type":"article","og_title":"Contractor - Eneria","og_description":"Taking into account your right to personal data protection, please be kindly informed that: The Controller of your personal data is Eneria Sp. z o.o. with its registered office in Izabelin-Dziekan\u00f3wek ul. Modli\u0144ska [&hellip;]","og_url":"https:\/\/eneria.pl\/en\/gdpr\/contractor\/","og_site_name":"Eneria","article_modified_time":"2020-05-07T18:28:01+00:00","twitter_card":"summary_large_image","twitter_misc":{"Est. reading time":"2 minutes"},"schema":{"@context":"https:\/\/schema.org","@graph":[{"@type":"WebPage","@id":"https:\/\/eneria.pl\/en\/gdpr\/contractor\/","url":"https:\/\/eneria.pl\/en\/gdpr\/contractor\/","name":"Contractor - Eneria","isPartOf":{"@id":"https:\/\/eneria.pl\/#website"},"datePublished":"2019-02-11T08:21:10+00:00","dateModified":"2020-05-07T18:28:01+00:00","breadcrumb":{"@id":"https:\/\/eneria.pl\/en\/gdpr\/contractor\/#breadcrumb"},"inLanguage":"en-US","potentialAction":[{"@type":"ReadAction","target":["https:\/\/eneria.pl\/en\/gdpr\/contractor\/"]}]},{"@type":"BreadcrumbList","@id":"https:\/\/eneria.pl\/en\/gdpr\/contractor\/#breadcrumb","itemListElement":[{"@type":"ListItem","position":1,"name":"Home","item":"https:\/\/eneria.pl\/en\/"},{"@type":"ListItem","position":2,"name":"GDPR","item":"https:\/\/eneria.pl\/en\/gdpr\/"},{"@type":"ListItem","position":3,"name":"Contractor"}]},{"@type":"WebSite","@id":"https:\/\/eneria.pl\/#website","url":"https:\/\/eneria.pl\/","name":"Eneria","description":"Eneria","potentialAction":[{"@type":"SearchAction","target":{"@type":"EntryPoint","urlTemplate":"https:\/\/eneria.pl\/?s={search_term_string}"},"query-input":{"@type":"PropertyValueSpecification","valueRequired":true,"valueName":"search_term_string"}}],"inLanguage":"en-US"}]}},"_links":{"self":[{"href":"https:\/\/eneria.pl\/en\/wp-json\/wp\/v2\/pages\/6749","targetHints":{"allow":["GET"]}}],"collection":[{"href":"https:\/\/eneria.pl\/en\/wp-json\/wp\/v2\/pages"}],"about":[{"href":"https:\/\/eneria.pl\/en\/wp-json\/wp\/v2\/types\/page"}],"author":[{"embeddable":true,"href":"https:\/\/eneria.pl\/en\/wp-json\/wp\/v2\/users\/3"}],"replies":[{"embeddable":true,"href":"https:\/\/eneria.pl\/en\/wp-json\/wp\/v2\/comments?post=6749"}],"version-history":[{"count":3,"href":"https:\/\/eneria.pl\/en\/wp-json\/wp\/v2\/pages\/6749\/revisions"}],"predecessor-version":[{"id":6766,"href":"https:\/\/eneria.pl\/en\/wp-json\/wp\/v2\/pages\/6749\/revisions\/6766"}],"up":[{"embeddable":true,"href":"https:\/\/eneria.pl\/en\/wp-json\/wp\/v2\/pages\/4425"}],"wp:attachment":[{"href":"https:\/\/eneria.pl\/en\/wp-json\/wp\/v2\/media?parent=6749"}],"curies":[{"name":"wp","href":"https:\/\/api.w.org\/{rel}","templated":true}]}}