{"id":6747,"date":"2020-04-27T13:10:50","date_gmt":"2020-04-27T11:10:50","guid":{"rendered":"https:\/\/eneria.pl\/?page_id=6747"},"modified":"2020-05-07T20:26:23","modified_gmt":"2020-05-07T18:26:23","slug":"information-obligation-form","status":"publish","type":"page","link":"https:\/\/eneria.pl\/en\/gdpr\/information-obligation-form\/","title":{"rendered":"Information Obligation-form"},"content":{"rendered":"<div class=\"mceContentBody mceFrontEnd page-gdpr-php\"><p><strong>Data Controller<\/strong><\/p>\n<p>The Controller of your personal data is Eneria Sp. z o.o. with its registered office in Izabelin-Dziekan\u00f3wek ul. Modli\u0144ska 11, 05-092 \u0141omianki <strong>(the \u201cController\u201d)<\/strong>. You can contact us by regular mail at the above-mentioned address, by e-mail at the e-mail address:\u00a0<a href=\"mailto:aktualizacja.rezygnacja@eneria.pl\">aktualizacja.rezygnacja@eneria.pl<\/a><\/p>\n<p><strong>Purposes of the processing of data and legal basis for the processing of data<\/strong><\/p>\n<p>We process your personal data for the sole purpose of identifying the sender and handling your inquiry. The legal basis for our processing of your data is the fulfilment of our legitimate interests, i.e. communication with the senders of messages (pursuant to Article 6(1)(f) of the GDPR).<\/p>\n<p><strong>Data recipients, transfer of data outside the EEA<\/strong><\/p>\n<p>The recipients of personal data may be: companies providing IT support for us, e-mail service providers, as well as companies from the Monnoyeur Group. The Controller does not intend to transfer personal data to third countries (outside the EEA).<\/p>\n<p><strong>Data retention period<\/strong><\/p>\n<p>Your data will be stored no longer than necessary for the handling of your inquiry, and thereafter it may be processed until the statute of limitations for possible claims expires, but for no longer than 24 months.<\/p>\n<p><strong>Rights<\/strong><\/p>\n<p>You have the right to:<\/p>\n<ul>\n<li>request access to your personal data,<\/li>\n<li>rectification,<\/li>\n<li>restriction of processing,<\/li>\n<li>erasure of data,<\/li>\n<li>data portability,<\/li>\n<li>object to the processing of your personal data<\/li>\n<\/ul>\n<p>You have the right to lodge a complaint with the competent supervisory authority in particular in the country of your habitual residence, your place of work or place of the alleged infringement. In Poland, the supervisory authority is the President of the Personal Data Protection Office\u00a0<a href=\"https:\/\/maps.google.com\/?q=ul.+Stawki+2,+00-193+Warszawa&amp;entry=gmail&amp;source=g\">ul.<\/a><a href=\"https:\/\/maps.google.com\/?q=ul.+Stawki+2,+00-193+Warszawa&amp;entry=gmail&amp;source=g\"> Stawki 2, 00-193 Warsaw<\/a>.<\/p>\n<p>You may object or withdraw your consent by contacting us by post or by writing to the e-mail address:\u00a0<a href=\"mailto:aktualizacja.rezygnacja@eneria.pl\">aktualizacja.rezygnacja@eneria.pl<\/a><\/p>\n<p><strong>Voluntary provision of data<\/strong><\/p>\n<p>The data provided in correspondence is voluntary, but necessary to respond to the inquiry<\/p>\n<p><strong>\u00a0Automated decision-making and profiling<\/strong><\/p>\n<p>Your personal data will not be used for automated decision-making or profiling.<\/p>\n<\/div>","protected":false},"excerpt":{"rendered":"<p>Data Controller The Controller of your personal data is Eneria Sp. z o.o. with its registered office in Izabelin-Dziekan\u00f3wek ul. Modli\u0144ska 11, 05-092 \u0141omianki (the \u201cController\u201d). You can contact us by regular mail [&hellip;]<\/p>\n","protected":false},"author":2,"featured_media":0,"parent":4425,"menu_order":0,"comment_status":"closed","ping_status":"closed","template":"page-gdpr.php","meta":{"_acf_changed":false,"footnotes":""},"class_list":["post-6747","page","type-page","status-publish","hentry"],"acf":[],"yoast_head":"<!-- This site is optimized with the Yoast SEO plugin v26.7 - https:\/\/yoast.com\/wordpress\/plugins\/seo\/ -->\n<title>Information Obligation-form - Eneria<\/title>\n<meta name=\"robots\" content=\"index, follow, max-snippet:-1, max-image-preview:large, max-video-preview:-1\" \/>\n<link rel=\"canonical\" href=\"https:\/\/eneria.pl\/en\/gdpr\/information-obligation-form\/\" \/>\n<meta property=\"og:locale\" content=\"en_US\" \/>\n<meta property=\"og:type\" content=\"article\" \/>\n<meta property=\"og:title\" content=\"Information Obligation-form - Eneria\" \/>\n<meta property=\"og:description\" content=\"Data Controller The Controller of your personal data is Eneria Sp. z o.o. with its registered office in Izabelin-Dziekan\u00f3wek ul. Modli\u0144ska 11, 05-092 \u0141omianki (the \u201cController\u201d). You can contact us by regular mail [&hellip;]\" \/>\n<meta property=\"og:url\" content=\"https:\/\/eneria.pl\/en\/gdpr\/information-obligation-form\/\" \/>\n<meta property=\"og:site_name\" content=\"Eneria\" \/>\n<meta property=\"article:modified_time\" content=\"2020-05-07T18:26:23+00:00\" \/>\n<meta name=\"twitter:card\" content=\"summary_large_image\" \/>\n<meta name=\"twitter:label1\" content=\"Est. reading time\" \/>\n\t<meta name=\"twitter:data1\" content=\"2 minutes\" \/>\n<script type=\"application\/ld+json\" class=\"yoast-schema-graph\">{\"@context\":\"https:\/\/schema.org\",\"@graph\":[{\"@type\":\"WebPage\",\"@id\":\"https:\/\/eneria.pl\/en\/gdpr\/information-obligation-form\/\",\"url\":\"https:\/\/eneria.pl\/en\/gdpr\/information-obligation-form\/\",\"name\":\"Information Obligation-form - Eneria\",\"isPartOf\":{\"@id\":\"https:\/\/eneria.pl\/#website\"},\"datePublished\":\"2020-04-27T11:10:50+00:00\",\"dateModified\":\"2020-05-07T18:26:23+00:00\",\"breadcrumb\":{\"@id\":\"https:\/\/eneria.pl\/en\/gdpr\/information-obligation-form\/#breadcrumb\"},\"inLanguage\":\"en-US\",\"potentialAction\":[{\"@type\":\"ReadAction\",\"target\":[\"https:\/\/eneria.pl\/en\/gdpr\/information-obligation-form\/\"]}]},{\"@type\":\"BreadcrumbList\",\"@id\":\"https:\/\/eneria.pl\/en\/gdpr\/information-obligation-form\/#breadcrumb\",\"itemListElement\":[{\"@type\":\"ListItem\",\"position\":1,\"name\":\"Home\",\"item\":\"https:\/\/eneria.pl\/en\/\"},{\"@type\":\"ListItem\",\"position\":2,\"name\":\"GDPR\",\"item\":\"https:\/\/eneria.pl\/en\/gdpr\/\"},{\"@type\":\"ListItem\",\"position\":3,\"name\":\"Information Obligation-form\"}]},{\"@type\":\"WebSite\",\"@id\":\"https:\/\/eneria.pl\/#website\",\"url\":\"https:\/\/eneria.pl\/\",\"name\":\"Eneria\",\"description\":\"Eneria\",\"potentialAction\":[{\"@type\":\"SearchAction\",\"target\":{\"@type\":\"EntryPoint\",\"urlTemplate\":\"https:\/\/eneria.pl\/?s={search_term_string}\"},\"query-input\":{\"@type\":\"PropertyValueSpecification\",\"valueRequired\":true,\"valueName\":\"search_term_string\"}}],\"inLanguage\":\"en-US\"}]}<\/script>\n<!-- \/ Yoast SEO plugin. -->","yoast_head_json":{"title":"Information Obligation-form - Eneria","robots":{"index":"index","follow":"follow","max-snippet":"max-snippet:-1","max-image-preview":"max-image-preview:large","max-video-preview":"max-video-preview:-1"},"canonical":"https:\/\/eneria.pl\/en\/gdpr\/information-obligation-form\/","og_locale":"en_US","og_type":"article","og_title":"Information Obligation-form - Eneria","og_description":"Data Controller The Controller of your personal data is Eneria Sp. z o.o. with its registered office in Izabelin-Dziekan\u00f3wek ul. Modli\u0144ska 11, 05-092 \u0141omianki (the \u201cController\u201d). You can contact us by regular mail [&hellip;]","og_url":"https:\/\/eneria.pl\/en\/gdpr\/information-obligation-form\/","og_site_name":"Eneria","article_modified_time":"2020-05-07T18:26:23+00:00","twitter_card":"summary_large_image","twitter_misc":{"Est. reading time":"2 minutes"},"schema":{"@context":"https:\/\/schema.org","@graph":[{"@type":"WebPage","@id":"https:\/\/eneria.pl\/en\/gdpr\/information-obligation-form\/","url":"https:\/\/eneria.pl\/en\/gdpr\/information-obligation-form\/","name":"Information Obligation-form - Eneria","isPartOf":{"@id":"https:\/\/eneria.pl\/#website"},"datePublished":"2020-04-27T11:10:50+00:00","dateModified":"2020-05-07T18:26:23+00:00","breadcrumb":{"@id":"https:\/\/eneria.pl\/en\/gdpr\/information-obligation-form\/#breadcrumb"},"inLanguage":"en-US","potentialAction":[{"@type":"ReadAction","target":["https:\/\/eneria.pl\/en\/gdpr\/information-obligation-form\/"]}]},{"@type":"BreadcrumbList","@id":"https:\/\/eneria.pl\/en\/gdpr\/information-obligation-form\/#breadcrumb","itemListElement":[{"@type":"ListItem","position":1,"name":"Home","item":"https:\/\/eneria.pl\/en\/"},{"@type":"ListItem","position":2,"name":"GDPR","item":"https:\/\/eneria.pl\/en\/gdpr\/"},{"@type":"ListItem","position":3,"name":"Information Obligation-form"}]},{"@type":"WebSite","@id":"https:\/\/eneria.pl\/#website","url":"https:\/\/eneria.pl\/","name":"Eneria","description":"Eneria","potentialAction":[{"@type":"SearchAction","target":{"@type":"EntryPoint","urlTemplate":"https:\/\/eneria.pl\/?s={search_term_string}"},"query-input":{"@type":"PropertyValueSpecification","valueRequired":true,"valueName":"search_term_string"}}],"inLanguage":"en-US"}]}},"_links":{"self":[{"href":"https:\/\/eneria.pl\/en\/wp-json\/wp\/v2\/pages\/6747","targetHints":{"allow":["GET"]}}],"collection":[{"href":"https:\/\/eneria.pl\/en\/wp-json\/wp\/v2\/pages"}],"about":[{"href":"https:\/\/eneria.pl\/en\/wp-json\/wp\/v2\/types\/page"}],"author":[{"embeddable":true,"href":"https:\/\/eneria.pl\/en\/wp-json\/wp\/v2\/users\/2"}],"replies":[{"embeddable":true,"href":"https:\/\/eneria.pl\/en\/wp-json\/wp\/v2\/comments?post=6747"}],"version-history":[{"count":4,"href":"https:\/\/eneria.pl\/en\/wp-json\/wp\/v2\/pages\/6747\/revisions"}],"predecessor-version":[{"id":6764,"href":"https:\/\/eneria.pl\/en\/wp-json\/wp\/v2\/pages\/6747\/revisions\/6764"}],"up":[{"embeddable":true,"href":"https:\/\/eneria.pl\/en\/wp-json\/wp\/v2\/pages\/4425"}],"wp:attachment":[{"href":"https:\/\/eneria.pl\/en\/wp-json\/wp\/v2\/media?parent=6747"}],"curies":[{"name":"wp","href":"https:\/\/api.w.org\/{rel}","templated":true}]}}