{"id":4414,"date":"2020-09-09T17:40:09","date_gmt":"2020-09-09T15:40:09","guid":{"rendered":"https:\/\/eneria.pl\/service-and-parts\/uslugi-serwisowe\/"},"modified":"2020-11-19T11:30:05","modified_gmt":"2020-11-19T10:30:05","slug":"service-of-generator-sets","status":"publish","type":"page","link":"https:\/\/eneria.pl\/en\/service-and-parts\/service-of-generator-sets\/","title":{"rendered":"Service of generator sets"},"content":{"rendered":"<div class=\"mceContentBody mceFrontEnd page-serwis-czesci-php\"><p>We know how important it is to ensure efficient and uninterrupted operation of each enterprise in line with its financial and timing objectives. In consideration of your and your customers\u2019 security, we offer expert service support for Caterpillar and other brands of diesel generator sets.<\/p>\n<h3>We keep your generators fully operational.<br \/>\nStand-by us! We are here for you<\/h3>\n<p>We keep the generators running during and after the warranty period, throughout the equipment life cycle. Caterpillar&#8217;s global support network, know-how, and access to spare parts, including those for the discontinued models, is what makes us work faster and more efficiently.<\/p>\n<p><img loading=\"lazy\" decoding=\"async\" class=\"alignnone size-large wp-image-7549\" src=\"https:\/\/eneria.pl\/wp-content\/uploads\/2020\/11\/01-1024x387.jpg\" alt=\"\" width=\"1024\" height=\"387\" srcset=\"https:\/\/eneria.pl\/wp-content\/uploads\/2020\/11\/01-1024x387.jpg 1024w, https:\/\/eneria.pl\/wp-content\/uploads\/2020\/11\/01-300x113.jpg 300w, https:\/\/eneria.pl\/wp-content\/uploads\/2020\/11\/01-768x290.jpg 768w, https:\/\/eneria.pl\/wp-content\/uploads\/2020\/11\/01-1536x581.jpg 1536w, https:\/\/eneria.pl\/wp-content\/uploads\/2020\/11\/01-2048x774.jpg 2048w\" sizes=\"auto, (max-width: 1024px) 100vw, 1024px\" \/><\/p>\n<h3>Repairs or overhauls of generator sets: quick response of an experienced team<\/h3>\n<p>You can rely on our service regardless of whether you need to repair a generator in Warsaw or in any other part of country. Looking for a power generator service, for example in Mazovia province, you should trust Eneria. Why? The team of qualified professionals works for the customers round the clock. We are aware how important it is for a power generator service based in Mazovia, Silesia and other part of the country to respond quickly, so we have established a number of service divisions operating nationwide.<\/p>\n<h3>Wherever the time matters<\/h3>\n<p>We offer our support services to public and commercial facilities including heat and power plants, industrial plants, sports facilities, diplomatic missions, shopping centres, banks, office buildings, i.e. wherever superior service quality with guaranteed constant energy security is of crucial importance.<br \/>\n<strong>Time is money<\/strong> which is why we also support local mining and production companies to reduce huge losses caused by power outages. We are present in almost every industry, and our long years of experience and superior quality as well as effective maintenance services are backed by numerous references.<\/p>\n<h3>Generator sets cared for by professionals<\/h3>\n<p>Our service of generator sets performs both, warranty and post-warranty repairs. We have two warehouses with stocks of the essential spare parts in Poland. Moreover, we can quickly arrange for a part that is not available in either of our Polish warehouses from the central warehouse in Belgium. We do our best to offer competitively priced generator set services to our customers. As a Caterpillar representative we also offer spare parts. Furthermore, we have spacious and well-equipped repair workshops with dedicated overhead cranes designed to service the largest engines and generator units.<br \/>\nWe offer service contracts for your comfort and to make sure that your equipment is well taken care of by a team of experienced and trained professionals. Servicing generator sets under a long-term contract is the best choice if the equipment uptime and expert technical support are your priorities.<br \/>\nIf you are looking for generator set services in Mazovia Province or elsewhere Poland our offer is for you. With our wide-ranging presence nationwide, effective sourcing of Caterpillar spare parts and, most importantly, the support of our team of skilled and customer-oriented service staff, you can be sure that your generator sets are in good hands.<\/p>\n<\/div>","protected":false},"excerpt":{"rendered":"<p>We know how important it is to ensure efficient and uninterrupted operation of each enterprise in line with its financial and timing objectives. In consideration of your and your customers\u2019 security, we offer [&hellip;]<\/p>\n","protected":false},"author":6,"featured_media":0,"parent":4406,"menu_order":11,"comment_status":"closed","ping_status":"closed","template":"page-serwis-czesci.php","meta":{"_acf_changed":false,"footnotes":""},"class_list":["post-4414","page","type-page","status-publish","hentry"],"acf":[],"yoast_head":"<!-- This site is optimized with the Yoast SEO plugin v26.7 - https:\/\/yoast.com\/wordpress\/plugins\/seo\/ -->\n<title>Serwis agregat\u00f3w pr\u0105dotw\u00f3rczych: jako\u015b\u0107 i profesjonalizm - Eneria<\/title>\n<meta name=\"robots\" content=\"index, follow, max-snippet:-1, max-image-preview:large, max-video-preview:-1\" \/>\n<link rel=\"canonical\" href=\"https:\/\/eneria.pl\/en\/service-and-parts\/service-of-generator-sets\/\" \/>\n<meta property=\"og:locale\" content=\"en_US\" \/>\n<meta property=\"og:type\" content=\"article\" \/>\n<meta property=\"og:title\" content=\"Serwis agregat\u00f3w pr\u0105dotw\u00f3rczych: jako\u015b\u0107 i profesjonalizm - Eneria\" \/>\n<meta property=\"og:description\" content=\"We know how important it is to ensure efficient and uninterrupted operation of each enterprise in line with its financial and timing objectives. In consideration of your and your customers\u2019 security, we offer [&hellip;]\" \/>\n<meta property=\"og:url\" content=\"https:\/\/eneria.pl\/en\/service-and-parts\/service-of-generator-sets\/\" \/>\n<meta property=\"og:site_name\" content=\"Eneria\" \/>\n<meta property=\"article:modified_time\" content=\"2020-11-19T10:30:05+00:00\" \/>\n<meta property=\"og:image\" content=\"https:\/\/eneria.pl\/wp-content\/uploads\/2020\/11\/01-1024x387.jpg\" \/>\n<meta name=\"twitter:card\" content=\"summary_large_image\" \/>\n<meta name=\"twitter:label1\" content=\"Est. reading time\" \/>\n\t<meta name=\"twitter:data1\" content=\"2 minutes\" \/>\n<script type=\"application\/ld+json\" class=\"yoast-schema-graph\">{\"@context\":\"https:\/\/schema.org\",\"@graph\":[{\"@type\":\"WebPage\",\"@id\":\"https:\/\/eneria.pl\/en\/service-and-parts\/service-of-generator-sets\/\",\"url\":\"https:\/\/eneria.pl\/en\/service-and-parts\/service-of-generator-sets\/\",\"name\":\"Serwis agregat\u00f3w pr\u0105dotw\u00f3rczych: jako\u015b\u0107 i profesjonalizm - Eneria\",\"isPartOf\":{\"@id\":\"https:\/\/eneria.pl\/#website\"},\"primaryImageOfPage\":{\"@id\":\"https:\/\/eneria.pl\/en\/service-and-parts\/service-of-generator-sets\/#primaryimage\"},\"image\":{\"@id\":\"https:\/\/eneria.pl\/en\/service-and-parts\/service-of-generator-sets\/#primaryimage\"},\"thumbnailUrl\":\"https:\/\/eneria.pl\/wp-content\/uploads\/2020\/11\/01-1024x387.jpg\",\"datePublished\":\"2020-09-09T15:40:09+00:00\",\"dateModified\":\"2020-11-19T10:30:05+00:00\",\"breadcrumb\":{\"@id\":\"https:\/\/eneria.pl\/en\/service-and-parts\/service-of-generator-sets\/#breadcrumb\"},\"inLanguage\":\"en-US\",\"potentialAction\":[{\"@type\":\"ReadAction\",\"target\":[\"https:\/\/eneria.pl\/en\/service-and-parts\/service-of-generator-sets\/\"]}]},{\"@type\":\"ImageObject\",\"inLanguage\":\"en-US\",\"@id\":\"https:\/\/eneria.pl\/en\/service-and-parts\/service-of-generator-sets\/#primaryimage\",\"url\":\"https:\/\/eneria.pl\/wp-content\/uploads\/2020\/11\/01-1024x387.jpg\",\"contentUrl\":\"https:\/\/eneria.pl\/wp-content\/uploads\/2020\/11\/01-1024x387.jpg\"},{\"@type\":\"BreadcrumbList\",\"@id\":\"https:\/\/eneria.pl\/en\/service-and-parts\/service-of-generator-sets\/#breadcrumb\",\"itemListElement\":[{\"@type\":\"ListItem\",\"position\":1,\"name\":\"Home\",\"item\":\"https:\/\/eneria.pl\/en\/\"},{\"@type\":\"ListItem\",\"position\":2,\"name\":\"Service and parts\",\"item\":\"https:\/\/eneria.pl\/en\/service-and-parts\/\"},{\"@type\":\"ListItem\",\"position\":3,\"name\":\"Service of generator sets\"}]},{\"@type\":\"WebSite\",\"@id\":\"https:\/\/eneria.pl\/#website\",\"url\":\"https:\/\/eneria.pl\/\",\"name\":\"Eneria\",\"description\":\"Eneria\",\"potentialAction\":[{\"@type\":\"SearchAction\",\"target\":{\"@type\":\"EntryPoint\",\"urlTemplate\":\"https:\/\/eneria.pl\/?s={search_term_string}\"},\"query-input\":{\"@type\":\"PropertyValueSpecification\",\"valueRequired\":true,\"valueName\":\"search_term_string\"}}],\"inLanguage\":\"en-US\"}]}<\/script>\n<!-- \/ Yoast SEO plugin. -->","yoast_head_json":{"title":"Serwis agregat\u00f3w pr\u0105dotw\u00f3rczych: jako\u015b\u0107 i profesjonalizm - Eneria","robots":{"index":"index","follow":"follow","max-snippet":"max-snippet:-1","max-image-preview":"max-image-preview:large","max-video-preview":"max-video-preview:-1"},"canonical":"https:\/\/eneria.pl\/en\/service-and-parts\/service-of-generator-sets\/","og_locale":"en_US","og_type":"article","og_title":"Serwis agregat\u00f3w pr\u0105dotw\u00f3rczych: jako\u015b\u0107 i profesjonalizm - Eneria","og_description":"We know how important it is to ensure efficient and uninterrupted operation of each enterprise in line with its financial and timing objectives. In consideration of your and your customers\u2019 security, we offer [&hellip;]","og_url":"https:\/\/eneria.pl\/en\/service-and-parts\/service-of-generator-sets\/","og_site_name":"Eneria","article_modified_time":"2020-11-19T10:30:05+00:00","og_image":[{"url":"https:\/\/eneria.pl\/wp-content\/uploads\/2020\/11\/01-1024x387.jpg","type":"","width":"","height":""}],"twitter_card":"summary_large_image","twitter_misc":{"Est. reading time":"2 minutes"},"schema":{"@context":"https:\/\/schema.org","@graph":[{"@type":"WebPage","@id":"https:\/\/eneria.pl\/en\/service-and-parts\/service-of-generator-sets\/","url":"https:\/\/eneria.pl\/en\/service-and-parts\/service-of-generator-sets\/","name":"Serwis agregat\u00f3w pr\u0105dotw\u00f3rczych: jako\u015b\u0107 i profesjonalizm - Eneria","isPartOf":{"@id":"https:\/\/eneria.pl\/#website"},"primaryImageOfPage":{"@id":"https:\/\/eneria.pl\/en\/service-and-parts\/service-of-generator-sets\/#primaryimage"},"image":{"@id":"https:\/\/eneria.pl\/en\/service-and-parts\/service-of-generator-sets\/#primaryimage"},"thumbnailUrl":"https:\/\/eneria.pl\/wp-content\/uploads\/2020\/11\/01-1024x387.jpg","datePublished":"2020-09-09T15:40:09+00:00","dateModified":"2020-11-19T10:30:05+00:00","breadcrumb":{"@id":"https:\/\/eneria.pl\/en\/service-and-parts\/service-of-generator-sets\/#breadcrumb"},"inLanguage":"en-US","potentialAction":[{"@type":"ReadAction","target":["https:\/\/eneria.pl\/en\/service-and-parts\/service-of-generator-sets\/"]}]},{"@type":"ImageObject","inLanguage":"en-US","@id":"https:\/\/eneria.pl\/en\/service-and-parts\/service-of-generator-sets\/#primaryimage","url":"https:\/\/eneria.pl\/wp-content\/uploads\/2020\/11\/01-1024x387.jpg","contentUrl":"https:\/\/eneria.pl\/wp-content\/uploads\/2020\/11\/01-1024x387.jpg"},{"@type":"BreadcrumbList","@id":"https:\/\/eneria.pl\/en\/service-and-parts\/service-of-generator-sets\/#breadcrumb","itemListElement":[{"@type":"ListItem","position":1,"name":"Home","item":"https:\/\/eneria.pl\/en\/"},{"@type":"ListItem","position":2,"name":"Service and parts","item":"https:\/\/eneria.pl\/en\/service-and-parts\/"},{"@type":"ListItem","position":3,"name":"Service of generator sets"}]},{"@type":"WebSite","@id":"https:\/\/eneria.pl\/#website","url":"https:\/\/eneria.pl\/","name":"Eneria","description":"Eneria","potentialAction":[{"@type":"SearchAction","target":{"@type":"EntryPoint","urlTemplate":"https:\/\/eneria.pl\/?s={search_term_string}"},"query-input":{"@type":"PropertyValueSpecification","valueRequired":true,"valueName":"search_term_string"}}],"inLanguage":"en-US"}]}},"_links":{"self":[{"href":"https:\/\/eneria.pl\/en\/wp-json\/wp\/v2\/pages\/4414","targetHints":{"allow":["GET"]}}],"collection":[{"href":"https:\/\/eneria.pl\/en\/wp-json\/wp\/v2\/pages"}],"about":[{"href":"https:\/\/eneria.pl\/en\/wp-json\/wp\/v2\/types\/page"}],"author":[{"embeddable":true,"href":"https:\/\/eneria.pl\/en\/wp-json\/wp\/v2\/users\/6"}],"replies":[{"embeddable":true,"href":"https:\/\/eneria.pl\/en\/wp-json\/wp\/v2\/comments?post=4414"}],"version-history":[{"count":12,"href":"https:\/\/eneria.pl\/en\/wp-json\/wp\/v2\/pages\/4414\/revisions"}],"predecessor-version":[{"id":7551,"href":"https:\/\/eneria.pl\/en\/wp-json\/wp\/v2\/pages\/4414\/revisions\/7551"}],"up":[{"embeddable":true,"href":"https:\/\/eneria.pl\/en\/wp-json\/wp\/v2\/pages\/4406"}],"wp:attachment":[{"href":"https:\/\/eneria.pl\/en\/wp-json\/wp\/v2\/media?parent=4414"}],"curies":[{"name":"wp","href":"https:\/\/api.w.org\/{rel}","templated":true}]}}