{"id":4406,"date":"2019-01-15T13:24:43","date_gmt":"2019-01-15T12:24:43","guid":{"rendered":"https:\/\/eneria.pl\/serwis-i-czesci\/"},"modified":"2024-03-25T14:46:29","modified_gmt":"2024-03-25T13:46:29","slug":"service-and-parts","status":"publish","type":"page","link":"https:\/\/eneria.pl\/en\/service-and-parts\/","title":{"rendered":"Service and parts"},"content":{"rendered":"<div class=\"mceContentBody mceFrontEnd page-serwis-czesci-php\"><h6><span style=\"color: #999999;\">A reliable partner. Maximum profit<\/span><\/h6>\n<p>&nbsp;<\/p>\n<p>We know that your profit depends on the continuity of your business. This is why we offer solid and reliable service assistance for engines and generating sets. Our specialists will go to any location in Poland, whether it is a mine, a steelworks, or a platform at sea.<\/p>\n<p>We can assist you with more than just emergency repairs. You can count on us when it comes to technical consulting, ongoing maintenance, and scheduling overhauls.<\/p>\n<p>We provide services relating to the following:<\/p>\n<ul>\n<li>Technical consulting,<\/li>\n<li>ongoing maintenance,<\/li>\n<li>service assistance 24\/7\/365,<\/li>\n<li>scheduled overhauls,<\/li>\n<li>emergency repairs.<\/li>\n<\/ul>\n<\/div>","protected":false},"excerpt":{"rendered":"<p>A reliable partner. Maximum profit &nbsp; We know that your profit depends on the continuity of your business. This is why we offer solid and reliable service assistance for engines and generating sets. [&hellip;]<\/p>\n","protected":false},"author":4,"featured_media":993,"parent":0,"menu_order":0,"comment_status":"closed","ping_status":"closed","template":"page-serwis-czesci.php","meta":{"_acf_changed":false,"footnotes":""},"class_list":["post-4406","page","type-page","status-publish","has-post-thumbnail","hentry"],"acf":[],"yoast_head":"<!-- This site is optimized with the Yoast SEO plugin v26.7 - https:\/\/yoast.com\/wordpress\/plugins\/seo\/ -->\n<title>Serwis i cz\u0119\u015bci Caterpillar: wysoka jako\u015b\u0107 us\u0142ug i do\u015bwiadczenie - Eneria<\/title>\n<meta name=\"robots\" content=\"index, follow, max-snippet:-1, max-image-preview:large, max-video-preview:-1\" \/>\n<link rel=\"canonical\" href=\"https:\/\/eneria.pl\/en\/service-and-parts\/\" \/>\n<meta property=\"og:locale\" content=\"en_US\" \/>\n<meta property=\"og:type\" content=\"article\" \/>\n<meta property=\"og:title\" content=\"Serwis i cz\u0119\u015bci Caterpillar: wysoka jako\u015b\u0107 us\u0142ug i do\u015bwiadczenie - Eneria\" \/>\n<meta property=\"og:description\" content=\"A reliable partner. Maximum profit &nbsp; We know that your profit depends on the continuity of your business. This is why we offer solid and reliable service assistance for engines and generating sets. [&hellip;]\" \/>\n<meta property=\"og:url\" content=\"https:\/\/eneria.pl\/en\/service-and-parts\/\" \/>\n<meta property=\"og:site_name\" content=\"Eneria\" \/>\n<meta property=\"article:modified_time\" content=\"2024-03-25T13:46:29+00:00\" \/>\n<meta property=\"og:image\" content=\"https:\/\/eneria.pl\/wp-content\/uploads\/2019\/02\/Header-serwis-2.jpg\" \/>\n\t<meta property=\"og:image:width\" content=\"1922\" \/>\n\t<meta property=\"og:image:height\" content=\"601\" \/>\n\t<meta property=\"og:image:type\" content=\"image\/jpeg\" \/>\n<meta name=\"twitter:card\" content=\"summary_large_image\" \/>\n<meta name=\"twitter:label1\" content=\"Est. reading time\" \/>\n\t<meta name=\"twitter:data1\" content=\"1 minute\" \/>\n<script type=\"application\/ld+json\" class=\"yoast-schema-graph\">{\"@context\":\"https:\/\/schema.org\",\"@graph\":[{\"@type\":\"WebPage\",\"@id\":\"https:\/\/eneria.pl\/en\/service-and-parts\/\",\"url\":\"https:\/\/eneria.pl\/en\/service-and-parts\/\",\"name\":\"Serwis i cz\u0119\u015bci Caterpillar: wysoka jako\u015b\u0107 us\u0142ug i do\u015bwiadczenie - Eneria\",\"isPartOf\":{\"@id\":\"https:\/\/eneria.pl\/#website\"},\"primaryImageOfPage\":{\"@id\":\"https:\/\/eneria.pl\/en\/service-and-parts\/#primaryimage\"},\"image\":{\"@id\":\"https:\/\/eneria.pl\/en\/service-and-parts\/#primaryimage\"},\"thumbnailUrl\":\"https:\/\/eneria.pl\/wp-content\/uploads\/2019\/02\/Header-serwis-2.jpg\",\"datePublished\":\"2019-01-15T12:24:43+00:00\",\"dateModified\":\"2024-03-25T13:46:29+00:00\",\"breadcrumb\":{\"@id\":\"https:\/\/eneria.pl\/en\/service-and-parts\/#breadcrumb\"},\"inLanguage\":\"en-US\",\"potentialAction\":[{\"@type\":\"ReadAction\",\"target\":[\"https:\/\/eneria.pl\/en\/service-and-parts\/\"]}]},{\"@type\":\"ImageObject\",\"inLanguage\":\"en-US\",\"@id\":\"https:\/\/eneria.pl\/en\/service-and-parts\/#primaryimage\",\"url\":\"https:\/\/eneria.pl\/wp-content\/uploads\/2019\/02\/Header-serwis-2.jpg\",\"contentUrl\":\"https:\/\/eneria.pl\/wp-content\/uploads\/2019\/02\/Header-serwis-2.jpg\",\"width\":1922,\"height\":601,\"caption\":\"OLYMPUS DIGITAL CAMERA\"},{\"@type\":\"BreadcrumbList\",\"@id\":\"https:\/\/eneria.pl\/en\/service-and-parts\/#breadcrumb\",\"itemListElement\":[{\"@type\":\"ListItem\",\"position\":1,\"name\":\"Home\",\"item\":\"https:\/\/eneria.pl\/en\/\"},{\"@type\":\"ListItem\",\"position\":2,\"name\":\"Service and parts\"}]},{\"@type\":\"WebSite\",\"@id\":\"https:\/\/eneria.pl\/#website\",\"url\":\"https:\/\/eneria.pl\/\",\"name\":\"Eneria\",\"description\":\"Eneria\",\"potentialAction\":[{\"@type\":\"SearchAction\",\"target\":{\"@type\":\"EntryPoint\",\"urlTemplate\":\"https:\/\/eneria.pl\/?s={search_term_string}\"},\"query-input\":{\"@type\":\"PropertyValueSpecification\",\"valueRequired\":true,\"valueName\":\"search_term_string\"}}],\"inLanguage\":\"en-US\"}]}<\/script>\n<!-- \/ Yoast SEO plugin. -->","yoast_head_json":{"title":"Serwis i cz\u0119\u015bci Caterpillar: wysoka jako\u015b\u0107 us\u0142ug i do\u015bwiadczenie - Eneria","robots":{"index":"index","follow":"follow","max-snippet":"max-snippet:-1","max-image-preview":"max-image-preview:large","max-video-preview":"max-video-preview:-1"},"canonical":"https:\/\/eneria.pl\/en\/service-and-parts\/","og_locale":"en_US","og_type":"article","og_title":"Serwis i cz\u0119\u015bci Caterpillar: wysoka jako\u015b\u0107 us\u0142ug i do\u015bwiadczenie - Eneria","og_description":"A reliable partner. Maximum profit &nbsp; We know that your profit depends on the continuity of your business. This is why we offer solid and reliable service assistance for engines and generating sets. [&hellip;]","og_url":"https:\/\/eneria.pl\/en\/service-and-parts\/","og_site_name":"Eneria","article_modified_time":"2024-03-25T13:46:29+00:00","og_image":[{"width":1922,"height":601,"url":"https:\/\/eneria.pl\/wp-content\/uploads\/2019\/02\/Header-serwis-2.jpg","type":"image\/jpeg"}],"twitter_card":"summary_large_image","twitter_misc":{"Est. reading time":"1 minute"},"schema":{"@context":"https:\/\/schema.org","@graph":[{"@type":"WebPage","@id":"https:\/\/eneria.pl\/en\/service-and-parts\/","url":"https:\/\/eneria.pl\/en\/service-and-parts\/","name":"Serwis i cz\u0119\u015bci Caterpillar: wysoka jako\u015b\u0107 us\u0142ug i do\u015bwiadczenie - Eneria","isPartOf":{"@id":"https:\/\/eneria.pl\/#website"},"primaryImageOfPage":{"@id":"https:\/\/eneria.pl\/en\/service-and-parts\/#primaryimage"},"image":{"@id":"https:\/\/eneria.pl\/en\/service-and-parts\/#primaryimage"},"thumbnailUrl":"https:\/\/eneria.pl\/wp-content\/uploads\/2019\/02\/Header-serwis-2.jpg","datePublished":"2019-01-15T12:24:43+00:00","dateModified":"2024-03-25T13:46:29+00:00","breadcrumb":{"@id":"https:\/\/eneria.pl\/en\/service-and-parts\/#breadcrumb"},"inLanguage":"en-US","potentialAction":[{"@type":"ReadAction","target":["https:\/\/eneria.pl\/en\/service-and-parts\/"]}]},{"@type":"ImageObject","inLanguage":"en-US","@id":"https:\/\/eneria.pl\/en\/service-and-parts\/#primaryimage","url":"https:\/\/eneria.pl\/wp-content\/uploads\/2019\/02\/Header-serwis-2.jpg","contentUrl":"https:\/\/eneria.pl\/wp-content\/uploads\/2019\/02\/Header-serwis-2.jpg","width":1922,"height":601,"caption":"OLYMPUS DIGITAL CAMERA"},{"@type":"BreadcrumbList","@id":"https:\/\/eneria.pl\/en\/service-and-parts\/#breadcrumb","itemListElement":[{"@type":"ListItem","position":1,"name":"Home","item":"https:\/\/eneria.pl\/en\/"},{"@type":"ListItem","position":2,"name":"Service and parts"}]},{"@type":"WebSite","@id":"https:\/\/eneria.pl\/#website","url":"https:\/\/eneria.pl\/","name":"Eneria","description":"Eneria","potentialAction":[{"@type":"SearchAction","target":{"@type":"EntryPoint","urlTemplate":"https:\/\/eneria.pl\/?s={search_term_string}"},"query-input":{"@type":"PropertyValueSpecification","valueRequired":true,"valueName":"search_term_string"}}],"inLanguage":"en-US"}]}},"_links":{"self":[{"href":"https:\/\/eneria.pl\/en\/wp-json\/wp\/v2\/pages\/4406","targetHints":{"allow":["GET"]}}],"collection":[{"href":"https:\/\/eneria.pl\/en\/wp-json\/wp\/v2\/pages"}],"about":[{"href":"https:\/\/eneria.pl\/en\/wp-json\/wp\/v2\/types\/page"}],"author":[{"embeddable":true,"href":"https:\/\/eneria.pl\/en\/wp-json\/wp\/v2\/users\/4"}],"replies":[{"embeddable":true,"href":"https:\/\/eneria.pl\/en\/wp-json\/wp\/v2\/comments?post=4406"}],"version-history":[{"count":13,"href":"https:\/\/eneria.pl\/en\/wp-json\/wp\/v2\/pages\/4406\/revisions"}],"predecessor-version":[{"id":13806,"href":"https:\/\/eneria.pl\/en\/wp-json\/wp\/v2\/pages\/4406\/revisions\/13806"}],"wp:featuredmedia":[{"embeddable":true,"href":"https:\/\/eneria.pl\/en\/wp-json\/wp\/v2\/media\/993"}],"wp:attachment":[{"href":"https:\/\/eneria.pl\/en\/wp-json\/wp\/v2\/media?parent=4406"}],"curies":[{"name":"wp","href":"https:\/\/api.w.org\/{rel}","templated":true}]}}