{"id":4402,"date":"2019-01-17T17:08:51","date_gmt":"2019-01-17T16:08:51","guid":{"rendered":"https:\/\/eneria.pl\/offer\/catfinancial\/"},"modified":"2025-11-19T12:34:44","modified_gmt":"2025-11-19T11:34:44","slug":"catfinancial","status":"publish","type":"page","link":"https:\/\/eneria.pl\/en\/offer\/catfinancial\/","title":{"rendered":"CAT Financial"},"content":{"rendered":"<div class=\"mceContentBody mceFrontEnd page-oferta-dzial-php\"><div class=\"row-fluid\">\n<div class=\"span12\">\n<div class=\"title\">\n<h1 class=\"h1-title\">Finansowanie<\/h1>\n<div class=\"subtitle\"><span style=\"font-size: 12pt;\">Mo\u017cesz mie\u0107 pewno\u015b\u0107, \u017ce zaoferujemy Ci najlepsze rozwi\u0105zanie finansowe, idealnie dopasowane do potrzeb Twojej firmy.<\/span><\/div>\n<\/div>\n<\/div>\n<\/div>\n<div class=\"CATSectionArea parsys\">\n<div class=\"rte section\">\n<p>Jako wiarygodna firma finansowa rozumiemy Twoje indywidualne potrzeby oraz doskonale znamy sektory, w kt\u00f3rych dzia\u0142asz. Nasi eksperci s\u0105 w stanie dopasowa\u0107 rozwi\u0105zania i zapewni\u0107 d\u0142ugie, sprawne funkcjonowanie Twojego przedsi\u0119biorstwa.<\/p>\n<p>Wspieramy klient\u00f3w, oferuj\u0105c im dostosowane do potrzeb,\u00a0wzajemnie uzupe\u0142niaj\u0105ce si\u0119\u00a0produkty i us\u0142ugi.\u00a0 Posiadamy unikaln\u0105 struktur\u0119 umo\u017cliwiaj\u0105c\u0105 spe\u0142nienie konkretnych potrzeb w zakresie finansowania maszyn Cat<sup>\u00ae<\/sup>. Nasze bogate do\u015bwiadczenie w ocenie warto\u015bci sprz\u0119tu i wiedza na temat bran\u017cy budowlanej, skutkuj\u0105 lepsz\u0105 ofert\u0105 finansowania. A zatem powiedz nam, co mo\u017cemy zrobi\u0107 dla Twojej firmy.<\/p>\n<p>Niezale\u017cnie od Twoich potrzeb sprz\u0119towych \u2013 niech b\u0119dzie to\u00a0budownictwo,\u00a0rolnictwo,\u00a0recykling &amp; odpad\u00f3w,\u00a0g\u00f3rnictwo\u00a0albo\u00a0\u200bsektor elektroenergetyczny\u2013 mo\u017cesz mie\u0107 pewno\u015b\u0107, \u017ce potrafimy przedstawi\u0107 rozwi\u0105zania finansowe, kt\u00f3re pomog\u0105 Ci szybko dokona\u0107 zakupu i zapewni\u0107, aby \u00a0sprz\u0119t pracowa\u0142 od zaraz. Oferujemy\u00a0finansowanie oraz indywidualne programy sp\u0142at. Decydujesz si\u0119 na maszyny i urz\u0105dzenia Cat\u00ae, bo wiesz, \u017ce Caterpillar zapewnia solidny, wydajny i mocny sprz\u0119t. Wybierz\u00a0<a href=\"https:\/\/www.cat.com\/pl_PL\/support\/financing-protection.html\">Cat Financial<\/a> z my\u015bl\u0105 o sukcesie Twojego przedsi\u0119biorstwa.<\/p>\n<\/div>\n<div class=\"rte section\">\n<table border=\"0\" width=\"1066\" cellspacing=\"0\" cellpadding=\"0\">\n<tbody>\n<tr>\n<td colspan=\"5\" rowspan=\"2\" width=\"1066\" height=\"46\"><b>Rozwi\u0105zania dla Twojej firmy<\/b><\/td>\n<\/tr>\n<\/tbody>\n<tbody>\n<tr>\n<td width=\"227\" height=\"41\"><a href=\"https:\/\/www.catfinancial.com\/pl_PL\/solutions\/finance\/loan.html\">\u200bPo\u017cyczka<\/a><\/td>\n<td width=\"187\"><a href=\"https:\/\/www.catfinancial.com\/pl_PL\/solutions\/finance\/operating-lease.html\">Leasing operacyjny<\/a><\/td>\n<td width=\"217\"><a href=\"https:\/\/www.catfinancial.com\/pl_PL\/solutions\/finance\/finance-lease.html\">Leasing finansowy<\/a><\/td>\n<td width=\"211\"><a href=\"https:\/\/www.catfinancial.com\/pl_PL\/solutions\/finance\/flex-lease.html\">Najem D\u0142ugoterminowy Flex<\/a><\/td>\n<td width=\"224\"><a href=\"https:\/\/www.catfinancial.com\/pl_PL\/solutions\/finance\/long-term-rental.html\">Najem d\u0142ugoterminowy<\/a><\/td>\n<\/tr>\n<tr>\n<td width=\"227\" height=\"153\">Natychmiastowe posiadanie sprz\u0119tu \u2013 faktura wystawiana bezpo\u015brednio na klienta. Opcja sp\u0142aty w dowolnym momencie. Odpowiednia dla klient\u00f3w wnioskuj\u0105cych o \u00a0unijne fundusze sp\u00f3jno\u015bci.<\/td>\n<td width=\"187\">Finansowanie pozabilansowe, w kt\u00f3rym op\u0142aty leasingowe w podstawowym okresie stanowi\u0105 koszt uzyskania przychodu leasingobiorcy<\/td>\n<td width=\"217\">Sprz\u0119t ujmowany w aktywach trwa\u0142ych leasingobiorcy. Amortyzacja dokonywana przez klienta, odpisy w podstawowym okresie leasingu. Pe\u0142na swoboda korzystania z maszyn. Oferta odpowiednia zar\u00f3wno dla du\u017cych firm notowanych na gie\u0142dzie, jak i\u00a0 przedsi\u0119biorstw prywatnych.<\/td>\n<td width=\"211\">Leasing operacyjny i rozliczenia pozabilansowe oparte na zmiennych stawkach miesi\u0119cznych uzale\u017cnionych od godzin pracy maszyny w danym miesi\u0105cu.<\/td>\n<td width=\"224\">Dla klient\u00f3w, kt\u00f3rzy wol\u0105 wnosi\u0107 sta\u0142\u0105 op\u0142at\u0119 miesi\u0119czn\u0105 i korzysta\u0107 ze sprz\u0119tu w konkretnym celu w ramach uzgodnionego limitu miesi\u0119cznego. Po zako\u0144czeniu umowy sprz\u0119t wraca do leasingodawcy.<\/td>\n<\/tr>\n<\/tbody>\n<\/table>\n<\/div>\n<\/div>\n<p>&nbsp;<\/p>\n<section id=\"article-area\" class=\"container-fluid\">\n<div class=\"row-fluid\">\n<div class=\"articleArea parsys\">\n<div class=\"title section\">\n<h1 class=\"h1-title\"><a href=\"https:\/\/www.cat.com\/pl_PL\/support\/financing-protection\/about-us\/contact-us.html\">Kontakt<\/a><img loading=\"lazy\" decoding=\"async\" class=\"size-full wp-image-998 alignright\" src=\"https:\/\/eneria.pl\/wp-content\/uploads\/2019\/02\/0.png\" alt=\"\" width=\"200\" height=\"200\" srcset=\"https:\/\/eneria.pl\/wp-content\/uploads\/2019\/02\/0.png 200w, https:\/\/eneria.pl\/wp-content\/uploads\/2019\/02\/0-150x150.png 150w\" sizes=\"auto, (max-width: 200px) 100vw, 200px\" \/><\/h1>\n<\/div>\n<\/div>\n<\/div>\n<\/section>\n<section class=\"container-fluid\">\n<div class=\"articleArea1 parsys\">\n<div class=\"campaignEventSignup section\">\n<div class=\"event-updates-container\">\n<div class=\"row-fluid\">\n<div class=\"span5\">\n<p>Centrala w Warszawie<br \/>\nul. Prosta 51<br \/>\n00-838 Warszawa<\/p>\n<p>Tel.: + 48 22 44 88 777, + 48 22 44 88 701<\/p>\n<h3>\u200bDzia\u0142\u00a0Obs\u0142ugi Klienta<\/h3>\n<p>Tel.: + 48 22 44 88 716<\/p>\n<\/div>\n<\/div>\n<\/div>\n<\/div>\n<\/div>\n<\/section>\n<\/div>","protected":false},"excerpt":{"rendered":"<p>Finansowanie Mo\u017cesz mie\u0107 pewno\u015b\u0107, \u017ce zaoferujemy Ci najlepsze rozwi\u0105zanie finansowe, idealnie dopasowane do potrzeb Twojej firmy. Jako wiarygodna firma finansowa rozumiemy Twoje indywidualne potrzeby oraz doskonale znamy sektory, w kt\u00f3rych dzia\u0142asz. Nasi eksperci [&hellip;]<\/p>\n","protected":false},"author":4,"featured_media":999,"parent":3947,"menu_order":0,"comment_status":"closed","ping_status":"closed","template":"page-oferta-dzial.php","meta":{"_acf_changed":false,"footnotes":""},"class_list":["post-4402","page","type-page","status-publish","has-post-thumbnail","hentry"],"acf":[],"yoast_head":"<!-- This site is optimized with the Yoast SEO plugin v26.7 - https:\/\/yoast.com\/wordpress\/plugins\/seo\/ -->\n<title>CAT Financial - Eneria<\/title>\n<meta name=\"robots\" content=\"index, follow, max-snippet:-1, max-image-preview:large, max-video-preview:-1\" \/>\n<link rel=\"canonical\" href=\"https:\/\/eneria.pl\/en\/offer\/catfinancial\/\" \/>\n<meta property=\"og:locale\" content=\"en_US\" \/>\n<meta property=\"og:type\" content=\"article\" \/>\n<meta property=\"og:title\" content=\"CAT Financial - Eneria\" \/>\n<meta property=\"og:description\" content=\"Finansowanie Mo\u017cesz mie\u0107 pewno\u015b\u0107, \u017ce zaoferujemy Ci najlepsze rozwi\u0105zanie finansowe, idealnie dopasowane do potrzeb Twojej firmy. Jako wiarygodna firma finansowa rozumiemy Twoje indywidualne potrzeby oraz doskonale znamy sektory, w kt\u00f3rych dzia\u0142asz. Nasi eksperci [&hellip;]\" \/>\n<meta property=\"og:url\" content=\"https:\/\/eneria.pl\/en\/offer\/catfinancial\/\" \/>\n<meta property=\"og:site_name\" content=\"Eneria\" \/>\n<meta property=\"article:modified_time\" content=\"2025-11-19T11:34:44+00:00\" \/>\n<meta property=\"og:image\" content=\"https:\/\/eneria.pl\/wp-content\/uploads\/2019\/02\/0.png\" \/>\n\t<meta property=\"og:image:width\" content=\"200\" \/>\n\t<meta property=\"og:image:height\" content=\"200\" \/>\n\t<meta property=\"og:image:type\" content=\"image\/png\" \/>\n<meta name=\"twitter:card\" content=\"summary_large_image\" \/>\n<meta name=\"twitter:label1\" content=\"Est. reading time\" \/>\n\t<meta name=\"twitter:data1\" content=\"2 minutes\" \/>\n<script type=\"application\/ld+json\" class=\"yoast-schema-graph\">{\"@context\":\"https:\/\/schema.org\",\"@graph\":[{\"@type\":\"WebPage\",\"@id\":\"https:\/\/eneria.pl\/en\/offer\/catfinancial\/\",\"url\":\"https:\/\/eneria.pl\/en\/offer\/catfinancial\/\",\"name\":\"CAT Financial - Eneria\",\"isPartOf\":{\"@id\":\"https:\/\/eneria.pl\/#website\"},\"primaryImageOfPage\":{\"@id\":\"https:\/\/eneria.pl\/en\/offer\/catfinancial\/#primaryimage\"},\"image\":{\"@id\":\"https:\/\/eneria.pl\/en\/offer\/catfinancial\/#primaryimage\"},\"thumbnailUrl\":\"https:\/\/eneria.pl\/wp-content\/uploads\/2019\/02\/0.png\",\"datePublished\":\"2019-01-17T16:08:51+00:00\",\"dateModified\":\"2025-11-19T11:34:44+00:00\",\"breadcrumb\":{\"@id\":\"https:\/\/eneria.pl\/en\/offer\/catfinancial\/#breadcrumb\"},\"inLanguage\":\"en-US\",\"potentialAction\":[{\"@type\":\"ReadAction\",\"target\":[\"https:\/\/eneria.pl\/en\/offer\/catfinancial\/\"]}]},{\"@type\":\"ImageObject\",\"inLanguage\":\"en-US\",\"@id\":\"https:\/\/eneria.pl\/en\/offer\/catfinancial\/#primaryimage\",\"url\":\"https:\/\/eneria.pl\/wp-content\/uploads\/2019\/02\/0.png\",\"contentUrl\":\"https:\/\/eneria.pl\/wp-content\/uploads\/2019\/02\/0.png\",\"width\":200,\"height\":200},{\"@type\":\"BreadcrumbList\",\"@id\":\"https:\/\/eneria.pl\/en\/offer\/catfinancial\/#breadcrumb\",\"itemListElement\":[{\"@type\":\"ListItem\",\"position\":1,\"name\":\"Home\",\"item\":\"https:\/\/eneria.pl\/en\/\"},{\"@type\":\"ListItem\",\"position\":2,\"name\":\"Our offer\",\"item\":\"https:\/\/eneria.pl\/en\/offer\/\"},{\"@type\":\"ListItem\",\"position\":3,\"name\":\"CAT Financial\"}]},{\"@type\":\"WebSite\",\"@id\":\"https:\/\/eneria.pl\/#website\",\"url\":\"https:\/\/eneria.pl\/\",\"name\":\"Eneria\",\"description\":\"Eneria\",\"potentialAction\":[{\"@type\":\"SearchAction\",\"target\":{\"@type\":\"EntryPoint\",\"urlTemplate\":\"https:\/\/eneria.pl\/?s={search_term_string}\"},\"query-input\":{\"@type\":\"PropertyValueSpecification\",\"valueRequired\":true,\"valueName\":\"search_term_string\"}}],\"inLanguage\":\"en-US\"}]}<\/script>\n<!-- \/ Yoast SEO plugin. -->","yoast_head_json":{"title":"CAT Financial - Eneria","robots":{"index":"index","follow":"follow","max-snippet":"max-snippet:-1","max-image-preview":"max-image-preview:large","max-video-preview":"max-video-preview:-1"},"canonical":"https:\/\/eneria.pl\/en\/offer\/catfinancial\/","og_locale":"en_US","og_type":"article","og_title":"CAT Financial - Eneria","og_description":"Finansowanie Mo\u017cesz mie\u0107 pewno\u015b\u0107, \u017ce zaoferujemy Ci najlepsze rozwi\u0105zanie finansowe, idealnie dopasowane do potrzeb Twojej firmy. Jako wiarygodna firma finansowa rozumiemy Twoje indywidualne potrzeby oraz doskonale znamy sektory, w kt\u00f3rych dzia\u0142asz. Nasi eksperci [&hellip;]","og_url":"https:\/\/eneria.pl\/en\/offer\/catfinancial\/","og_site_name":"Eneria","article_modified_time":"2025-11-19T11:34:44+00:00","og_image":[{"width":200,"height":200,"url":"https:\/\/eneria.pl\/wp-content\/uploads\/2019\/02\/0.png","type":"image\/png"}],"twitter_card":"summary_large_image","twitter_misc":{"Est. reading time":"2 minutes"},"schema":{"@context":"https:\/\/schema.org","@graph":[{"@type":"WebPage","@id":"https:\/\/eneria.pl\/en\/offer\/catfinancial\/","url":"https:\/\/eneria.pl\/en\/offer\/catfinancial\/","name":"CAT Financial - Eneria","isPartOf":{"@id":"https:\/\/eneria.pl\/#website"},"primaryImageOfPage":{"@id":"https:\/\/eneria.pl\/en\/offer\/catfinancial\/#primaryimage"},"image":{"@id":"https:\/\/eneria.pl\/en\/offer\/catfinancial\/#primaryimage"},"thumbnailUrl":"https:\/\/eneria.pl\/wp-content\/uploads\/2019\/02\/0.png","datePublished":"2019-01-17T16:08:51+00:00","dateModified":"2025-11-19T11:34:44+00:00","breadcrumb":{"@id":"https:\/\/eneria.pl\/en\/offer\/catfinancial\/#breadcrumb"},"inLanguage":"en-US","potentialAction":[{"@type":"ReadAction","target":["https:\/\/eneria.pl\/en\/offer\/catfinancial\/"]}]},{"@type":"ImageObject","inLanguage":"en-US","@id":"https:\/\/eneria.pl\/en\/offer\/catfinancial\/#primaryimage","url":"https:\/\/eneria.pl\/wp-content\/uploads\/2019\/02\/0.png","contentUrl":"https:\/\/eneria.pl\/wp-content\/uploads\/2019\/02\/0.png","width":200,"height":200},{"@type":"BreadcrumbList","@id":"https:\/\/eneria.pl\/en\/offer\/catfinancial\/#breadcrumb","itemListElement":[{"@type":"ListItem","position":1,"name":"Home","item":"https:\/\/eneria.pl\/en\/"},{"@type":"ListItem","position":2,"name":"Our offer","item":"https:\/\/eneria.pl\/en\/offer\/"},{"@type":"ListItem","position":3,"name":"CAT Financial"}]},{"@type":"WebSite","@id":"https:\/\/eneria.pl\/#website","url":"https:\/\/eneria.pl\/","name":"Eneria","description":"Eneria","potentialAction":[{"@type":"SearchAction","target":{"@type":"EntryPoint","urlTemplate":"https:\/\/eneria.pl\/?s={search_term_string}"},"query-input":{"@type":"PropertyValueSpecification","valueRequired":true,"valueName":"search_term_string"}}],"inLanguage":"en-US"}]}},"_links":{"self":[{"href":"https:\/\/eneria.pl\/en\/wp-json\/wp\/v2\/pages\/4402","targetHints":{"allow":["GET"]}}],"collection":[{"href":"https:\/\/eneria.pl\/en\/wp-json\/wp\/v2\/pages"}],"about":[{"href":"https:\/\/eneria.pl\/en\/wp-json\/wp\/v2\/types\/page"}],"author":[{"embeddable":true,"href":"https:\/\/eneria.pl\/en\/wp-json\/wp\/v2\/users\/4"}],"replies":[{"embeddable":true,"href":"https:\/\/eneria.pl\/en\/wp-json\/wp\/v2\/comments?post=4402"}],"version-history":[{"count":3,"href":"https:\/\/eneria.pl\/en\/wp-json\/wp\/v2\/pages\/4402\/revisions"}],"predecessor-version":[{"id":16727,"href":"https:\/\/eneria.pl\/en\/wp-json\/wp\/v2\/pages\/4402\/revisions\/16727"}],"up":[{"embeddable":true,"href":"https:\/\/eneria.pl\/en\/wp-json\/wp\/v2\/pages\/3947"}],"wp:featuredmedia":[{"embeddable":true,"href":"https:\/\/eneria.pl\/en\/wp-json\/wp\/v2\/media\/999"}],"wp:attachment":[{"href":"https:\/\/eneria.pl\/en\/wp-json\/wp\/v2\/media?parent=4402"}],"curies":[{"name":"wp","href":"https:\/\/api.w.org\/{rel}","templated":true}]}}