{"id":4010,"date":"2019-01-17T16:21:51","date_gmt":"2019-01-17T15:21:51","guid":{"rendered":"https:\/\/eneria.pl\/offer\/engines\/silniki-przemyslowe\/"},"modified":"2019-09-23T11:24:09","modified_gmt":"2019-09-23T09:24:09","slug":"industrial-engines","status":"publish","type":"page","link":"https:\/\/eneria.pl\/en\/offer\/engines\/industrial-engines\/","title":{"rendered":"Industrial Engines"},"content":{"rendered":"<div class=\"mceContentBody mceFrontEnd page-produkty-filtry-php\"><h3>Your machine with our engine<\/h3>\n<p>CATERPILLAR industrial engines are manufactured in a wide range of output power from 8 to 4920 kW. They can be used to drive any device in a variety of applications. The experience we acquired in the production and operation of construction machinery plays significant role in the design of industrial engines, which are versatile, reliable and highly customisable to fit various client&#8217;s applications.<\/p>\n<p>Our technical support is at your disposal, whether you need to choose the right engine model and configuration, or would like to get assistance in project implementation. A right engine reduces the cost of the project and enables you to fully tap its potential.<\/p>\n<p><strong>OEM solutions<\/strong><\/p>\n<p>Whether you develop a stationary machine or a vehicle, in addition to its drive (a reliable CAT\u00ae engine) Eneria can provide you with all the necessary equipment. Gearboxes, rear axles, hydraulic systems with pumps and cylinders, electronic control as well as diagnostics systems, and even operator cabs are all at your disposal. Our technicians will choose the components that match your specific needs, by taking advantage of our experience gained over the years of making world-famous construction machinery.<\/p>\n<p>We also offer spare parts for industrial engines.<\/p>\n<\/div>","protected":false},"excerpt":{"rendered":"<p>Your machine with our engine CATERPILLAR industrial engines are manufactured in a wide range of output power from 8 to 4920 kW. They can be used to drive any device in a variety [&hellip;]<\/p>\n","protected":false},"author":4,"featured_media":1029,"parent":4005,"menu_order":0,"comment_status":"closed","ping_status":"closed","template":"page-produkty-filtry.php","meta":{"_acf_changed":false,"footnotes":""},"class_list":["post-4010","page","type-page","status-publish","has-post-thumbnail","hentry"],"acf":[],"yoast_head":"<!-- This site is optimized with the Yoast SEO plugin v26.7 - https:\/\/yoast.com\/wordpress\/plugins\/seo\/ -->\n<title>Silniki przemys\u0142owe: stawiamy na jako\u015b\u0107 - Eneria<\/title>\n<meta name=\"robots\" content=\"index, follow, max-snippet:-1, max-image-preview:large, max-video-preview:-1\" \/>\n<link rel=\"canonical\" href=\"https:\/\/eneria.pl\/en\/offer\/engines\/industrial-engines\/\" \/>\n<meta property=\"og:locale\" content=\"en_US\" \/>\n<meta property=\"og:type\" content=\"article\" \/>\n<meta property=\"og:title\" content=\"Silniki przemys\u0142owe: stawiamy na jako\u015b\u0107 - Eneria\" \/>\n<meta property=\"og:description\" content=\"Your machine with our engine CATERPILLAR industrial engines are manufactured in a wide range of output power from 8 to 4920 kW. They can be used to drive any device in a variety [&hellip;]\" \/>\n<meta property=\"og:url\" content=\"https:\/\/eneria.pl\/en\/offer\/engines\/industrial-engines\/\" \/>\n<meta property=\"og:site_name\" content=\"Eneria\" \/>\n<meta property=\"article:modified_time\" content=\"2019-09-23T09:24:09+00:00\" \/>\n<meta property=\"og:image\" content=\"https:\/\/eneria.pl\/wp-content\/uploads\/2019\/02\/Kafel-Silniki.jpg\" \/>\n\t<meta property=\"og:image:width\" content=\"800\" \/>\n\t<meta property=\"og:image:height\" content=\"600\" \/>\n\t<meta property=\"og:image:type\" content=\"image\/jpeg\" \/>\n<meta name=\"twitter:card\" content=\"summary_large_image\" \/>\n<meta name=\"twitter:label1\" content=\"Est. reading time\" \/>\n\t<meta name=\"twitter:data1\" content=\"1 minute\" \/>\n<script type=\"application\/ld+json\" class=\"yoast-schema-graph\">{\"@context\":\"https:\/\/schema.org\",\"@graph\":[{\"@type\":\"WebPage\",\"@id\":\"https:\/\/eneria.pl\/en\/offer\/engines\/industrial-engines\/\",\"url\":\"https:\/\/eneria.pl\/en\/offer\/engines\/industrial-engines\/\",\"name\":\"Silniki przemys\u0142owe: stawiamy na jako\u015b\u0107 - Eneria\",\"isPartOf\":{\"@id\":\"https:\/\/eneria.pl\/#website\"},\"primaryImageOfPage\":{\"@id\":\"https:\/\/eneria.pl\/en\/offer\/engines\/industrial-engines\/#primaryimage\"},\"image\":{\"@id\":\"https:\/\/eneria.pl\/en\/offer\/engines\/industrial-engines\/#primaryimage\"},\"thumbnailUrl\":\"https:\/\/eneria.pl\/wp-content\/uploads\/2019\/02\/Kafel-Silniki.jpg\",\"datePublished\":\"2019-01-17T15:21:51+00:00\",\"dateModified\":\"2019-09-23T09:24:09+00:00\",\"breadcrumb\":{\"@id\":\"https:\/\/eneria.pl\/en\/offer\/engines\/industrial-engines\/#breadcrumb\"},\"inLanguage\":\"en-US\",\"potentialAction\":[{\"@type\":\"ReadAction\",\"target\":[\"https:\/\/eneria.pl\/en\/offer\/engines\/industrial-engines\/\"]}]},{\"@type\":\"ImageObject\",\"inLanguage\":\"en-US\",\"@id\":\"https:\/\/eneria.pl\/en\/offer\/engines\/industrial-engines\/#primaryimage\",\"url\":\"https:\/\/eneria.pl\/wp-content\/uploads\/2019\/02\/Kafel-Silniki.jpg\",\"contentUrl\":\"https:\/\/eneria.pl\/wp-content\/uploads\/2019\/02\/Kafel-Silniki.jpg\",\"width\":800,\"height\":600},{\"@type\":\"BreadcrumbList\",\"@id\":\"https:\/\/eneria.pl\/en\/offer\/engines\/industrial-engines\/#breadcrumb\",\"itemListElement\":[{\"@type\":\"ListItem\",\"position\":1,\"name\":\"Home\",\"item\":\"https:\/\/eneria.pl\/en\/\"},{\"@type\":\"ListItem\",\"position\":2,\"name\":\"Our offer\",\"item\":\"https:\/\/eneria.pl\/en\/offer\/\"},{\"@type\":\"ListItem\",\"position\":3,\"name\":\"CATERPILLAR Engines\",\"item\":\"https:\/\/eneria.pl\/en\/offer\/engines\/\"},{\"@type\":\"ListItem\",\"position\":4,\"name\":\"Industrial Engines\"}]},{\"@type\":\"WebSite\",\"@id\":\"https:\/\/eneria.pl\/#website\",\"url\":\"https:\/\/eneria.pl\/\",\"name\":\"Eneria\",\"description\":\"Eneria\",\"potentialAction\":[{\"@type\":\"SearchAction\",\"target\":{\"@type\":\"EntryPoint\",\"urlTemplate\":\"https:\/\/eneria.pl\/?s={search_term_string}\"},\"query-input\":{\"@type\":\"PropertyValueSpecification\",\"valueRequired\":true,\"valueName\":\"search_term_string\"}}],\"inLanguage\":\"en-US\"}]}<\/script>\n<!-- \/ Yoast SEO plugin. -->","yoast_head_json":{"title":"Silniki przemys\u0142owe: stawiamy na jako\u015b\u0107 - Eneria","robots":{"index":"index","follow":"follow","max-snippet":"max-snippet:-1","max-image-preview":"max-image-preview:large","max-video-preview":"max-video-preview:-1"},"canonical":"https:\/\/eneria.pl\/en\/offer\/engines\/industrial-engines\/","og_locale":"en_US","og_type":"article","og_title":"Silniki przemys\u0142owe: stawiamy na jako\u015b\u0107 - Eneria","og_description":"Your machine with our engine CATERPILLAR industrial engines are manufactured in a wide range of output power from 8 to 4920 kW. They can be used to drive any device in a variety [&hellip;]","og_url":"https:\/\/eneria.pl\/en\/offer\/engines\/industrial-engines\/","og_site_name":"Eneria","article_modified_time":"2019-09-23T09:24:09+00:00","og_image":[{"width":800,"height":600,"url":"https:\/\/eneria.pl\/wp-content\/uploads\/2019\/02\/Kafel-Silniki.jpg","type":"image\/jpeg"}],"twitter_card":"summary_large_image","twitter_misc":{"Est. reading time":"1 minute"},"schema":{"@context":"https:\/\/schema.org","@graph":[{"@type":"WebPage","@id":"https:\/\/eneria.pl\/en\/offer\/engines\/industrial-engines\/","url":"https:\/\/eneria.pl\/en\/offer\/engines\/industrial-engines\/","name":"Silniki przemys\u0142owe: stawiamy na jako\u015b\u0107 - Eneria","isPartOf":{"@id":"https:\/\/eneria.pl\/#website"},"primaryImageOfPage":{"@id":"https:\/\/eneria.pl\/en\/offer\/engines\/industrial-engines\/#primaryimage"},"image":{"@id":"https:\/\/eneria.pl\/en\/offer\/engines\/industrial-engines\/#primaryimage"},"thumbnailUrl":"https:\/\/eneria.pl\/wp-content\/uploads\/2019\/02\/Kafel-Silniki.jpg","datePublished":"2019-01-17T15:21:51+00:00","dateModified":"2019-09-23T09:24:09+00:00","breadcrumb":{"@id":"https:\/\/eneria.pl\/en\/offer\/engines\/industrial-engines\/#breadcrumb"},"inLanguage":"en-US","potentialAction":[{"@type":"ReadAction","target":["https:\/\/eneria.pl\/en\/offer\/engines\/industrial-engines\/"]}]},{"@type":"ImageObject","inLanguage":"en-US","@id":"https:\/\/eneria.pl\/en\/offer\/engines\/industrial-engines\/#primaryimage","url":"https:\/\/eneria.pl\/wp-content\/uploads\/2019\/02\/Kafel-Silniki.jpg","contentUrl":"https:\/\/eneria.pl\/wp-content\/uploads\/2019\/02\/Kafel-Silniki.jpg","width":800,"height":600},{"@type":"BreadcrumbList","@id":"https:\/\/eneria.pl\/en\/offer\/engines\/industrial-engines\/#breadcrumb","itemListElement":[{"@type":"ListItem","position":1,"name":"Home","item":"https:\/\/eneria.pl\/en\/"},{"@type":"ListItem","position":2,"name":"Our offer","item":"https:\/\/eneria.pl\/en\/offer\/"},{"@type":"ListItem","position":3,"name":"CATERPILLAR Engines","item":"https:\/\/eneria.pl\/en\/offer\/engines\/"},{"@type":"ListItem","position":4,"name":"Industrial Engines"}]},{"@type":"WebSite","@id":"https:\/\/eneria.pl\/#website","url":"https:\/\/eneria.pl\/","name":"Eneria","description":"Eneria","potentialAction":[{"@type":"SearchAction","target":{"@type":"EntryPoint","urlTemplate":"https:\/\/eneria.pl\/?s={search_term_string}"},"query-input":{"@type":"PropertyValueSpecification","valueRequired":true,"valueName":"search_term_string"}}],"inLanguage":"en-US"}]}},"_links":{"self":[{"href":"https:\/\/eneria.pl\/en\/wp-json\/wp\/v2\/pages\/4010","targetHints":{"allow":["GET"]}}],"collection":[{"href":"https:\/\/eneria.pl\/en\/wp-json\/wp\/v2\/pages"}],"about":[{"href":"https:\/\/eneria.pl\/en\/wp-json\/wp\/v2\/types\/page"}],"author":[{"embeddable":true,"href":"https:\/\/eneria.pl\/en\/wp-json\/wp\/v2\/users\/4"}],"replies":[{"embeddable":true,"href":"https:\/\/eneria.pl\/en\/wp-json\/wp\/v2\/comments?post=4010"}],"version-history":[{"count":4,"href":"https:\/\/eneria.pl\/en\/wp-json\/wp\/v2\/pages\/4010\/revisions"}],"predecessor-version":[{"id":5781,"href":"https:\/\/eneria.pl\/en\/wp-json\/wp\/v2\/pages\/4010\/revisions\/5781"}],"up":[{"embeddable":true,"href":"https:\/\/eneria.pl\/en\/wp-json\/wp\/v2\/pages\/4005"}],"wp:featuredmedia":[{"embeddable":true,"href":"https:\/\/eneria.pl\/en\/wp-json\/wp\/v2\/media\/1029"}],"wp:attachment":[{"href":"https:\/\/eneria.pl\/en\/wp-json\/wp\/v2\/media?parent=4010"}],"curies":[{"name":"wp","href":"https:\/\/api.w.org\/{rel}","templated":true}]}}