{"id":3950,"date":"2019-01-15T13:37:55","date_gmt":"2019-01-15T12:37:55","guid":{"rendered":"https:\/\/eneria.pl\/offer\/agregaty\/"},"modified":"2025-02-25T13:29:33","modified_gmt":"2025-02-25T12:29:33","slug":"diesel-generator-sets","status":"publish","type":"page","link":"https:\/\/eneria.pl\/en\/offer\/diesel-generator-sets\/","title":{"rendered":"Diesel Generator Sets"},"content":{"rendered":"<div class=\"mceContentBody mceFrontEnd page-produkty-filty-2-php\"><h2>Diesel generator sets<\/h2>\n<p>Eneria specialises in energy security. We perfectly understand that hassle-free access to electricity is an essential part of modern living, and we offer top-of-the-line generator sets as a representative of Caterpillar \u2013 one of the leading producers of high quality engines and generator sets.<\/p>\n<h2>Emergency power generator sets: assistance in case of a failure<\/h2>\n<p>We make every effort to provide our customers with reliable, proven and perfectly serviced generator sets. As we realise that the price of a generator set is a key factor in making purchase decisions, our prices match the quality of the equipment we sell. We offer both high-power generator sets, as well as devices with lower output. Generator sets available in the Eneria offer vary greatly in terms of power output, so that your choice is easier regardless of your needs.<\/p>\n<p>To choose a suitable generator set that matches your individual requirements, define your expectations before you start to look for a solution. Take into account the power output of your preferred device, find out if you need a generator set that is noiseless above all, learn what are the requirements of the facility to be powered with the genset, etc. Pay attention also to the purpose of the generator set: define whether it is to be used in a house, at a construction site, an office, a processing or manufacturing plant, or to power a data centre.<\/p>\n<p>We make every effort to offer you a solution that includes the best emergency power generator set. CAT emergency power generator sets are functional devices that provide uninterrupted supply of power i.e. in case of a failure. To take into account the varying expectations of our customers when it comes to the types of gensets, we offer a diverse range of emergency power generator sets.<\/p>\n<h2>Gas-fired generator set for demanding users<\/h2>\n<p>The Eneria product range includes gas-fired CAT generator sets available for sale. Gas-fired generator sets are particularly suitable for those who require high quality and reliable operation. Gas-fired CAT gensets are characterised by high efficiency and, most importantly, durability. We will assist you in choosing a suitable gas-fired generator set whose operation matches your individual needs.<\/p>\n<h2>Generator set: rental<\/h2>\n<p>If the price of a generator set exceeds your budget or you do not wish or are unable to purchase equipment, renting a genset is a viable alternative. We have made sure that our offer includes a wide range of devices available for rental. Our rental offer includes XQ and DE series generator sets. You can customise the terms of rental to match your needs. Rental of generator sets is a particularly beneficial if the device is to be used only for a specific duration.<\/p>\n<h2>Used generator sets<\/h2>\n<p>Used generator sets are an alternative to brand new ones. Eneria offers used devices not only with affordability in mind, but also with attention to their quality. Even though the offered generator sets are used, their quality, durability, and efficiency are very high, as we focus primarily on their excellent technical condition. We make sure that you are offered functional and operational <a href=\"https:\/\/eneria.pl\/oferta\/agregaty\/agregaty-uzywane\/\">used generator sets<\/a> that are a good trade-off between quality and price.<\/p>\n<p>Eneria is a company which focuses on customers. Many years of experience in the energy security sector and our staff of highly qualified specialists are the unquestionable advantages of our offer. Drawing upon the knowledge acquired during numerous successfully implemented projects, we provide assistance in the selection of a generator set that fits your needs. We realise how important it is to competently choose an adequate generator set. Apart from selling, renting, and leasing generator sets, we also offer a generator synchronisation service. Our offer also includes professional single-axle as well as double-axle certified chassis for seamless and hassle-free transport of gensets.<\/p>\n<p>We designed our offer to be as comprehensive as possible so as to fully meets the needs of our customers. In our business we draw upon our vast experience and our extensive expertise. We assist our customers not only in making purchase decisions, but also afterwards \u2013 at the stage of implementation of the chosen solutions. We put great emphasis on the high level of our services and our customer service, and we monitor the sector of energy solutions and broaden our expertise on a continuous basis.<\/p>\n<p>&nbsp;<\/p>\n<\/div>","protected":false},"excerpt":{"rendered":"<p>Diesel generator sets Eneria specialises in energy security. We perfectly understand that hassle-free access to electricity is an essential part of modern living, and we offer top-of-the-line generator sets as a representative of [&hellip;]<\/p>\n","protected":false},"author":4,"featured_media":0,"parent":3947,"menu_order":0,"comment_status":"closed","ping_status":"closed","template":"page-produkty-filty-2.php","meta":{"_acf_changed":false,"footnotes":""},"class_list":["post-3950","page","type-page","status-publish","hentry"],"acf":[],"yoast_head":"<!-- This site is optimized with the Yoast SEO plugin v26.7 - https:\/\/yoast.com\/wordpress\/plugins\/seo\/ -->\n<title>Agregaty pr\u0105dotw\u00f3rcze: bezpiecze\u0144stwo i stabilno\u015b\u0107 - Eneria<\/title>\n<meta name=\"robots\" content=\"index, follow, max-snippet:-1, max-image-preview:large, max-video-preview:-1\" \/>\n<link rel=\"canonical\" href=\"https:\/\/eneria.pl\/en\/offer\/diesel-generator-sets\/\" \/>\n<meta property=\"og:locale\" content=\"en_US\" \/>\n<meta property=\"og:type\" content=\"article\" \/>\n<meta property=\"og:title\" content=\"Agregaty pr\u0105dotw\u00f3rcze: bezpiecze\u0144stwo i stabilno\u015b\u0107 - Eneria\" \/>\n<meta property=\"og:description\" content=\"Diesel generator sets Eneria specialises in energy security. We perfectly understand that hassle-free access to electricity is an essential part of modern living, and we offer top-of-the-line generator sets as a representative of [&hellip;]\" \/>\n<meta property=\"og:url\" content=\"https:\/\/eneria.pl\/en\/offer\/diesel-generator-sets\/\" \/>\n<meta property=\"og:site_name\" content=\"Eneria\" \/>\n<meta property=\"article:modified_time\" content=\"2025-02-25T12:29:33+00:00\" \/>\n<meta name=\"twitter:card\" content=\"summary_large_image\" \/>\n<meta name=\"twitter:label1\" content=\"Est. reading time\" \/>\n\t<meta name=\"twitter:data1\" content=\"5 minutes\" \/>\n<script type=\"application\/ld+json\" class=\"yoast-schema-graph\">{\"@context\":\"https:\/\/schema.org\",\"@graph\":[{\"@type\":\"WebPage\",\"@id\":\"https:\/\/eneria.pl\/en\/offer\/diesel-generator-sets\/\",\"url\":\"https:\/\/eneria.pl\/en\/offer\/diesel-generator-sets\/\",\"name\":\"Agregaty pr\u0105dotw\u00f3rcze: bezpiecze\u0144stwo i stabilno\u015b\u0107 - Eneria\",\"isPartOf\":{\"@id\":\"https:\/\/eneria.pl\/#website\"},\"datePublished\":\"2019-01-15T12:37:55+00:00\",\"dateModified\":\"2025-02-25T12:29:33+00:00\",\"breadcrumb\":{\"@id\":\"https:\/\/eneria.pl\/en\/offer\/diesel-generator-sets\/#breadcrumb\"},\"inLanguage\":\"en-US\",\"potentialAction\":[{\"@type\":\"ReadAction\",\"target\":[\"https:\/\/eneria.pl\/en\/offer\/diesel-generator-sets\/\"]}]},{\"@type\":\"BreadcrumbList\",\"@id\":\"https:\/\/eneria.pl\/en\/offer\/diesel-generator-sets\/#breadcrumb\",\"itemListElement\":[{\"@type\":\"ListItem\",\"position\":1,\"name\":\"Home\",\"item\":\"https:\/\/eneria.pl\/en\/\"},{\"@type\":\"ListItem\",\"position\":2,\"name\":\"Our offer\",\"item\":\"https:\/\/eneria.pl\/en\/offer\/\"},{\"@type\":\"ListItem\",\"position\":3,\"name\":\"Diesel Generator Sets\"}]},{\"@type\":\"WebSite\",\"@id\":\"https:\/\/eneria.pl\/#website\",\"url\":\"https:\/\/eneria.pl\/\",\"name\":\"Eneria\",\"description\":\"Eneria\",\"potentialAction\":[{\"@type\":\"SearchAction\",\"target\":{\"@type\":\"EntryPoint\",\"urlTemplate\":\"https:\/\/eneria.pl\/?s={search_term_string}\"},\"query-input\":{\"@type\":\"PropertyValueSpecification\",\"valueRequired\":true,\"valueName\":\"search_term_string\"}}],\"inLanguage\":\"en-US\"}]}<\/script>\n<!-- \/ Yoast SEO plugin. -->","yoast_head_json":{"title":"Agregaty pr\u0105dotw\u00f3rcze: bezpiecze\u0144stwo i stabilno\u015b\u0107 - Eneria","robots":{"index":"index","follow":"follow","max-snippet":"max-snippet:-1","max-image-preview":"max-image-preview:large","max-video-preview":"max-video-preview:-1"},"canonical":"https:\/\/eneria.pl\/en\/offer\/diesel-generator-sets\/","og_locale":"en_US","og_type":"article","og_title":"Agregaty pr\u0105dotw\u00f3rcze: bezpiecze\u0144stwo i stabilno\u015b\u0107 - Eneria","og_description":"Diesel generator sets Eneria specialises in energy security. We perfectly understand that hassle-free access to electricity is an essential part of modern living, and we offer top-of-the-line generator sets as a representative of [&hellip;]","og_url":"https:\/\/eneria.pl\/en\/offer\/diesel-generator-sets\/","og_site_name":"Eneria","article_modified_time":"2025-02-25T12:29:33+00:00","twitter_card":"summary_large_image","twitter_misc":{"Est. reading time":"5 minutes"},"schema":{"@context":"https:\/\/schema.org","@graph":[{"@type":"WebPage","@id":"https:\/\/eneria.pl\/en\/offer\/diesel-generator-sets\/","url":"https:\/\/eneria.pl\/en\/offer\/diesel-generator-sets\/","name":"Agregaty pr\u0105dotw\u00f3rcze: bezpiecze\u0144stwo i stabilno\u015b\u0107 - Eneria","isPartOf":{"@id":"https:\/\/eneria.pl\/#website"},"datePublished":"2019-01-15T12:37:55+00:00","dateModified":"2025-02-25T12:29:33+00:00","breadcrumb":{"@id":"https:\/\/eneria.pl\/en\/offer\/diesel-generator-sets\/#breadcrumb"},"inLanguage":"en-US","potentialAction":[{"@type":"ReadAction","target":["https:\/\/eneria.pl\/en\/offer\/diesel-generator-sets\/"]}]},{"@type":"BreadcrumbList","@id":"https:\/\/eneria.pl\/en\/offer\/diesel-generator-sets\/#breadcrumb","itemListElement":[{"@type":"ListItem","position":1,"name":"Home","item":"https:\/\/eneria.pl\/en\/"},{"@type":"ListItem","position":2,"name":"Our offer","item":"https:\/\/eneria.pl\/en\/offer\/"},{"@type":"ListItem","position":3,"name":"Diesel Generator Sets"}]},{"@type":"WebSite","@id":"https:\/\/eneria.pl\/#website","url":"https:\/\/eneria.pl\/","name":"Eneria","description":"Eneria","potentialAction":[{"@type":"SearchAction","target":{"@type":"EntryPoint","urlTemplate":"https:\/\/eneria.pl\/?s={search_term_string}"},"query-input":{"@type":"PropertyValueSpecification","valueRequired":true,"valueName":"search_term_string"}}],"inLanguage":"en-US"}]}},"_links":{"self":[{"href":"https:\/\/eneria.pl\/en\/wp-json\/wp\/v2\/pages\/3950","targetHints":{"allow":["GET"]}}],"collection":[{"href":"https:\/\/eneria.pl\/en\/wp-json\/wp\/v2\/pages"}],"about":[{"href":"https:\/\/eneria.pl\/en\/wp-json\/wp\/v2\/types\/page"}],"author":[{"embeddable":true,"href":"https:\/\/eneria.pl\/en\/wp-json\/wp\/v2\/users\/4"}],"replies":[{"embeddable":true,"href":"https:\/\/eneria.pl\/en\/wp-json\/wp\/v2\/comments?post=3950"}],"version-history":[{"count":15,"href":"https:\/\/eneria.pl\/en\/wp-json\/wp\/v2\/pages\/3950\/revisions"}],"predecessor-version":[{"id":15447,"href":"https:\/\/eneria.pl\/en\/wp-json\/wp\/v2\/pages\/3950\/revisions\/15447"}],"up":[{"embeddable":true,"href":"https:\/\/eneria.pl\/en\/wp-json\/wp\/v2\/pages\/3947"}],"wp:attachment":[{"href":"https:\/\/eneria.pl\/en\/wp-json\/wp\/v2\/media?parent=3950"}],"curies":[{"name":"wp","href":"https:\/\/api.w.org\/{rel}","templated":true}]}}