{"id":3938,"date":"2019-01-15T13:32:59","date_gmt":"2019-01-15T12:32:59","guid":{"rendered":"https:\/\/eneria.pl\/o-nas\/"},"modified":"2019-10-08T14:39:50","modified_gmt":"2019-10-08T12:39:50","slug":"o-nas","status":"publish","type":"page","link":"https:\/\/eneria.pl\/en\/o-nas\/","title":{"rendered":"O nas"},"content":{"rendered":"<div class=\"mceContentBody mceFrontEnd default\"><p><strong>\u0141\u0105czymy wiedz\u0119 i si\u0142\u0119 najlepszych<\/strong><\/p>\n<p>Eneria zapewnia kompleksowe rozwi\u0105zania w zakresie projekt\u00f3w zasilania rezerwowego, kogeneracji oraz modu\u0142\u00f3w energetycznych dla przemys\u0142u morskiego, kolejowego i energetycznego.<\/p>\n<p>Eneria uzyska\u0142a pozycj\u0119 lidera swojej bran\u017cy dzi\u0119ki wsparciu presti\u017cowej Grupy Monnoyeur oraz wyj\u0105tkowej wsp\u00f3\u0142pracy z Caterpillar.<\/p>\n<\/div>","protected":false},"excerpt":{"rendered":"<p>\u0141\u0105czymy wiedz\u0119 i si\u0142\u0119 najlepszych Eneria zapewnia kompleksowe rozwi\u0105zania w zakresie projekt\u00f3w zasilania rezerwowego, kogeneracji oraz modu\u0142\u00f3w energetycznych dla przemys\u0142u morskiego, kolejowego i energetycznego. Eneria uzyska\u0142a pozycj\u0119 lidera swojej bran\u017cy dzi\u0119ki wsparciu presti\u017cowej [&hellip;]<\/p>\n","protected":false},"author":4,"featured_media":0,"parent":0,"menu_order":0,"comment_status":"closed","ping_status":"closed","template":"","meta":{"_acf_changed":false,"footnotes":""},"class_list":["post-3938","page","type-page","status-publish","hentry"],"acf":[],"yoast_head":"<!-- This site is optimized with the Yoast SEO plugin v26.7 - https:\/\/yoast.com\/wordpress\/plugins\/seo\/ -->\n<title>O nas - Eneria<\/title>\n<meta name=\"robots\" content=\"index, follow, max-snippet:-1, max-image-preview:large, max-video-preview:-1\" \/>\n<link rel=\"canonical\" href=\"https:\/\/eneria.pl\/en\/o-nas\/\" \/>\n<meta property=\"og:locale\" content=\"en_US\" \/>\n<meta property=\"og:type\" content=\"article\" \/>\n<meta property=\"og:title\" content=\"O nas - Eneria\" \/>\n<meta property=\"og:description\" content=\"\u0141\u0105czymy wiedz\u0119 i si\u0142\u0119 najlepszych Eneria zapewnia kompleksowe rozwi\u0105zania w zakresie projekt\u00f3w zasilania rezerwowego, kogeneracji oraz modu\u0142\u00f3w energetycznych dla przemys\u0142u morskiego, kolejowego i energetycznego. Eneria uzyska\u0142a pozycj\u0119 lidera swojej bran\u017cy dzi\u0119ki wsparciu presti\u017cowej [&hellip;]\" \/>\n<meta property=\"og:url\" content=\"https:\/\/eneria.pl\/en\/o-nas\/\" \/>\n<meta property=\"og:site_name\" content=\"Eneria\" \/>\n<meta property=\"article:modified_time\" content=\"2019-10-08T12:39:50+00:00\" \/>\n<meta name=\"twitter:card\" content=\"summary_large_image\" \/>\n<script type=\"application\/ld+json\" class=\"yoast-schema-graph\">{\"@context\":\"https:\/\/schema.org\",\"@graph\":[{\"@type\":\"WebPage\",\"@id\":\"https:\/\/eneria.pl\/en\/o-nas\/\",\"url\":\"https:\/\/eneria.pl\/en\/o-nas\/\",\"name\":\"O nas - Eneria\",\"isPartOf\":{\"@id\":\"https:\/\/eneria.pl\/#website\"},\"datePublished\":\"2019-01-15T12:32:59+00:00\",\"dateModified\":\"2019-10-08T12:39:50+00:00\",\"breadcrumb\":{\"@id\":\"https:\/\/eneria.pl\/en\/o-nas\/#breadcrumb\"},\"inLanguage\":\"en-US\",\"potentialAction\":[{\"@type\":\"ReadAction\",\"target\":[\"https:\/\/eneria.pl\/en\/o-nas\/\"]}]},{\"@type\":\"BreadcrumbList\",\"@id\":\"https:\/\/eneria.pl\/en\/o-nas\/#breadcrumb\",\"itemListElement\":[{\"@type\":\"ListItem\",\"position\":1,\"name\":\"Home\",\"item\":\"https:\/\/eneria.pl\/en\/\"},{\"@type\":\"ListItem\",\"position\":2,\"name\":\"O nas\"}]},{\"@type\":\"WebSite\",\"@id\":\"https:\/\/eneria.pl\/#website\",\"url\":\"https:\/\/eneria.pl\/\",\"name\":\"Eneria\",\"description\":\"Eneria\",\"potentialAction\":[{\"@type\":\"SearchAction\",\"target\":{\"@type\":\"EntryPoint\",\"urlTemplate\":\"https:\/\/eneria.pl\/?s={search_term_string}\"},\"query-input\":{\"@type\":\"PropertyValueSpecification\",\"valueRequired\":true,\"valueName\":\"search_term_string\"}}],\"inLanguage\":\"en-US\"}]}<\/script>\n<!-- \/ Yoast SEO plugin. -->","yoast_head_json":{"title":"O nas - Eneria","robots":{"index":"index","follow":"follow","max-snippet":"max-snippet:-1","max-image-preview":"max-image-preview:large","max-video-preview":"max-video-preview:-1"},"canonical":"https:\/\/eneria.pl\/en\/o-nas\/","og_locale":"en_US","og_type":"article","og_title":"O nas - Eneria","og_description":"\u0141\u0105czymy wiedz\u0119 i si\u0142\u0119 najlepszych Eneria zapewnia kompleksowe rozwi\u0105zania w zakresie projekt\u00f3w zasilania rezerwowego, kogeneracji oraz modu\u0142\u00f3w energetycznych dla przemys\u0142u morskiego, kolejowego i energetycznego. Eneria uzyska\u0142a pozycj\u0119 lidera swojej bran\u017cy dzi\u0119ki wsparciu presti\u017cowej [&hellip;]","og_url":"https:\/\/eneria.pl\/en\/o-nas\/","og_site_name":"Eneria","article_modified_time":"2019-10-08T12:39:50+00:00","twitter_card":"summary_large_image","schema":{"@context":"https:\/\/schema.org","@graph":[{"@type":"WebPage","@id":"https:\/\/eneria.pl\/en\/o-nas\/","url":"https:\/\/eneria.pl\/en\/o-nas\/","name":"O nas - Eneria","isPartOf":{"@id":"https:\/\/eneria.pl\/#website"},"datePublished":"2019-01-15T12:32:59+00:00","dateModified":"2019-10-08T12:39:50+00:00","breadcrumb":{"@id":"https:\/\/eneria.pl\/en\/o-nas\/#breadcrumb"},"inLanguage":"en-US","potentialAction":[{"@type":"ReadAction","target":["https:\/\/eneria.pl\/en\/o-nas\/"]}]},{"@type":"BreadcrumbList","@id":"https:\/\/eneria.pl\/en\/o-nas\/#breadcrumb","itemListElement":[{"@type":"ListItem","position":1,"name":"Home","item":"https:\/\/eneria.pl\/en\/"},{"@type":"ListItem","position":2,"name":"O nas"}]},{"@type":"WebSite","@id":"https:\/\/eneria.pl\/#website","url":"https:\/\/eneria.pl\/","name":"Eneria","description":"Eneria","potentialAction":[{"@type":"SearchAction","target":{"@type":"EntryPoint","urlTemplate":"https:\/\/eneria.pl\/?s={search_term_string}"},"query-input":{"@type":"PropertyValueSpecification","valueRequired":true,"valueName":"search_term_string"}}],"inLanguage":"en-US"}]}},"_links":{"self":[{"href":"https:\/\/eneria.pl\/en\/wp-json\/wp\/v2\/pages\/3938","targetHints":{"allow":["GET"]}}],"collection":[{"href":"https:\/\/eneria.pl\/en\/wp-json\/wp\/v2\/pages"}],"about":[{"href":"https:\/\/eneria.pl\/en\/wp-json\/wp\/v2\/types\/page"}],"author":[{"embeddable":true,"href":"https:\/\/eneria.pl\/en\/wp-json\/wp\/v2\/users\/4"}],"replies":[{"embeddable":true,"href":"https:\/\/eneria.pl\/en\/wp-json\/wp\/v2\/comments?post=3938"}],"version-history":[{"count":6,"href":"https:\/\/eneria.pl\/en\/wp-json\/wp\/v2\/pages\/3938\/revisions"}],"predecessor-version":[{"id":5891,"href":"https:\/\/eneria.pl\/en\/wp-json\/wp\/v2\/pages\/3938\/revisions\/5891"}],"wp:attachment":[{"href":"https:\/\/eneria.pl\/en\/wp-json\/wp\/v2\/media?parent=3938"}],"curies":[{"name":"wp","href":"https:\/\/api.w.org\/{rel}","templated":true}]}}