{"id":11832,"date":"2023-05-31T15:43:04","date_gmt":"2023-05-31T13:43:04","guid":{"rendered":"https:\/\/eneria.pl\/?page_id=11832"},"modified":"2023-05-31T15:43:04","modified_gmt":"2023-05-31T13:43:04","slug":"reman-remanufactured-marine-parts","status":"publish","type":"page","link":"https:\/\/eneria.pl\/en\/offer\/marine-solutions\/reman-remanufactured-marine-parts\/","title":{"rendered":"Reman Remanufactured Marine Parts"},"content":{"rendered":"<div class=\"mceContentBody mceFrontEnd default\"><h2>Save with the <strong>CAT REMAN<\/strong> program<\/h2>\n<p><strong>Factory remanufacturing of marine engines and parts in the CAT REMAN program is an ALTERNATIVE to new parts.<\/strong><\/p>\n<table style=\"border-collapse: collapse; width: 100%;\">\n<tbody>\n<tr>\n<td style=\"width: 50%;\"><img loading=\"lazy\" decoding=\"async\" class=\" wp-image-10650 aligncenter\" src=\"https:\/\/eneria.pl\/wp-content\/uploads\/2022\/09\/Reman_transition_-_hi_res-683x1024.jpg\" alt=\"\" width=\"281\" height=\"421\" srcset=\"https:\/\/eneria.pl\/wp-content\/uploads\/2022\/09\/Reman_transition_-_hi_res-683x1024.jpg 683w, https:\/\/eneria.pl\/wp-content\/uploads\/2022\/09\/Reman_transition_-_hi_res-200x300.jpg 200w, https:\/\/eneria.pl\/wp-content\/uploads\/2022\/09\/Reman_transition_-_hi_res-768x1152.jpg 768w, https:\/\/eneria.pl\/wp-content\/uploads\/2022\/09\/Reman_transition_-_hi_res-1024x1536.jpg 1024w, https:\/\/eneria.pl\/wp-content\/uploads\/2022\/09\/Reman_transition_-_hi_res-1365x2048.jpg 1365w, https:\/\/eneria.pl\/wp-content\/uploads\/2022\/09\/Reman_transition_-_hi_res.jpg 1800w\" sizes=\"auto, (max-width: 281px) 100vw, 281px\" \/><\/td>\n<td style=\"width: 50%;\"><img loading=\"lazy\" decoding=\"async\" class=\"alignnone size-full wp-image-10657\" style=\"font-size: 0.8em;\" src=\"https:\/\/eneria.pl\/wp-content\/uploads\/2022\/09\/logo-pieczec.png\" alt=\"\" width=\"280\" height=\"280\" srcset=\"https:\/\/eneria.pl\/wp-content\/uploads\/2022\/09\/logo-pieczec.png 280w, https:\/\/eneria.pl\/wp-content\/uploads\/2022\/09\/logo-pieczec-150x150.png 150w\" sizes=\"auto, (max-width: 280px) 100vw, 280px\" \/><\/td>\n<\/tr>\n<\/tbody>\n<\/table>\n<p>&nbsp;<\/p>\n<p>&nbsp;<\/p>\n<h4><strong>WHAT IS A CAT REMAN?<\/strong><\/h4>\n<p><strong>CAT REMAN is a program to remanufacture engines and parts, and consequently, reduce the operating costs of marine engines.<\/strong><\/p>\n<p><strong>CAT REMAN remanufacturing <\/strong>program allows for restoring worn <strong>engines or parts to factory condition<\/strong>, as well as updating the software for a component to the most recent version.<\/p>\n<p>Each CAT<sup>\u00ae<\/sup> product returned to us is disassembled and remanufactured to work as if it had just left the production line. However, it is offered at a <strong>fraction of the factory price<\/strong>, thanks to <strong>a refundable deposit option<\/strong> <strong>(called Core<\/strong>) for returning a used part or engine.<\/p>\n<p>In addition, every REMAN remanufactured product purchased is covered by our <strong>full manufacturer&#8217;s parts warranty <\/strong>(as for new parts).<\/p>\n<div class=\"flex-video\"><iframe loading=\"lazy\" title=\"CAT REMAN  Cz\u0119\u015bci regenerowane Caterpillar\" width=\"500\" height=\"281\" src=\"https:\/\/www.youtube.com\/embed\/xJI1MTZo2uY?feature=oembed\" frameborder=\"0\" allow=\"accelerometer; autoplay; clipboard-write; encrypted-media; gyroscope; picture-in-picture; web-share\" referrerpolicy=\"strict-origin-when-cross-origin\" allowfullscreen><\/iframe><\/div>\n<p><strong>REMAN REMANUFACTURED PARTS<\/strong><\/p>\n<h2><strong>CHOOSE THE BEST REPAIR OPTION FOR YOUR VESSEL<\/strong><\/h2>\n<h4><strong>COMPONENTS SUBJECT TO THE REMANUFACTURING PROCESS:<\/strong><\/h4>\n<p><strong>Marine engines, Long and Short blocks <\/strong>in the Reman program will allow your vessel to get back on the water quickly.<\/p>\n<p><strong>Complete marine engine:<\/strong><\/p>\n<p>Engine REMANUFACTURING is carried out using state-of-the-art techniques, advanced manufacturing processes and genuine CAT remanufactured parts to restore a worn engine back to its original quality.<\/p>\n<p><strong>Long block:<\/strong><\/p>\n<p>Remanufacturing covers the short block as well as the cylinder head, camshaft, timing gears, lifters and oil cooler. Many of them are also equipped with an oil pump, water pump and other components.<\/p>\n<p><strong>Short block:<\/strong><\/p>\n<p>It covers remanufacturing of the cylinder block, crankshaft, pistons and connecting rods<\/p>\n<table style=\"border-collapse: collapse; width: 100%;\">\n<tbody>\n<tr>\n<td style=\"width: 50%;\"><img loading=\"lazy\" decoding=\"async\" class=\"alignnone wp-image-10654 \" src=\"https:\/\/eneria.pl\/wp-content\/uploads\/2022\/09\/OHTE_FBPostAd_LongBlock-e1680261799396-1024x1000.jpg\" alt=\"\" width=\"422\" height=\"412\" srcset=\"https:\/\/eneria.pl\/wp-content\/uploads\/2022\/09\/OHTE_FBPostAd_LongBlock-e1680261799396-1024x1000.jpg 1024w, https:\/\/eneria.pl\/wp-content\/uploads\/2022\/09\/OHTE_FBPostAd_LongBlock-e1680261799396-300x293.jpg 300w, https:\/\/eneria.pl\/wp-content\/uploads\/2022\/09\/OHTE_FBPostAd_LongBlock-e1680261799396-768x750.jpg 768w, https:\/\/eneria.pl\/wp-content\/uploads\/2022\/09\/OHTE_FBPostAd_LongBlock-e1680261799396.jpg 1080w\" sizes=\"auto, (max-width: 422px) 100vw, 422px\" \/><\/td>\n<td style=\"width: 50%;\"><a href=\"https:\/\/eneria.pl\/wp-content\/uploads\/2022\/09\/IMG_20150618_100633_.jpg\"><img loading=\"lazy\" decoding=\"async\" class=\"aligncenter wp-image-10659 \" src=\"https:\/\/eneria.pl\/wp-content\/uploads\/2022\/09\/IMG_20150618_100633_-e1663764911968-1024x873.jpg\" alt=\"\" width=\"485\" height=\"413\" \/><\/a><\/td>\n<\/tr>\n<\/tbody>\n<\/table>\n<h4><strong>YOUR BENEFITS<\/strong><\/h4>\n<ol>\n<li><span style=\"font-size: 12pt;\">Engines and parts are restored to original performance and quality at a fraction of the cost to maximise equipment efficiency and reduce operating costs.<\/span><\/li>\n<li><span style=\"font-size: 12pt;\">Remanufactured components are available off-the-shelf, at affordable prices and with extended warranty protection.<\/span><\/li>\n<li><span style=\"font-size: 12pt;\">Sustainability, by reducing waste and greenhouse gas emissions into the atmosphere, and minimizing the need for raw materials to produce new parts and components.<\/span><\/li>\n<\/ol>\n<p><strong>\u00a0<\/strong><\/p>\n<h4><strong>HOW IT WORKS?\u00a0<\/strong><\/h4>\n<div class=\"reman\">\n\t\t\t\t<div class=\"reman__top\">\n\t\t\t\t\t<img decoding=\"async\" src=\"https:\/\/eneria.pl\/wp-content\/themes\/eneria\/assets\/images\/cat-reman.jpg\" alt=\"cat reman\">\n\t\t\t\t\t<p class=\"reman__top-desc\"><strong>Program polega na wymianie zu\u017cytych cz\u0119\u015bci\/silnika (tzw. KOMPONENT\u00d3W) na regenerowane (tzw. REMAN) za cen\u0119 ni\u017csz\u0105 od ceny cz\u0119\u015bci nowej (katalogowej). Cena za cz\u0119\u015b\u0107 REMAN sk\u0142ada si\u0119 z ceny bazowej i warto\u015bci kaucji zwrotnej za komponent zwracany (tzw. cena CORE)*.<\/strong><\/p>\n\t\t\t\t<\/div>\n\t\t\t\t<div class=\"reman__table\">\n\t\t\t\t\t<img decoding=\"async\" src=\"https:\/\/eneria.pl\/wp-content\/themes\/eneria\/assets\/images\/swieca.png\" alt=\"cat reman swieca\">\n\t\t\t\t\t<div class=\"reman__table-item\">\n\t\t\t\t\t\t<div class=\"number\">\n\t\t\t\t\t\t\t<span>1<\/span>\n\t\t\t\t\t\t\t<svg width=\"4\" height=\"164\" viewBox=\"0 0 4 164\" fill=\"none\" xmlns=\"http:\/\/www.w3.org\/2000\/svg\">\n\t\t\t\t\t\t\t\t<rect x=\"3\" y=\"0.5\" width=\"1\" height=\"120.87\" fill=\"black\"\/>\n\t\t\t\t\t\t\t\t<rect y=\"65.5\" width=\"1\" height=\"98\" fill=\"black\"\/>\n\t\t\t\t\t\t\t<\/svg>\n\t\t\t\t\t\t<\/div>\n\t\t\t\t\t\t<div class=\"content\">\n\t\t\t\t\t\t\t<p class=\"subtitle\">KOMPONENT REMAN - JAK NOWY<\/p>\n\t\t\t\t\t\t\t<h2 class=\"title\">\n\t\t\t\t\t\t\t\t<span class=\"front\">ZWROT CORE<\/span>\n\t\t\t\t\t\t\t\t<span class=\"back\">ZWROT CORE<\/span>\n\t\t\t\t\t\t\t<\/h2>\n\t\t\t\t\t\t\t<p class=\"description\">Kiedy CORE (komponent) jest zwracany, przechodzi przez seri\u0119 inspekcji. Co do zasady zesp\u00f3\u0142 CAT akceptuje w pe\u0142ni zmontowane komponenty - o ile nie nosz\u0105 \u015blad\u00f3w niew\u0142a\u015bciwego u\u017cytkowania, korozji, p\u0119kni\u0119\u0107, uszkodze\u0144 mechanicznych lub w\u017cer\u00f3w.<\/p>\n\t\t\t\t\t\t<\/div>\n\t\t\t\t\t<\/div>\n\t\t\t\t\t<div class=\"reman__table-item\">\n\t\t\t\t\t\t<div class=\"number\">\n\t\t\t\t\t\t\t<span>2<\/span>\n\t\t\t\t\t\t\t<svg width=\"4\" height=\"164\" viewBox=\"0 0 4 164\" fill=\"none\" xmlns=\"http:\/\/www.w3.org\/2000\/svg\">\n\t\t\t\t\t\t\t\t<rect x=\"3\" y=\"0.5\" width=\"1\" height=\"120.87\" fill=\"black\"\/>\n\t\t\t\t\t\t\t\t<rect y=\"65.5\" width=\"1\" height=\"98\" fill=\"black\"\/>\n\t\t\t\t\t\t\t<\/svg>\n\t\t\t\t\t\t<\/div>\n\t\t\t\t\t\t<div class=\"content\">\n\t\t\t\t\t\t\t<p class=\"subtitle\">5. STOPNIOWY PROCES CZYSZCZENIA CZ\u0118\u015aCI<\/p>\n\t\t\t\t\t\t\t<h2 class=\"title\">\n\t\t\t\t\t\t\t\t<span class=\"front\">REGENERACJA KOMPONENTU<\/span>\n\t\t\t\t\t\t\t\t<span class=\"back\">REGENERACJA KOMPONENTU<\/span>\n\t\t\t\t\t\t\t<\/h2>\n\t\t\t\t\t\t\t<p class=\"description\">Po kontroli, CORE przechodzi przez proces regeneracji w fabryce CARERPILLAR. Komponent poddawany jest demonta\u017cowi, szczeg\u00f3\u0142owej analizie i przywr\u00f3ceniu sprawno\u015bci do stanu \"jak nowy\" (Upgrade to New) oraz testom.<\/p>\n\t\t\t\t\t\t<\/div>\n\t\t\t\t\t<\/div>\n\t\t\t\t\t<div class=\"reman__table-item\">\n\t\t\t\t\t\t<div class=\"number\">\n\t\t\t\t\t\t\t<span>3<\/span>\n\t\t\t\t\t\t\t<svg width=\"4\" height=\"164\" viewBox=\"0 0 4 164\" fill=\"none\" xmlns=\"http:\/\/www.w3.org\/2000\/svg\">\n\t\t\t\t\t\t\t\t<rect x=\"3\" y=\"0.5\" width=\"1\" height=\"120.87\" fill=\"black\"\/>\n\t\t\t\t\t\t\t\t<rect y=\"65.5\" width=\"1\" height=\"98\" fill=\"black\"\/>\n\t\t\t\t\t\t\t<\/svg>\n\t\t\t\t\t\t<\/div>\n\t\t\t\t\t\t<div class=\"content\">\n\t\t\t\t\t\t\t<p class=\"subtitle\">KOMPONENTY REMAN IDEALNIE PASUJ\u0104 DO WSZYSTKICH URZ\u0104DZE\u0143 MARKI CAT<\/p>\n\t\t\t\t\t\t\t<h2 class=\"title\">\n\t\t\t\t\t\t\t\t<span class=\"front\">MONTOWANIE KOMPONENTU<\/span>\n\t\t\t\t\t\t\t\t<span class=\"back\">MONTOWANIE KOMPONENTU<\/span>\n\t\t\t\t\t\t\t<\/h2>\n\t\t\t\t\t\t\t<p class=\"description\">Nast\u0119pnie CORE jest ponownie sk\u0142adany i sprawdzany w celu zapewnienia najwy\u017cszej jako\u015bci (zgodnie z najnowszymi specyfikacjami, normami emisji spalin i ulepszeniami technicznymi odpowiadaj\u0105cymi jako\u015bci nowych komponent\u00f3w. Niezale\u017cnie od tego, czy chodzi o uk\u0142ad nap\u0119dowy czy elektronik\u0119, - komponenty CAT REMAN s\u0105 idealnie dopasowane do wszystkich urz\u0105dze\u0144 CAT.<\/p>\n\t\t\t\t\t\t<\/div>\n\t\t\t\t\t<\/div>\n\t\t\t\t\t<div class=\"reman__table-item\">\n\t\t\t\t\t\t<div class=\"number\">\n\t\t\t\t\t\t\t<span>4<\/span>\n\t\t\t\t\t\t\t<svg width=\"4\" height=\"164\" viewBox=\"0 0 4 164\" fill=\"none\" xmlns=\"http:\/\/www.w3.org\/2000\/svg\">\n\t\t\t\t\t\t\t\t<rect x=\"3\" y=\"0.5\" width=\"1\" height=\"120.87\" fill=\"black\"\/>\n\t\t\t\t\t\t\t\t<rect y=\"65.5\" width=\"1\" height=\"98\" fill=\"black\"\/>\n\t\t\t\t\t\t\t<\/svg>\n\t\t\t\t\t\t<\/div>\n\t\t\t\t\t\t<div class=\"content\">\n\t\t\t\t\t\t\t<p class=\"subtitle\">12 MIESI\u0118CY GWARANCJI CARERPILLAR<\/p>\n\t\t\t\t\t\t\t<h2 class=\"title\">\n\t\t\t\t\t\t\t\t<span class=\"front\">WSPARCIE PRODUKTU<\/span>\n\t\t\t\t\t\t\t\t<span class=\"back\">WSPARCIE PRODUKTU<\/span>\n\t\t\t\t\t\t\t<\/h2>\n\t\t\t\t\t\t\t<p class=\"description\">Ka\u017cdy sk\u0142adnik CAT REMAN otrzymuje 12-miesi\u0119czn\u0105 gwarancj\u0119 na cz\u0119\u015bci Caterpillar, kt\u00f3ra obejmuje us\u0142ugi, prace serwisowe i nieprzewidziane uszkodzenia.<\/p>\n\t\t\t\t\t\t<\/div>\n\t\t\t\t\t<\/div>\n\t\t\t\t<\/div>\n\t\t\t<\/div>\n<p>To benefit from the CAT REMAN PROGRAM:<\/p>\n<ul>\n<li>Deliver your used part or engine to us and get some or all Core deposit back<\/li>\n<\/ul>\n<p><strong>IMPORTANT!<\/strong> Even if your part is not suitable for remanufacturing, you can purchase a remanufactured part and its price will be lower than the price of a new part. The condition is to return the used CAT part.<\/p>\n<p>&nbsp;<\/p>\n<h4><strong>YOU PURCHASED THE PART, SO WHAT&#8217;S NEXT?<\/strong><\/h4>\n<p>If you have purchased a remanufactured part and wish to send back the old one, please make sure that it is delivered to us no later than 30 working days from the date of the invoice for the remanufactured part.<\/p>\n<p>Return the genuine CAT<sup>\u00ae <\/sup>part complete and assembled, without operating fluids, in the genuine remanufactured part packaging.<\/p>\n<p>Be sure to include a copy of the invoice for the remanufactured part.<\/p>\n<p>Describe the shipment <strong>REMAN RETURN<\/strong><\/p>\n<p>*The entire procedure is described in detail, <a href=\"https:\/\/eneria.pl\/wp-content\/uploads\/2022\/10\/PROCEDURA-ZAKUPU-CZESCI-REGENEROWANYCH-SERWIS_.pdf\">read more.<\/a><\/p>\n<\/div>","protected":false},"excerpt":{"rendered":"<p>Save with the CAT REMAN program Factory remanufacturing of marine engines and parts in the CAT REMAN program is an ALTERNATIVE to new parts. &nbsp; &nbsp; WHAT IS A CAT REMAN? CAT REMAN [&hellip;]<\/p>\n","protected":false},"author":9,"featured_media":0,"parent":4251,"menu_order":0,"comment_status":"closed","ping_status":"closed","template":"","meta":{"_acf_changed":false,"footnotes":""},"class_list":["post-11832","page","type-page","status-publish","hentry"],"acf":[],"yoast_head":"<!-- This site is optimized with the Yoast SEO plugin v26.7 - https:\/\/yoast.com\/wordpress\/plugins\/seo\/ -->\n<title>Reman Remanufactured Marine Parts - Eneria<\/title>\n<meta name=\"robots\" content=\"index, follow, max-snippet:-1, max-image-preview:large, max-video-preview:-1\" \/>\n<link rel=\"canonical\" href=\"https:\/\/eneria.pl\/en\/offer\/marine-solutions\/reman-remanufactured-marine-parts\/\" \/>\n<meta property=\"og:locale\" content=\"en_US\" \/>\n<meta property=\"og:type\" content=\"article\" \/>\n<meta property=\"og:title\" content=\"Reman Remanufactured Marine Parts - Eneria\" \/>\n<meta property=\"og:description\" content=\"Save with the CAT REMAN program Factory remanufacturing of marine engines and parts in the CAT REMAN program is an ALTERNATIVE to new parts. &nbsp; &nbsp; WHAT IS A CAT REMAN? CAT REMAN [&hellip;]\" \/>\n<meta property=\"og:url\" content=\"https:\/\/eneria.pl\/en\/offer\/marine-solutions\/reman-remanufactured-marine-parts\/\" \/>\n<meta property=\"og:site_name\" content=\"Eneria\" \/>\n<meta property=\"og:image\" content=\"https:\/\/eneria.pl\/wp-content\/uploads\/2022\/09\/Reman_transition_-_hi_res-683x1024.jpg\" \/>\n<meta name=\"twitter:card\" content=\"summary_large_image\" \/>\n<meta name=\"twitter:label1\" content=\"Est. reading time\" \/>\n\t<meta name=\"twitter:data1\" content=\"2 minutes\" \/>\n<script type=\"application\/ld+json\" class=\"yoast-schema-graph\">{\"@context\":\"https:\/\/schema.org\",\"@graph\":[{\"@type\":\"WebPage\",\"@id\":\"https:\/\/eneria.pl\/en\/offer\/marine-solutions\/reman-remanufactured-marine-parts\/\",\"url\":\"https:\/\/eneria.pl\/en\/offer\/marine-solutions\/reman-remanufactured-marine-parts\/\",\"name\":\"Reman Remanufactured Marine Parts - Eneria\",\"isPartOf\":{\"@id\":\"https:\/\/eneria.pl\/#website\"},\"primaryImageOfPage\":{\"@id\":\"https:\/\/eneria.pl\/en\/offer\/marine-solutions\/reman-remanufactured-marine-parts\/#primaryimage\"},\"image\":{\"@id\":\"https:\/\/eneria.pl\/en\/offer\/marine-solutions\/reman-remanufactured-marine-parts\/#primaryimage\"},\"thumbnailUrl\":\"https:\/\/eneria.pl\/wp-content\/uploads\/2022\/09\/Reman_transition_-_hi_res-683x1024.jpg\",\"datePublished\":\"2023-05-31T13:43:04+00:00\",\"breadcrumb\":{\"@id\":\"https:\/\/eneria.pl\/en\/offer\/marine-solutions\/reman-remanufactured-marine-parts\/#breadcrumb\"},\"inLanguage\":\"en-US\",\"potentialAction\":[{\"@type\":\"ReadAction\",\"target\":[\"https:\/\/eneria.pl\/en\/offer\/marine-solutions\/reman-remanufactured-marine-parts\/\"]}]},{\"@type\":\"ImageObject\",\"inLanguage\":\"en-US\",\"@id\":\"https:\/\/eneria.pl\/en\/offer\/marine-solutions\/reman-remanufactured-marine-parts\/#primaryimage\",\"url\":\"https:\/\/eneria.pl\/wp-content\/uploads\/2022\/09\/Reman_transition_-_hi_res-683x1024.jpg\",\"contentUrl\":\"https:\/\/eneria.pl\/wp-content\/uploads\/2022\/09\/Reman_transition_-_hi_res-683x1024.jpg\"},{\"@type\":\"BreadcrumbList\",\"@id\":\"https:\/\/eneria.pl\/en\/offer\/marine-solutions\/reman-remanufactured-marine-parts\/#breadcrumb\",\"itemListElement\":[{\"@type\":\"ListItem\",\"position\":1,\"name\":\"Home\",\"item\":\"https:\/\/eneria.pl\/en\/\"},{\"@type\":\"ListItem\",\"position\":2,\"name\":\"Our offer\",\"item\":\"https:\/\/eneria.pl\/en\/offer\/\"},{\"@type\":\"ListItem\",\"position\":3,\"name\":\"Marine Solutions\",\"item\":\"https:\/\/eneria.pl\/en\/offer\/marine-solutions\/\"},{\"@type\":\"ListItem\",\"position\":4,\"name\":\"Reman Remanufactured Marine Parts\"}]},{\"@type\":\"WebSite\",\"@id\":\"https:\/\/eneria.pl\/#website\",\"url\":\"https:\/\/eneria.pl\/\",\"name\":\"Eneria\",\"description\":\"Eneria\",\"potentialAction\":[{\"@type\":\"SearchAction\",\"target\":{\"@type\":\"EntryPoint\",\"urlTemplate\":\"https:\/\/eneria.pl\/?s={search_term_string}\"},\"query-input\":{\"@type\":\"PropertyValueSpecification\",\"valueRequired\":true,\"valueName\":\"search_term_string\"}}],\"inLanguage\":\"en-US\"}]}<\/script>\n<!-- \/ Yoast SEO plugin. -->","yoast_head_json":{"title":"Reman Remanufactured Marine Parts - Eneria","robots":{"index":"index","follow":"follow","max-snippet":"max-snippet:-1","max-image-preview":"max-image-preview:large","max-video-preview":"max-video-preview:-1"},"canonical":"https:\/\/eneria.pl\/en\/offer\/marine-solutions\/reman-remanufactured-marine-parts\/","og_locale":"en_US","og_type":"article","og_title":"Reman Remanufactured Marine Parts - Eneria","og_description":"Save with the CAT REMAN program Factory remanufacturing of marine engines and parts in the CAT REMAN program is an ALTERNATIVE to new parts. &nbsp; &nbsp; WHAT IS A CAT REMAN? CAT REMAN [&hellip;]","og_url":"https:\/\/eneria.pl\/en\/offer\/marine-solutions\/reman-remanufactured-marine-parts\/","og_site_name":"Eneria","og_image":[{"url":"https:\/\/eneria.pl\/wp-content\/uploads\/2022\/09\/Reman_transition_-_hi_res-683x1024.jpg","type":"","width":"","height":""}],"twitter_card":"summary_large_image","twitter_misc":{"Est. reading time":"2 minutes"},"schema":{"@context":"https:\/\/schema.org","@graph":[{"@type":"WebPage","@id":"https:\/\/eneria.pl\/en\/offer\/marine-solutions\/reman-remanufactured-marine-parts\/","url":"https:\/\/eneria.pl\/en\/offer\/marine-solutions\/reman-remanufactured-marine-parts\/","name":"Reman Remanufactured Marine Parts - Eneria","isPartOf":{"@id":"https:\/\/eneria.pl\/#website"},"primaryImageOfPage":{"@id":"https:\/\/eneria.pl\/en\/offer\/marine-solutions\/reman-remanufactured-marine-parts\/#primaryimage"},"image":{"@id":"https:\/\/eneria.pl\/en\/offer\/marine-solutions\/reman-remanufactured-marine-parts\/#primaryimage"},"thumbnailUrl":"https:\/\/eneria.pl\/wp-content\/uploads\/2022\/09\/Reman_transition_-_hi_res-683x1024.jpg","datePublished":"2023-05-31T13:43:04+00:00","breadcrumb":{"@id":"https:\/\/eneria.pl\/en\/offer\/marine-solutions\/reman-remanufactured-marine-parts\/#breadcrumb"},"inLanguage":"en-US","potentialAction":[{"@type":"ReadAction","target":["https:\/\/eneria.pl\/en\/offer\/marine-solutions\/reman-remanufactured-marine-parts\/"]}]},{"@type":"ImageObject","inLanguage":"en-US","@id":"https:\/\/eneria.pl\/en\/offer\/marine-solutions\/reman-remanufactured-marine-parts\/#primaryimage","url":"https:\/\/eneria.pl\/wp-content\/uploads\/2022\/09\/Reman_transition_-_hi_res-683x1024.jpg","contentUrl":"https:\/\/eneria.pl\/wp-content\/uploads\/2022\/09\/Reman_transition_-_hi_res-683x1024.jpg"},{"@type":"BreadcrumbList","@id":"https:\/\/eneria.pl\/en\/offer\/marine-solutions\/reman-remanufactured-marine-parts\/#breadcrumb","itemListElement":[{"@type":"ListItem","position":1,"name":"Home","item":"https:\/\/eneria.pl\/en\/"},{"@type":"ListItem","position":2,"name":"Our offer","item":"https:\/\/eneria.pl\/en\/offer\/"},{"@type":"ListItem","position":3,"name":"Marine Solutions","item":"https:\/\/eneria.pl\/en\/offer\/marine-solutions\/"},{"@type":"ListItem","position":4,"name":"Reman Remanufactured Marine Parts"}]},{"@type":"WebSite","@id":"https:\/\/eneria.pl\/#website","url":"https:\/\/eneria.pl\/","name":"Eneria","description":"Eneria","potentialAction":[{"@type":"SearchAction","target":{"@type":"EntryPoint","urlTemplate":"https:\/\/eneria.pl\/?s={search_term_string}"},"query-input":{"@type":"PropertyValueSpecification","valueRequired":true,"valueName":"search_term_string"}}],"inLanguage":"en-US"}]}},"_links":{"self":[{"href":"https:\/\/eneria.pl\/en\/wp-json\/wp\/v2\/pages\/11832","targetHints":{"allow":["GET"]}}],"collection":[{"href":"https:\/\/eneria.pl\/en\/wp-json\/wp\/v2\/pages"}],"about":[{"href":"https:\/\/eneria.pl\/en\/wp-json\/wp\/v2\/types\/page"}],"author":[{"embeddable":true,"href":"https:\/\/eneria.pl\/en\/wp-json\/wp\/v2\/users\/9"}],"replies":[{"embeddable":true,"href":"https:\/\/eneria.pl\/en\/wp-json\/wp\/v2\/comments?post=11832"}],"version-history":[{"count":1,"href":"https:\/\/eneria.pl\/en\/wp-json\/wp\/v2\/pages\/11832\/revisions"}],"predecessor-version":[{"id":11833,"href":"https:\/\/eneria.pl\/en\/wp-json\/wp\/v2\/pages\/11832\/revisions\/11833"}],"up":[{"embeddable":true,"href":"https:\/\/eneria.pl\/en\/wp-json\/wp\/v2\/pages\/4251"}],"wp:attachment":[{"href":"https:\/\/eneria.pl\/en\/wp-json\/wp\/v2\/media?parent=11832"}],"curies":[{"name":"wp","href":"https:\/\/api.w.org\/{rel}","templated":true}]}}